{"id":6903,"date":"2018-04-26T16:13:49","date_gmt":"2018-04-26T15:13:49","guid":{"rendered":"https:\/\/www.storlann.co.uk\/an-darna-cogadh\/dachaigh-copy\/"},"modified":"2020-11-05T09:39:15","modified_gmt":"2020-11-05T09:39:15","slug":"leabhraichean","status":"publish","type":"page","link":"https:\/\/www.storlann.co.uk\/an-darna-cogadh\/leabhraichean\/","title":{"rendered":"Leabhraichean"},"content":{"rendered":"<!--themify_builder_content-->\n<div id=\"themify_builder_content-6903\" data-postid=\"6903\" class=\"themify_builder_content themify_builder_content-6903 themify_builder tf_clear\">\n                    <div  data-lazy=\"1\" class=\"module_row themify_builder_row tb_zjjq822 tb_first tf_w\">\n            <span  class=\"builder_row_cover tf_abs\" data-lazy=\"1\"><\/span>            <div class=\"row_inner col_align_top tb_col_count_1 tf_box tf_rel\">\n                        <div  data-lazy=\"1\" class=\"module_column tb-column col-full tb_iaiw302 first\">\n                    <!-- module text -->\n<div  class=\"module module-text tb_dtkm087  repeat \" data-lazy=\"1\">\n        <div  class=\"tb_text_wrap\">\n        <h1>Leabhraichean<\/h1>\n<p>Gheibhear an cois seo copaidhean de ghoireasan a chuireas taic ri obair pr\u00f2iseact an D\u00e0rna Cogaidh.\u00a0\u00a0Tha na leabhraichean air am meas freagarrach do chlasaichean 4-7.<\/p>\n<p>Seallaidh\u00a0an\u00a0ceangal\u00a0a\u00a0tha\u00a0eadar\u00a0an\u00a0d\u00e0\u00a0leabhar\u00a0dha na\u00a0sgoilearan\u00a0\u00a0a\u2019\u00a0bhuaidh\u00a0a\u00a0bh\u2019\u00a0aig\u00a0a\u2019\u00a0chogadh\u00a0air\u00a0aon\u00a0teaghlach.<\/p>    <\/div>\n<\/div>\n<!-- \/module text -->        <div  data-lazy=\"1\" class=\"module_subrow themify_builder_sub_row tf_w col_align_top tb_col_count_1 tb_d668000\">\n                <div  data-lazy=\"1\" class=\"module_column sub_column col-full tb_btdh000 first\">\n                            <\/div>\n                    <\/div>\n                <div  data-lazy=\"1\" class=\"module_subrow themify_builder_sub_row tf_w col_align_top tb_col_count_3 tb_zejn028\">\n                <div  data-lazy=\"1\" class=\"module_column sub_column col3-1 tb_8h7c802 first\">\n                    <!-- module image -->\n<div  class=\"module module-image tb_2qkm101 image-top drop-shadow  tf_mw wow\" data-tf-animation=\"fadeInLeft\" data-lazy=\"1\">\n        <div class=\"image-wrap tf_rel tf_mw\">\n            <img loading=\"lazy\" decoding=\"async\" width=\"682\" height=\"967\" src=\"https:\/\/www.storlann.co.uk\/an-darna-cogadh\/wp-content\/uploads\/2018\/05\/dochas-an-t-samhraidh.jpg\" class=\"wp-post-image wp-image-7604\" title=\"dochas-an-t-samhraidh\" alt=\"D\u00f2chas an t-Samhraidh\" srcset=\"https:\/\/www.storlann.co.uk\/an-darna-cogadh\/wp-content\/uploads\/2018\/05\/dochas-an-t-samhraidh.jpg 682w, https:\/\/www.storlann.co.uk\/an-darna-cogadh\/wp-content\/uploads\/2018\/05\/dochas-an-t-samhraidh-212x300.jpg 212w\" sizes=\"auto, (max-width: 682px) 100vw, 682px\" \/>    \n        <\/div>\n    <!-- \/image-wrap -->\n    \n        <\/div>\n<!-- \/module image --><!-- module text -->\n<div  class=\"module module-text tb_pdqn022 adc-shadow adc-leabhraichean repeat  wow\" data-tf-animation=\"fadeInLeft\" data-lazy=\"1\">\n        <div  class=\"tb_text_wrap\">\n        <h2>D\u00f2chas an t-Samhraidh\u00a0<\/h2><p>Tha <em>D\u00f2chas an t-Samhraidh<\/em> st\u00e8idhte air a\u2019 ch\u00e0irdeas a tha a\u2019 f\u00e0s eadar d\u00e0 cho-ogha \u2019s uamhasan a\u2019 chogaidh air an dithis a thoirt c\u00f2mhla air eilean beag, s\u00e0mhach.<\/p><div class='w3eden wpdm_packages_shortcode'>\n    <div class=''>\n\n        \n        <div id=\"content_wpdm_package_1\">\n            <div class='row'><div class='col-lg-12 col-md-6 col-6'><div class=\"media well\">\n    <a class=\"mr-2 img-48\" href=\"https:\/\/www.storlann.co.uk\/an-darna-cogadh\/download\/dochas-an-t-samhraidh-blooms-freagairtean\/?wpdmdl=7847&refresh=69d7810bb8fa41775730955\">\n        <img decoding=\"async\" class=\"wpdm_icon\" alt=\"Icon\"   src=\"https:\/\/www.storlann.co.uk\/an-darna-cogadh\/wp-content\/plugins\/download-manager\/assets\/file-type-icons\/docx.png\" \/>\n    <\/a>\n    <div class=\"media-body\">\n        <a href=\"https:\/\/www.storlann.co.uk\/an-darna-cogadh\/download\/dochas-an-t-samhraidh-blooms-freagairtean\/?wpdmdl=7847&refresh=69d7810bb8fa41775730955\" >Dochas an t-Samhraidh - Blooms - Freagairtean<\/a>\n        <div class=\"dl-link\">\n            <i class=\"fas fa-file color-green\"><\/i> 851.00 KB <i class=\"fa fa-file-download ml-3 color-brown\"><\/i>\n            2067  downloads\n        <\/div>\n    <\/div>\n<\/div>\n\n<\/div><div class='col-lg-12 col-md-6 col-6'><div class=\"media well\">\n    <a class=\"mr-2 img-48\" href=\"https:\/\/www.storlann.co.uk\/an-darna-cogadh\/download\/dochas-an-t-samhraidh-blooms\/?wpdmdl=7845&refresh=69d7810bc57dc1775730955\">\n        <img decoding=\"async\" class=\"wpdm_icon\" alt=\"Icon\"   src=\"https:\/\/www.storlann.co.uk\/an-darna-cogadh\/wp-content\/plugins\/download-manager\/assets\/file-type-icons\/docx.png\" \/>\n    <\/a>\n    <div class=\"media-body\">\n        <a href=\"https:\/\/www.storlann.co.uk\/an-darna-cogadh\/download\/dochas-an-t-samhraidh-blooms\/?wpdmdl=7845&refresh=69d7810bc57dc1775730955\" >Dochas an t-Samhraidh - Blooms<\/a>\n        <div class=\"dl-link\">\n            <i class=\"fas fa-file color-green\"><\/i> 933.00 KB <i class=\"fa fa-file-download ml-3 color-brown\"><\/i>\n            2088  downloads\n        <\/div>\n    <\/div>\n<\/div>\n\n<\/div><div class='col-lg-12 col-md-6 col-6'><div class=\"media well\">\n    <a class=\"mr-2 img-48\" href=\"https:\/\/www.storlann.co.uk\/an-darna-cogadh\/download\/dochas-an-t-samhraidh\/?wpdmdl=7017&refresh=69d7810bce49a1775730955\">\n        <img decoding=\"async\" class=\"wpdm_icon\" alt=\"Icon\"   src=\"https:\/\/www.storlann.co.uk\/an-darna-cogadh\/wp-content\/plugins\/download-manager\/assets\/file-type-icons\/pdf.png\" \/>\n    <\/a>\n    <div class=\"media-body\">\n        <a href=\"https:\/\/www.storlann.co.uk\/an-darna-cogadh\/download\/dochas-an-t-samhraidh\/?wpdmdl=7017&refresh=69d7810bce49a1775730955\" >D\u00f2chas an t-S\u00e0mhraidh<\/a>\n        <div class=\"dl-link\">\n            <i class=\"fas fa-file color-green\"><\/i> 11.90 MB <i class=\"fa fa-file-download ml-3 color-brown\"><\/i>\n            2867  downloads\n        <\/div>\n    <\/div>\n<\/div>\n\n<\/div><\/div>            <div style='clear:both'><\/div><div class='text-center'><ul class='pagination wpdm-pagination pagination-centered text-center'><\/ul><\/div><div style='clear:both'><\/div>        <\/div>\n\n        <div style='clear:both'><\/div>\n    <\/div>\n<\/div>\n    <\/div>\n<\/div>\n<!-- \/module text -->        <\/div>\n                    <div  data-lazy=\"1\" class=\"module_column sub_column col3-1 tb_x67x065\">\n                    <!-- module image -->\n<div  class=\"module module-image tb_ggno520 image-top drop-shadow  tf_mw wow\" data-tf-animation=\"fadeInUp\" data-lazy=\"1\">\n        <div class=\"image-wrap tf_rel tf_mw\">\n            <img loading=\"lazy\" decoding=\"async\" width=\"682\" height=\"967\" src=\"https:\/\/www.storlann.co.uk\/an-darna-cogadh\/wp-content\/uploads\/2018\/05\/leabhar-latha-chaluim.jpg\" class=\"wp-post-image wp-image-7606\" title=\"leabhar-latha-chaluim\" alt=\"Leabhar-Latha Chaluim\" srcset=\"https:\/\/www.storlann.co.uk\/an-darna-cogadh\/wp-content\/uploads\/2018\/05\/leabhar-latha-chaluim.jpg 682w, https:\/\/www.storlann.co.uk\/an-darna-cogadh\/wp-content\/uploads\/2018\/05\/leabhar-latha-chaluim-212x300.jpg 212w\" sizes=\"auto, (max-width: 682px) 100vw, 682px\" \/>    \n        <\/div>\n    <!-- \/image-wrap -->\n    \n        <\/div>\n<!-- \/module image --><!-- module text -->\n<div  class=\"module module-text tb_tpt6020 adc-shadow adc-leabhraichean repeat  wow\" data-tf-animation=\"fadeInUp\" data-lazy=\"1\">\n        <div  class=\"tb_text_wrap\">\n        <h2>Leabhar-latha Chaluim<\/h2><p>Tha <em>Leabhar-latha Chaluim<\/em> ag innse mun \u00e0m a theich dithis shaighdearan bho na feachdan Gearm ailteach an d\u00e8idh dhaibh a bhith air an cur an gr\u00e8im ann an Saint Valery En Caux.\u00a0 Sgeulachd phearsanta a tha a\u2019 toirt sealladh air na cothroman a ghabh iad agus na cunnartan a th\u00e0inig nan l\u00f9ib \u2019s iad a\u2019 d\u00e8anamh air an dachaigh.<\/p><div class='w3eden wpdm_package_shortcode'><div class=\"media well\">\n    <a class=\"mr-2 img-48\" href=\"https:\/\/www.storlann.co.uk\/an-darna-cogadh\/download\/leabhar-latha-chaluim\/?wpdmdl=7618&refresh=69d7810bd87f11775730955\">\n        <img decoding=\"async\" class=\"wpdm_icon\" alt=\"Icon\"   src=\"https:\/\/www.storlann.co.uk\/an-darna-cogadh\/wp-content\/plugins\/download-manager\/assets\/file-type-icons\/pdf.png\" \/>\n    <\/a>\n    <div class=\"media-body\">\n        <a href=\"https:\/\/www.storlann.co.uk\/an-darna-cogadh\/download\/leabhar-latha-chaluim\/?wpdmdl=7618&refresh=69d7810bd87f11775730955\" >Leabhar-latha Chaluim<\/a>\n        <div class=\"dl-link\">\n            <i class=\"fas fa-file color-green\"><\/i> 4.08 MB <i class=\"fa fa-file-download ml-3 color-brown\"><\/i>\n            2702  downloads\n        <\/div>\n    <\/div>\n<\/div>\n\n<\/div>    <\/div>\n<\/div>\n<!-- \/module text -->        <\/div>\n                    <div  data-lazy=\"1\" class=\"module_column sub_column col3-1 tb_y9sc080 last\">\n                    <!-- module image -->\n<div  class=\"module module-image tb_pfle000 image-center drop-shadow  tf_mw wow\" data-tf-animation=\"fadeInRight\" data-lazy=\"1\">\n        <div class=\"image-wrap tf_rel tf_mw\">\n            <img loading=\"lazy\" decoding=\"async\" width=\"682\" height=\"967\" src=\"https:\/\/www.storlann.co.uk\/an-darna-cogadh\/wp-content\/uploads\/2018\/05\/fogarrach-an-darna-cogaidh.jpg\" class=\"wp-post-image wp-image-7605\" title=\"fogarrach-an-darna-cogaidh\" alt=\"Beatha l\u00e0itheil - F\u00f2garrach an D\u00e0rna Cogaidh\" srcset=\"https:\/\/www.storlann.co.uk\/an-darna-cogadh\/wp-content\/uploads\/2018\/05\/fogarrach-an-darna-cogaidh.jpg 682w, https:\/\/www.storlann.co.uk\/an-darna-cogadh\/wp-content\/uploads\/2018\/05\/fogarrach-an-darna-cogaidh-212x300.jpg 212w\" sizes=\"auto, (max-width: 682px) 100vw, 682px\" \/>    \n        <\/div>\n    <!-- \/image-wrap -->\n    \n        <\/div>\n<!-- \/module image --><!-- module text -->\n<div  class=\"module module-text tb_1k0g602 adc-shadow adc-leabhraichean repeat  wow\" data-tf-animation=\"fadeInRight\" data-lazy=\"1\">\n        <div  class=\"tb_text_wrap\">\n        <h2>F\u00f2garrach<\/h2><p>Bheir <em>Beatha L\u00e0itheil F\u00f2garrach an D\u00e0rna Cogaidh <\/em>beachd air c\u00f2 ris a bha e coltach do chloinn nam m\u00f2r-bhailtean an dachaighean fh\u00e0gail gus faighinn air falbh bho chunnart bhomaichean nan Gearmailteaich.\u00a0 Beatha \u00f9r air an d\u00f9thaich a bha na dh\u00f9bhlan m\u00f2r do chuid.\u00a0<\/p><div class='w3eden wpdm_package_shortcode'><div class=\"media well\">\n    <a class=\"mr-2 img-48\" href=\"https:\/\/www.storlann.co.uk\/an-darna-cogadh\/download\/fogarrach-an-darna-cogaidh\/?wpdmdl=7006&refresh=69d7810bea5ee1775730955\">\n        <img decoding=\"async\" class=\"wpdm_icon\" alt=\"Icon\"   src=\"https:\/\/www.storlann.co.uk\/an-darna-cogadh\/wp-content\/plugins\/download-manager\/assets\/file-type-icons\/pdf.png\" \/>\n    <\/a>\n    <div class=\"media-body\">\n        <a href=\"https:\/\/www.storlann.co.uk\/an-darna-cogadh\/download\/fogarrach-an-darna-cogaidh\/?wpdmdl=7006&refresh=69d7810bea5ee1775730955\" >F\u00f2garrach an D\u00e0rna Cogaidh<\/a>\n        <div class=\"dl-link\">\n            <i class=\"fas fa-file color-green\"><\/i> 3.41 MB <i class=\"fa fa-file-download ml-3 color-brown\"><\/i>\n            4405  downloads\n        <\/div>\n    <\/div>\n<\/div>\n\n<\/div>    <\/div>\n<\/div>\n<!-- \/module text -->        <\/div>\n                    <\/div>\n                <div  data-lazy=\"1\" class=\"module_subrow themify_builder_sub_row tf_w col_align_top tb_col_count_1 tb_ax1l626\">\n                <div  data-lazy=\"1\" class=\"module_column sub_column col-full tb_myek182 first\">\n                    <!-- module text -->\n<div  class=\"module module-text tb_6pft704  repeat \" data-lazy=\"1\">\n        <div  class=\"tb_text_wrap\">\n        <p>Tha sinn gu m\u00f2r an d\u00f2chas gun c\u00f2rd na goireasan \u00f9r ri na sgoilearan agaibh agus gum brosnaich iad clann gu bhith a\u2019 leughadh theacsaichean ficsean agus neo-fhicsean mu chuspair eachdraidheil.<\/p><p>Tha St\u00f2rlann a\u2019 cur f\u00e0ilte air beachdan bho luchd-teagaisg agus sgoilearan. Cuiribh thugainn ur beachdan air na leabhraichean \u00f9ra seo air <u><a href=\"mailto:oifis@storlann.co.uk\">oifis@storlann.co.uk<\/a><\/u> no air 01851 700 880.<\/p>    <\/div>\n<\/div>\n<!-- \/module text --><!-- module image -->\n<div  class=\"module module-image tb_7ore720 image-center   tf_mw\" data-lazy=\"1\">\n        <div class=\"image-wrap tf_rel tf_mw\">\n            <img loading=\"lazy\" decoding=\"async\" width=\"953\" height=\"525\" src=\"https:\/\/www.storlann.co.uk\/an-darna-cogadh\/wp-content\/uploads\/2018\/05\/EVAC-cod-liver-oil2.png\" class=\"wp-post-image wp-image-7204\" title=\"EVAC cod liver oil2\" alt=\"EVAC cod liver oil2\" srcset=\"https:\/\/www.storlann.co.uk\/an-darna-cogadh\/wp-content\/uploads\/2018\/05\/EVAC-cod-liver-oil2.png 953w, https:\/\/www.storlann.co.uk\/an-darna-cogadh\/wp-content\/uploads\/2018\/05\/EVAC-cod-liver-oil2-300x165.png 300w, https:\/\/www.storlann.co.uk\/an-darna-cogadh\/wp-content\/uploads\/2018\/05\/EVAC-cod-liver-oil2-768x423.png 768w\" sizes=\"auto, (max-width: 953px) 100vw, 953px\" \/>    \n        <\/div>\n    <!-- \/image-wrap -->\n    \n        <\/div>\n<!-- \/module image -->        <\/div>\n                    <\/div>\n                <\/div>\n                        <\/div>\n        <\/div>\n        <\/div>\n<!--\/themify_builder_content-->","protected":false},"excerpt":{"rendered":"<p>Leabhraichean Gheibhear an cois seo copaidhean de ghoireasan a chuireas taic ri obair pr\u00f2iseact an D\u00e0rna Cogaidh.\u00a0\u00a0Tha na leabhraichean air am meas freagarrach do chlasaichean 4-7. Seallaidh\u00a0an\u00a0ceangal\u00a0a\u00a0tha\u00a0eadar\u00a0an\u00a0d\u00e0\u00a0leabhar\u00a0dha na\u00a0sgoilearan\u00a0\u00a0a\u2019\u00a0bhuaidh\u00a0a\u00a0bh\u2019\u00a0aig\u00a0a\u2019\u00a0chogadh\u00a0air\u00a0aon\u00a0teaghlach. D\u00f2chas an t-Samhraidh\u00a0 Tha D\u00f2chas an t-Samhraidh st\u00e8idhte air a\u2019 ch\u00e0irdeas a tha a\u2019 f\u00e0s eadar d\u00e0 cho-ogha \u2019s uamhasan a\u2019 chogaidh air an dithis a thoirt [&hellip;]<\/p>\n","protected":false},"author":1,"featured_media":0,"parent":0,"menu_order":0,"comment_status":"closed","ping_status":"closed","template":"","meta":{"footnotes":""},"class_list":["post-6903","page","type-page","status-publish","hentry","has-post-title","has-post-date","has-post-category","has-post-tag","has-post-comment","has-post-author",""],"builder_content":"<h1>Leabhraichean<\/h1> <p>Gheibhear an cois seo copaidhean de ghoireasan a chuireas taic ri obair pr\u00f2iseact an D\u00e0rna Cogaidh.\u00a0\u00a0Tha na leabhraichean air am meas freagarrach do chlasaichean 4-7.<\/p> <p>Seallaidh\u00a0an\u00a0ceangal\u00a0a\u00a0tha\u00a0eadar\u00a0an\u00a0d\u00e0\u00a0leabhar\u00a0dha na\u00a0sgoilearan\u00a0\u00a0a\u2019\u00a0bhuaidh\u00a0a\u00a0bh\u2019\u00a0aig\u00a0a\u2019\u00a0chogadh\u00a0air\u00a0aon\u00a0teaghlach.<\/p>\n<img src=\"https:\/\/www.storlann.co.uk\/an-darna-cogadh\/wp-content\/uploads\/2018\/05\/dochas-an-t-samhraidh.jpg\" title=\"dochas-an-t-samhraidh\" alt=\"D\u00f2chas an t-Samhraidh\" srcset=\"https:\/\/www.storlann.co.uk\/an-darna-cogadh\/wp-content\/uploads\/2018\/05\/dochas-an-t-samhraidh.jpg 682w, https:\/\/www.storlann.co.uk\/an-darna-cogadh\/wp-content\/uploads\/2018\/05\/dochas-an-t-samhraidh-212x300.jpg 212w\" sizes=\"(max-width: 682px) 100vw, 682px\" \/>\n<h2>D\u00f2chas an t-Samhraidh\u00a0<\/h2><p>Tha <em>D\u00f2chas an t-Samhraidh<\/em> st\u00e8idhte air a\u2019 ch\u00e0irdeas a tha a\u2019 f\u00e0s eadar d\u00e0 cho-ogha \u2019s uamhasan a\u2019 chogaidh air an dithis a thoirt c\u00f2mhla air eilean beag, s\u00e0mhach.<\/p><p>[wpdm_category id=\"dochas-an-t-samhraidh,\" cols=\"1\" toolbar=0 item_per_page=10 template=\"57d9508507129\"]<\/p>\n<img src=\"https:\/\/www.storlann.co.uk\/an-darna-cogadh\/wp-content\/uploads\/2018\/05\/leabhar-latha-chaluim.jpg\" title=\"leabhar-latha-chaluim\" alt=\"Leabhar-Latha Chaluim\" srcset=\"https:\/\/www.storlann.co.uk\/an-darna-cogadh\/wp-content\/uploads\/2018\/05\/leabhar-latha-chaluim.jpg 682w, https:\/\/www.storlann.co.uk\/an-darna-cogadh\/wp-content\/uploads\/2018\/05\/leabhar-latha-chaluim-212x300.jpg 212w\" sizes=\"(max-width: 682px) 100vw, 682px\" \/>\n<h2>Leabhar-latha Chaluim<\/h2><p>Tha <em>Leabhar-latha Chaluim<\/em> ag innse mun \u00e0m a theich dithis shaighdearan bho na feachdan Gearm ailteach an d\u00e8idh dhaibh a bhith air an cur an gr\u00e8im ann an Saint Valery En Caux.\u00a0 Sgeulachd phearsanta a tha a\u2019 toirt sealladh air na cothroman a ghabh iad agus na cunnartan a th\u00e0inig nan l\u00f9ib \u2019s iad a\u2019 d\u00e8anamh air an dachaigh.<\/p><p>[wpdm_package id=7618 template=\"57d9508507129\"]<\/p>\n<img src=\"https:\/\/www.storlann.co.uk\/an-darna-cogadh\/wp-content\/uploads\/2018\/05\/fogarrach-an-darna-cogaidh.jpg\" title=\"fogarrach-an-darna-cogaidh\" alt=\"Beatha l\u00e0itheil - F\u00f2garrach an D\u00e0rna Cogaidh\" srcset=\"https:\/\/www.storlann.co.uk\/an-darna-cogadh\/wp-content\/uploads\/2018\/05\/fogarrach-an-darna-cogaidh.jpg 682w, https:\/\/www.storlann.co.uk\/an-darna-cogadh\/wp-content\/uploads\/2018\/05\/fogarrach-an-darna-cogaidh-212x300.jpg 212w\" sizes=\"(max-width: 682px) 100vw, 682px\" \/>\n<h2>F\u00f2garrach<\/h2><p>Bheir <em>Beatha L\u00e0itheil F\u00f2garrach an D\u00e0rna Cogaidh <\/em>beachd air c\u00f2 ris a bha e coltach do chloinn nam m\u00f2r-bhailtean an dachaighean fh\u00e0gail gus faighinn air falbh bho chunnart bhomaichean nan Gearmailteaich.\u00a0 Beatha \u00f9r air an d\u00f9thaich a bha na dh\u00f9bhlan m\u00f2r do chuid.\u00a0<\/p><p>[wpdm_package id=7006 template=\"57d9508507129\"]<\/p>\n<p>Tha sinn gu m\u00f2r an d\u00f2chas gun c\u00f2rd na goireasan \u00f9r ri na sgoilearan agaibh agus gum brosnaich iad clann gu bhith a\u2019 leughadh theacsaichean ficsean agus neo-fhicsean mu chuspair eachdraidheil.<\/p><p>Tha St\u00f2rlann a\u2019 cur f\u00e0ilte air beachdan bho luchd-teagaisg agus sgoilearan. Cuiribh thugainn ur beachdan air na leabhraichean \u00f9ra seo air <u><a href=\"mailto:oifis@storlann.co.uk\">oifis@storlann.co.uk<\/a><\/u> no air 01851 700 880.<\/p>\n<img src=\"https:\/\/www.storlann.co.uk\/an-darna-cogadh\/wp-content\/uploads\/2018\/05\/EVAC-cod-liver-oil2.png\" title=\"EVAC cod liver oil2\" alt=\"EVAC cod liver oil2\" srcset=\"https:\/\/www.storlann.co.uk\/an-darna-cogadh\/wp-content\/uploads\/2018\/05\/EVAC-cod-liver-oil2.png 953w, https:\/\/www.storlann.co.uk\/an-darna-cogadh\/wp-content\/uploads\/2018\/05\/EVAC-cod-liver-oil2-300x165.png 300w, https:\/\/www.storlann.co.uk\/an-darna-cogadh\/wp-content\/uploads\/2018\/05\/EVAC-cod-liver-oil2-768x423.png 768w\" sizes=\"(max-width: 953px) 100vw, 953px\" \/>","_links":{"self":[{"href":"https:\/\/www.storlann.co.uk\/an-darna-cogadh\/wp-json\/wp\/v2\/pages\/6903","targetHints":{"allow":["GET"]}}],"collection":[{"href":"https:\/\/www.storlann.co.uk\/an-darna-cogadh\/wp-json\/wp\/v2\/pages"}],"about":[{"href":"https:\/\/www.storlann.co.uk\/an-darna-cogadh\/wp-json\/wp\/v2\/types\/page"}],"author":[{"embeddable":true,"href":"https:\/\/www.storlann.co.uk\/an-darna-cogadh\/wp-json\/wp\/v2\/users\/1"}],"replies":[{"embeddable":true,"href":"https:\/\/www.storlann.co.uk\/an-darna-cogadh\/wp-json\/wp\/v2\/comments?post=6903"}],"version-history":[{"count":0,"href":"https:\/\/www.storlann.co.uk\/an-darna-cogadh\/wp-json\/wp\/v2\/pages\/6903\/revisions"}],"wp:attachment":[{"href":"https:\/\/www.storlann.co.uk\/an-darna-cogadh\/wp-json\/wp\/v2\/media?parent=6903"}],"curies":[{"name":"wp","href":"https:\/\/api.w.org\/{rel}","templated":true}]}}