{"id":8635,"date":"2023-06-29T09:36:28","date_gmt":"2023-06-29T08:36:28","guid":{"rendered":"https:\/\/www.storlann.co.uk\/an-t-alltan\/home-copy\/"},"modified":"2023-07-06T12:37:28","modified_gmt":"2023-07-06T11:37:28","slug":"general-info","status":"publish","type":"page","link":"https:\/\/www.storlann.co.uk\/an-t-alltan\/en\/general-info\/","title":{"rendered":"General information"},"content":{"rendered":"<!--themify_builder_content-->\n<div id=\"themify_builder_content-8635\" data-postid=\"8635\" class=\"themify_builder_content themify_builder_content-8635 themify_builder tf_clear\">\n                    <div  data-lazy=\"1\" class=\"module_row themify_builder_row tb_r5y6088 tb_first tf_w\">\n                        <div class=\"row_inner col_align_top tb_col_count_1 tf_box tf_rel\">\n                        <div  data-lazy=\"1\" class=\"module_column tb-column col-full tb_livw998 first\">\n                    <!-- module text -->\n<div  class=\"module module-text tb_jgdi808   \" data-lazy=\"1\">\n        <div  class=\"tb_text_wrap\">\n        <h1>Virtual Events<\/h1>    <\/div>\n<\/div>\n<!-- \/module text -->        <\/div>\n                        <\/div>\n        <\/div>\n                        <div  data-lazy=\"1\" class=\"module_row themify_builder_row tb_tkot044 tf_w\">\n                        <div class=\"row_inner col_align_top tb_col_count_1 tf_box tf_rel\">\n                        <div  data-lazy=\"1\" class=\"module_column tb-column col-full tb_sraz690 first\">\n                    <!-- module text -->\n<div  class=\"module module-text tb_6skh240  repeat \" data-lazy=\"1\" id=\"General\">\n        <div  class=\"tb_text_wrap\">\n        <h2 style=\"text-align: center;\">General information<\/h2>    <\/div>\n<\/div>\n<!-- \/module text -->        <\/div>\n                        <\/div>\n        <\/div>\n                        <div  data-lazy=\"1\" class=\"module_row themify_builder_row tb_ghyt559 tf_w\">\n                        <div class=\"row_inner col_align_top tb_col_count_1 tf_box tf_rel\">\n                        <div  data-lazy=\"1\" class=\"module_column tb-column col-full tb_odqj000 first\">\n                            <div  data-lazy=\"1\" class=\"module_subrow themify_builder_sub_row tf_w col_align_top tb_col_count_1 tb_2eyi003\">\n                <div  data-lazy=\"1\" class=\"module_column sub_column col-full tb_66y5300 first\">\n                    <!-- module text -->\n<div  class=\"module module-text tb_t35p809   \" data-lazy=\"1\">\n        <div  class=\"tb_text_wrap\">\n        <h2>Gaelic Medium Education 2.0<\/h2>\n<h3>Tim Armstrong<\/h3>    <\/div>\n<\/div>\n<!-- \/module text -->        <\/div>\n                    <\/div>\n                <div  data-lazy=\"1\" class=\"module_subrow themify_builder_sub_row tf_w col_align_top tb_col_count_3 tb_x0qm066\">\n                <div  data-lazy=\"1\" class=\"module_column sub_column col3-1 tb_jo74334 first\">\n                    <!-- module image -->\n<div  class=\"module module-image tb_r4u8304 image-center   tf_mw\" data-lazy=\"1\">\n        <div class=\"image-wrap tf_rel tf_mw\">\n            <img decoding=\"async\" data-src=\"https:\/\/www.storlann.co.uk\/an-t-alltan\/wp-content\/uploads\/2021\/01\/tim-armstrong-2-150x179.jpg\" width=\"150\" height=\"179\" class=\"wp-post-image wp-image-7834 lazyload\" title=\"tim-armstrong-2\" alt=\"Tim Armstrong\" data-srcset=\"https:\/\/www.storlann.co.uk\/an-t-alltan\/wp-content\/uploads\/2021\/01\/tim-armstrong-2-150x179.jpg 150w, https:\/\/www.storlann.co.uk\/an-t-alltan\/wp-content\/uploads\/2021\/01\/tim-armstrong-2.jpg 163w\" data-sizes=\"(max-width: 150px) 100vw, 150px\" src=\"data:image\/svg+xml;base64,PHN2ZyB3aWR0aD0iMSIgaGVpZ2h0PSIxIiB4bWxucz0iaHR0cDovL3d3dy53My5vcmcvMjAwMC9zdmciPjwvc3ZnPg==\" style=\"--smush-placeholder-width: 150px; --smush-placeholder-aspect-ratio: 150\/179;\" \/>    \n        <\/div>\n    <!-- \/image-wrap -->\n    \n        <\/div>\n<!-- \/module image -->        <\/div>\n                    <div  data-lazy=\"1\" class=\"module_column sub_column col3-1 tb_2yth700\">\n                    <!-- module text -->\n<div  class=\"module module-text tb_nivq809   \" data-lazy=\"1\">\n        <div  class=\"tb_text_wrap\">\n        <h2>Webinar (On demand)<\/h2>    <\/div>\n<\/div>\n<!-- \/module text --><!-- module text -->\n<div  class=\"module module-text tb_w8dw440   \" data-lazy=\"1\">\n        <div  class=\"tb_text_wrap\">\n        <ul>\n<li>Edinburgh School Campaign<\/li>\n<li>How is a minority language school understood?<\/li>\n<li>FMG 2.0<\/li>\n<li>FMG 1.0<\/li>\n<li>Identity<\/li>\n<li>Gaelic identity and education<\/li>\n<li>What is a Gael?<\/li>\n<\/ul>    <\/div>\n<\/div>\n<!-- \/module text -->        <\/div>\n                    <div  data-lazy=\"1\" class=\"module_column sub_column col3-1 tb_39d4694 last\">\n                    <!-- module buttons -->\n<div  class=\"module module-buttons tb_hr29635 buttons-horizontal solid  large buttons-fullwidth\" data-lazy=\"1\">\n        <div class=\"module-buttons-item tf_in_flx\">\n                        <a href=\"https:\/\/storlann.clickmeeting.com\/foghlam-tro-mheadhan-na-gaidhlig-2-0\/register\" class=\"ui builder_button tf_in_flx light-blue\" target=\"_blank\" rel=\"noopener\">\n                                    <em><svg  class=\"tf_fa tf-fas-chalkboard-teacher\" xmlns:xlink=\"http:\/\/www.w3.org\/1999\/xlink\" aria-hidden=\"true\"><use href=\"#tf-fas-chalkboard-teacher\" xlink:href=\"#tf-fas-chalkboard-teacher\"><\/use><\/svg><\/em>                                        Registration                                        <\/a>\n                <\/div>\n            <\/div>\n<!-- \/module buttons -->\n<!-- module buttons -->\n<div  class=\"module module-buttons tb_ti50953 buttons-horizontal solid  large buttons-fullwidth\" data-lazy=\"1\">\n        <div class=\"module-buttons-item tf_in_flx\">\n                        <a href=\"https:\/\/form.jotform.com\/210183551693960\" class=\"ui builder_button tf_in_flx pink\" target=\"_blank\" rel=\"noopener\">\n                                    <em><svg  class=\"tf_fa tf-fab-wpforms\" xmlns:xlink=\"http:\/\/www.w3.org\/1999\/xlink\" aria-hidden=\"true\"><use href=\"#tf-fab-wpforms\" xlink:href=\"#tf-fab-wpforms\"><\/use><\/svg><\/em>                                        Evaluation                                        <\/a>\n                <\/div>\n            <\/div>\n<!-- \/module buttons -->\n        <\/div>\n                    <\/div>\n                <\/div>\n                        <\/div>\n        <\/div>\n                        <div  data-lazy=\"1\" class=\"module_row themify_builder_row tb_nqfw777 tf_w\">\n                        <div class=\"row_inner col_align_top tb_col_count_3 tf_box tf_rel\">\n                        <div  data-lazy=\"1\" class=\"module_column tb-column col3-1 tb_tn0k380 first\">\n                    <!-- module image -->\n<div  class=\"module module-image tb_0shb700 image-center   tf_mw wow\" data-tf-animation=\"fadeInLeft\" data-lazy=\"1\">\n        <div class=\"image-wrap tf_rel tf_mw\">\n            <a href=\"http:\/\/www.gov.scot\" target=\"_blank\" rel=\"noopener\">\n                   <img decoding=\"async\" data-src=\"https:\/\/www.storlann.co.uk\/an-t-alltan\/wp-content\/uploads\/2020\/11\/scottish-government-logo-vector1.svg\" width=\"200\" alt=\"Riaghaltas na h-Alba - Scottish Government\" src=\"data:image\/svg+xml;base64,PHN2ZyB3aWR0aD0iMSIgaGVpZ2h0PSIxIiB4bWxucz0iaHR0cDovL3d3dy53My5vcmcvMjAwMC9zdmciPjwvc3ZnPg==\" class=\"lazyload\">        <\/a>\n    \n        <\/div>\n    <!-- \/image-wrap -->\n    \n        <\/div>\n<!-- \/module image -->        <\/div>\n                    <div  data-lazy=\"1\" class=\"module_column tb-column col3-1 tb_77sp744\">\n                    <!-- module image -->\n<div  class=\"module module-image tb_z331407 image-center   tf_mw wow\" data-tf-animation=\"fadeInUp\" data-lazy=\"1\">\n        <div class=\"image-wrap tf_rel tf_mw\">\n            <a href=\"http:\/\/www.storlann.co.uk\">\n                   <img decoding=\"async\" width=\"394\" height=\"118\" data-src=\"https:\/\/www.storlann.co.uk\/an-t-alltan\/wp-content\/uploads\/2015\/06\/storlann-logo-flat-colour.png\" class=\"wp-post-image wp-image-2402 lazyload\" title=\"storlann-logo-flat-colour\" alt=\"St\u00f2rlann N\u00e0iseanta na G\u00e0idhlig\" data-srcset=\"https:\/\/www.storlann.co.uk\/an-t-alltan\/wp-content\/uploads\/2015\/06\/storlann-logo-flat-colour.png 394w, https:\/\/www.storlann.co.uk\/an-t-alltan\/wp-content\/uploads\/2015\/06\/storlann-logo-flat-colour-300x90.png 300w, https:\/\/www.storlann.co.uk\/an-t-alltan\/wp-content\/uploads\/2015\/06\/storlann-logo-flat-colour-200x60.png 200w, https:\/\/www.storlann.co.uk\/an-t-alltan\/wp-content\/uploads\/2015\/06\/storlann-logo-flat-colour-320x96.png 320w, https:\/\/www.storlann.co.uk\/an-t-alltan\/wp-content\/uploads\/2015\/06\/storlann-logo-flat-colour-250x74.png 250w\" data-sizes=\"(max-width: 394px) 100vw, 394px\" src=\"data:image\/svg+xml;base64,PHN2ZyB3aWR0aD0iMSIgaGVpZ2h0PSIxIiB4bWxucz0iaHR0cDovL3d3dy53My5vcmcvMjAwMC9zdmciPjwvc3ZnPg==\" style=\"--smush-placeholder-width: 394px; --smush-placeholder-aspect-ratio: 394\/118;\" \/>        <\/a>\n    \n        <\/div>\n    <!-- \/image-wrap -->\n    \n        <\/div>\n<!-- \/module image -->        <\/div>\n                    <div  data-lazy=\"1\" class=\"module_column tb-column col3-1 tb_9riu604 last\">\n                    <!-- module image -->\n<div  class=\"module module-image tb_f9o4834 image-center   tf_mw wow\" data-tf-animation=\"fadeInRight\" data-lazy=\"1\">\n        <div class=\"image-wrap tf_rel tf_mw\">\n            <a href=\"http:\/\/www.gaidhlig.org.uk\" target=\"_blank\" rel=\"noopener\">\n                   <img decoding=\"async\" data-src=\"https:\/\/www.storlann.co.uk\/an-t-alltan\/wp-content\/uploads\/2020\/11\/bord-na-gaidhlig-logo-2020-150x62.png\" width=\"150\" height=\"62\" class=\"wp-post-image wp-image-7663 lazyload\" title=\"bord-na-gaidhlig-logo-2020\" alt=\"B\u00f2rd na G\u00e0idhlig Logo\" data-srcset=\"https:\/\/www.storlann.co.uk\/an-t-alltan\/wp-content\/uploads\/2020\/11\/bord-na-gaidhlig-logo-2020-150x62.png 150w, https:\/\/www.storlann.co.uk\/an-t-alltan\/wp-content\/uploads\/2020\/11\/bord-na-gaidhlig-logo-2020-300x126.png 300w, https:\/\/www.storlann.co.uk\/an-t-alltan\/wp-content\/uploads\/2020\/11\/bord-na-gaidhlig-logo-2020.png 362w\" data-sizes=\"(max-width: 150px) 100vw, 150px\" src=\"data:image\/svg+xml;base64,PHN2ZyB3aWR0aD0iMSIgaGVpZ2h0PSIxIiB4bWxucz0iaHR0cDovL3d3dy53My5vcmcvMjAwMC9zdmciPjwvc3ZnPg==\" style=\"--smush-placeholder-width: 150px; --smush-placeholder-aspect-ratio: 150\/62;\" \/>        <\/a>\n    \n        <\/div>\n    <!-- \/image-wrap -->\n    \n        <\/div>\n<!-- \/module image -->        <\/div>\n                        <\/div>\n        <\/div>\n        <\/div>\n<!--\/themify_builder_content-->","protected":false},"excerpt":{"rendered":"<p>Virtual Events General information Grammar Morag Maclean 21 Webinars (On demand) Nouns, masculine and feminine The article in the nominative case with nouns beginning with a vowel or s The article in the nominative case with nouns begins with the other letters Adjectives, singular nouns The verb Be! Regular verbs Queries, clauses beginning with gun [&hellip;]<\/p>\n","protected":false},"author":1,"featured_media":0,"parent":0,"menu_order":0,"comment_status":"closed","ping_status":"closed","template":"","meta":{"footnotes":""},"class_list":["post-8635","page","type-page","status-publish","hentry","has-post-title","has-post-date","has-post-category","has-post-tag","has-post-comment","has-post-author",""],"_links":{"self":[{"href":"https:\/\/www.storlann.co.uk\/an-t-alltan\/en\/wp-json\/wp\/v2\/pages\/8635","targetHints":{"allow":["GET"]}}],"collection":[{"href":"https:\/\/www.storlann.co.uk\/an-t-alltan\/en\/wp-json\/wp\/v2\/pages"}],"about":[{"href":"https:\/\/www.storlann.co.uk\/an-t-alltan\/en\/wp-json\/wp\/v2\/types\/page"}],"author":[{"embeddable":true,"href":"https:\/\/www.storlann.co.uk\/an-t-alltan\/en\/wp-json\/wp\/v2\/users\/1"}],"replies":[{"embeddable":true,"href":"https:\/\/www.storlann.co.uk\/an-t-alltan\/en\/wp-json\/wp\/v2\/comments?post=8635"}],"version-history":[{"count":5,"href":"https:\/\/www.storlann.co.uk\/an-t-alltan\/en\/wp-json\/wp\/v2\/pages\/8635\/revisions"}],"predecessor-version":[{"id":8811,"href":"https:\/\/www.storlann.co.uk\/an-t-alltan\/en\/wp-json\/wp\/v2\/pages\/8635\/revisions\/8811"}],"wp:attachment":[{"href":"https:\/\/www.storlann.co.uk\/an-t-alltan\/en\/wp-json\/wp\/v2\/media?parent=8635"}],"curies":[{"name":"wp","href":"https:\/\/api.w.org\/{rel}","templated":true}]}}