{"id":8570,"date":"2023-05-29T16:25:27","date_gmt":"2023-05-29T15:25:27","guid":{"rendered":"https:\/\/www.storlann.co.uk\/an-t-alltan\/dachaigh-copy\/"},"modified":"2023-07-06T12:39:03","modified_gmt":"2023-07-06T11:39:03","slug":"fiosrachadh-coitcheann","status":"publish","type":"page","link":"https:\/\/www.storlann.co.uk\/an-t-alltan\/fiosrachadh-coitcheann\/","title":{"rendered":"Fiosrachadh coitcheann"},"content":{"rendered":"<!--themify_builder_content-->\n<div id=\"themify_builder_content-8570\" data-postid=\"8570\" class=\"themify_builder_content themify_builder_content-8570 themify_builder tf_clear\">\n                    <div  data-lazy=\"1\" class=\"module_row themify_builder_row tb_54xo880 tb_first tf_w\">\n                        <div class=\"row_inner col_align_top tb_col_count_1 tf_box tf_rel\">\n                        <div  data-lazy=\"1\" class=\"module_column tb-column col-full tb_kpoy099 first\">\n                    <!-- module text -->\n<div  class=\"module module-text tb_tw3i808   \" data-lazy=\"1\">\n        <div  class=\"tb_text_wrap\">\n        <h1>Tachartasan Be\u00f2<\/h1>    <\/div>\n<\/div>\n<!-- \/module text -->        <\/div>\n                        <\/div>\n        <\/div>\n                        <div  data-lazy=\"1\" class=\"module_row themify_builder_row tb_ki7q000 tf_w\">\n                        <div class=\"row_inner col_align_top tb_col_count_1 tf_box tf_rel\">\n                        <div  data-lazy=\"1\" class=\"module_column tb-column col-full tb_ddsl808 first\">\n                    <!-- module text -->\n<div  class=\"module module-text tb_37zz083   \" data-lazy=\"1\" id=\"Gramar\">\n        <div  class=\"tb_text_wrap\">\n        <h2 style=\"text-align: center;\">Fiosrachadh coitcheann<\/h2>    <\/div>\n<\/div>\n<!-- \/module text -->        <\/div>\n                        <\/div>\n        <\/div>\n                        <div  data-lazy=\"1\" class=\"module_row themify_builder_row tb_o7rw568 tf_w\">\n                        <div class=\"row_inner col_align_top tb_col_count_1 tf_box tf_rel\">\n                        <div  data-lazy=\"1\" class=\"module_column tb-column col-full tb_ilkz008 first\">\n                            <div  data-lazy=\"1\" class=\"module_subrow themify_builder_sub_row tf_w col_align_top tb_col_count_1 tb_y5cj040\">\n                <div  data-lazy=\"1\" class=\"module_column sub_column col-full tb_9n2o800 first\">\n                    <!-- module text -->\n<div  class=\"module module-text tb_b8h3500   \" data-lazy=\"1\">\n        <div  class=\"tb_text_wrap\">\n        <h2>Foghlam tro Mheadhan na G\u00e0idhlig 2.0<\/h2>\n<h3>Tim Armstrong<\/h3>    <\/div>\n<\/div>\n<!-- \/module text -->        <\/div>\n                    <\/div>\n                <div  data-lazy=\"1\" class=\"module_subrow themify_builder_sub_row tf_w col_align_top tb_col_count_3 tb_yh6t055\">\n                <div  data-lazy=\"1\" class=\"module_column sub_column col3-1 tb_0cry008 first\">\n                    <!-- module image -->\n<div  class=\"module module-image tb_33b0555 image-center   tf_mw\" data-lazy=\"1\">\n        <div class=\"image-wrap tf_rel tf_mw\">\n            <img decoding=\"async\" data-src=\"https:\/\/www.storlann.co.uk\/an-t-alltan\/wp-content\/uploads\/2021\/01\/tim-armstrong-2-150x179.jpg\" width=\"150\" height=\"179\" class=\"wp-post-image wp-image-7833 lazyload\" title=\"tim-armstrong-2\" alt=\"Tim Armstrong\" data-srcset=\"https:\/\/www.storlann.co.uk\/an-t-alltan\/wp-content\/uploads\/2021\/01\/tim-armstrong-2-150x179.jpg 150w, https:\/\/www.storlann.co.uk\/an-t-alltan\/wp-content\/uploads\/2021\/01\/tim-armstrong-2.jpg 163w\" data-sizes=\"(max-width: 150px) 100vw, 150px\" src=\"data:image\/svg+xml;base64,PHN2ZyB3aWR0aD0iMSIgaGVpZ2h0PSIxIiB4bWxucz0iaHR0cDovL3d3dy53My5vcmcvMjAwMC9zdmciPjwvc3ZnPg==\" style=\"--smush-placeholder-width: 150px; --smush-placeholder-aspect-ratio: 150\/179;\" \/>    \n        <\/div>\n    <!-- \/image-wrap -->\n    \n        <\/div>\n<!-- \/module image -->        <\/div>\n                    <div  data-lazy=\"1\" class=\"module_column sub_column col3-1 tb_ugle080\">\n                    <!-- module text -->\n<div  class=\"module module-text tb_ox22050   \" data-lazy=\"1\">\n        <div  class=\"tb_text_wrap\">\n        <h2>Tachartas Bhiortail (<span lang=\"gd\">Cl\u00e0raichte)<\/span><\/h2>    <\/div>\n<\/div>\n<!-- \/module text --><!-- module text -->\n<div  class=\"module module-text tb_9ked003   \" data-lazy=\"1\">\n        <div  class=\"tb_text_wrap\">\n        <ul>\n<li>Iomairt Sgoil Dh\u00f9n \u00c8ideann<\/li>\n<li>Ciamar a thuigear sgoil mhion-ch\u00e0nain?<\/li>\n<li>FMG 2.0<\/li>\n<li>FMG 1.0<\/li>\n<li>F\u00e8in-aithne<\/li>\n<li>F\u00e8in-aithne agus foghlam G\u00e0idhlig<\/li>\n<li>D\u00e8 th\u2019 ann an G\u00e0idheal?<\/li>\n<\/ul>    <\/div>\n<\/div>\n<!-- \/module text -->        <\/div>\n                    <div  data-lazy=\"1\" class=\"module_column sub_column col3-1 tb_r4md858 last\">\n                    <!-- module buttons -->\n<div  class=\"module module-buttons tb_eu4i640 buttons-horizontal solid  large buttons-fullwidth\" data-lazy=\"1\">\n        <div class=\"module-buttons-item tf_in_flx\">\n                        <a href=\"https:\/\/storlann.clickmeeting.com\/foghlam-tro-mheadhan-na-gaidhlig-2-0\/register\" class=\"ui builder_button tf_in_flx light-blue\" target=\"_blank\" rel=\"noopener\">\n                                    <em><svg  class=\"tf_fa tf-fas-chalkboard-teacher\" xmlns:xlink=\"http:\/\/www.w3.org\/1999\/xlink\" aria-hidden=\"true\"><use href=\"#tf-fas-chalkboard-teacher\" xlink:href=\"#tf-fas-chalkboard-teacher\"><\/use><\/svg><\/em>                                        Cl\u00e0radh                                        <\/a>\n                <\/div>\n            <\/div>\n<!-- \/module buttons -->\n<!-- module buttons -->\n<div  class=\"module module-buttons tb_zmd2003 buttons-horizontal solid  large buttons-fullwidth\" data-lazy=\"1\">\n        <div class=\"module-buttons-item tf_in_flx\">\n                        <a href=\"https:\/\/form.jotform.com\/210183551693960\" class=\"ui builder_button tf_in_flx pink\" target=\"_blank\" rel=\"noopener\">\n                                    <em><svg  class=\"tf_fa tf-fab-wpforms\" xmlns:xlink=\"http:\/\/www.w3.org\/1999\/xlink\" aria-hidden=\"true\"><use href=\"#tf-fab-wpforms\" xlink:href=\"#tf-fab-wpforms\"><\/use><\/svg><\/em>                                        Measadh                                        <\/a>\n                <\/div>\n            <\/div>\n<!-- \/module buttons -->\n        <\/div>\n                    <\/div>\n                <\/div>\n                        <\/div>\n        <\/div>\n                        <div  data-anchor=\"trath-irean\" data-lazy=\"1\" class=\"module_row themify_builder_row tb_has_section tb_section-trath-irean tb_md1u505 tf_w\">\n                        <div class=\"row_inner col_align_top tb_col_count_1 tf_box tf_rel\">\n                        <div  data-lazy=\"1\" class=\"module_column tb-column col-full tb_94z5090 first\">\n                            <\/div>\n                        <\/div>\n        <\/div>\n                        <div  data-lazy=\"1\" class=\"module_row themify_builder_row tb_ebj3040 tf_w\">\n                        <div class=\"row_inner col_align_top tb_col_count_3 tf_box tf_rel\">\n                        <div  data-lazy=\"1\" class=\"module_column tb-column col3-1 tb_cbwh008 first\">\n                    <!-- module image -->\n<div  class=\"module module-image tb_0b2i388 image-center   tf_mw wow\" data-tf-animation=\"fadeInLeft\" data-lazy=\"1\">\n        <div class=\"image-wrap tf_rel tf_mw\">\n            <a href=\"http:\/\/www.gov.scot\" target=\"_blank\" rel=\"noopener\">\n                   <img decoding=\"async\" data-src=\"https:\/\/www.storlann.co.uk\/an-t-alltan\/wp-content\/uploads\/2020\/11\/scottish-government-logo-vector1.svg\" width=\"200\" alt=\"Riaghaltas na h-Alba - Scottish Government\" src=\"data:image\/svg+xml;base64,PHN2ZyB3aWR0aD0iMSIgaGVpZ2h0PSIxIiB4bWxucz0iaHR0cDovL3d3dy53My5vcmcvMjAwMC9zdmciPjwvc3ZnPg==\" class=\"lazyload\">        <\/a>\n    \n        <\/div>\n    <!-- \/image-wrap -->\n    \n        <\/div>\n<!-- \/module image -->        <\/div>\n                    <div  data-lazy=\"1\" class=\"module_column tb-column col3-1 tb_x8oi800\">\n                    <!-- module image -->\n<div  class=\"module module-image tb_3fcz990 image-center   tf_mw wow\" data-tf-animation=\"fadeInUp\" data-lazy=\"1\">\n        <div class=\"image-wrap tf_rel tf_mw\">\n            <a href=\"http:\/\/www.storlann.co.uk\">\n                   <img decoding=\"async\" width=\"394\" height=\"118\" data-src=\"https:\/\/www.storlann.co.uk\/an-t-alltan\/wp-content\/uploads\/2015\/06\/storlann-logo-flat-colour.png\" class=\"wp-post-image wp-image-2401 lazyload\" title=\"storlann-logo-flat-colour\" alt=\"St\u00f2rlann N\u00e0iseanta na G\u00e0idhlig\" data-srcset=\"https:\/\/www.storlann.co.uk\/an-t-alltan\/wp-content\/uploads\/2015\/06\/storlann-logo-flat-colour.png 394w, https:\/\/www.storlann.co.uk\/an-t-alltan\/wp-content\/uploads\/2015\/06\/storlann-logo-flat-colour-300x90.png 300w, https:\/\/www.storlann.co.uk\/an-t-alltan\/wp-content\/uploads\/2015\/06\/storlann-logo-flat-colour-200x60.png 200w, https:\/\/www.storlann.co.uk\/an-t-alltan\/wp-content\/uploads\/2015\/06\/storlann-logo-flat-colour-320x96.png 320w, https:\/\/www.storlann.co.uk\/an-t-alltan\/wp-content\/uploads\/2015\/06\/storlann-logo-flat-colour-175x52.png 175w, https:\/\/www.storlann.co.uk\/an-t-alltan\/wp-content\/uploads\/2015\/06\/storlann-logo-flat-colour-250x74.png 250w\" data-sizes=\"(max-width: 394px) 100vw, 394px\" src=\"data:image\/svg+xml;base64,PHN2ZyB3aWR0aD0iMSIgaGVpZ2h0PSIxIiB4bWxucz0iaHR0cDovL3d3dy53My5vcmcvMjAwMC9zdmciPjwvc3ZnPg==\" style=\"--smush-placeholder-width: 394px; --smush-placeholder-aspect-ratio: 394\/118;\" \/>        <\/a>\n    \n        <\/div>\n    <!-- \/image-wrap -->\n    \n        <\/div>\n<!-- \/module image -->        <\/div>\n                    <div  data-lazy=\"1\" class=\"module_column tb-column col3-1 tb_i81a830 last\">\n                    <!-- module image -->\n<div  class=\"module module-image tb_90iu680 image-center   tf_mw wow\" data-tf-animation=\"fadeInRight\" data-lazy=\"1\">\n        <div class=\"image-wrap tf_rel tf_mw\">\n            <a href=\"http:\/\/www.gaidhlig.org.uk\" target=\"_blank\" rel=\"noopener\">\n                   <img decoding=\"async\" data-src=\"https:\/\/www.storlann.co.uk\/an-t-alltan\/wp-content\/uploads\/2020\/11\/bord-na-gaidhlig-logo-2020-150x62.png\" width=\"150\" height=\"62\" class=\"wp-post-image wp-image-7662 lazyload\" title=\"bord-na-gaidhlig-logo-2020\" alt=\"B\u00f2rd na G\u00e0idhlig Logo\" data-srcset=\"https:\/\/www.storlann.co.uk\/an-t-alltan\/wp-content\/uploads\/2020\/11\/bord-na-gaidhlig-logo-2020-150x62.png 150w, https:\/\/www.storlann.co.uk\/an-t-alltan\/wp-content\/uploads\/2020\/11\/bord-na-gaidhlig-logo-2020-300x126.png 300w, https:\/\/www.storlann.co.uk\/an-t-alltan\/wp-content\/uploads\/2020\/11\/bord-na-gaidhlig-logo-2020.png 362w\" data-sizes=\"(max-width: 150px) 100vw, 150px\" src=\"data:image\/svg+xml;base64,PHN2ZyB3aWR0aD0iMSIgaGVpZ2h0PSIxIiB4bWxucz0iaHR0cDovL3d3dy53My5vcmcvMjAwMC9zdmciPjwvc3ZnPg==\" style=\"--smush-placeholder-width: 150px; --smush-placeholder-aspect-ratio: 150\/62;\" \/>        <\/a>\n    \n        <\/div>\n    <!-- \/image-wrap -->\n    \n        <\/div>\n<!-- \/module image -->        <\/div>\n                        <\/div>\n        <\/div>\n        <\/div>\n<!--\/themify_builder_content-->","protected":false},"excerpt":{"rendered":"<p>Tachartasan Be\u00f2 \u00c0rd-sgoil Ceumannan:\u00a0 Seisean Q&amp;A be\u00f2 4-5f Dim\u00e0irt 28 M\u00e0rt 2023, Google Meet Emma Burrows, Sgr\u00ecobhadair a\u2019 Ch\u00f9rsa Alasdair Bauld, Acadamaidh Dh\u00f2rnaich Tha an seisean seo a&#8217; buntainn gu d\u00ecreach ri na webinars air &#8216;Ceumannan&#8217;.\u00a0\u00a0Tha iad rim faotainn gu h-\u00ecosal. Cl\u00e0radh Fileanta: An L\u00e0rach-l\u00ecn M\u00e0iri NicRisnidh Tachartas Bhiortail (Cl\u00e0raichte) \u00c8isteachd Leughagh \/ Litreachas Labhairt [&hellip;]<\/p>\n","protected":false},"author":1,"featured_media":0,"parent":0,"menu_order":0,"comment_status":"closed","ping_status":"closed","template":"","meta":{"footnotes":""},"class_list":["post-8570","page","type-page","status-publish","hentry","has-post-title","has-post-date","has-post-category","has-post-tag","has-post-comment","has-post-author",""],"_links":{"self":[{"href":"https:\/\/www.storlann.co.uk\/an-t-alltan\/wp-json\/wp\/v2\/pages\/8570","targetHints":{"allow":["GET"]}}],"collection":[{"href":"https:\/\/www.storlann.co.uk\/an-t-alltan\/wp-json\/wp\/v2\/pages"}],"about":[{"href":"https:\/\/www.storlann.co.uk\/an-t-alltan\/wp-json\/wp\/v2\/types\/page"}],"author":[{"embeddable":true,"href":"https:\/\/www.storlann.co.uk\/an-t-alltan\/wp-json\/wp\/v2\/users\/1"}],"replies":[{"embeddable":true,"href":"https:\/\/www.storlann.co.uk\/an-t-alltan\/wp-json\/wp\/v2\/comments?post=8570"}],"version-history":[{"count":5,"href":"https:\/\/www.storlann.co.uk\/an-t-alltan\/wp-json\/wp\/v2\/pages\/8570\/revisions"}],"predecessor-version":[{"id":8813,"href":"https:\/\/www.storlann.co.uk\/an-t-alltan\/wp-json\/wp\/v2\/pages\/8570\/revisions\/8813"}],"wp:attachment":[{"href":"https:\/\/www.storlann.co.uk\/an-t-alltan\/wp-json\/wp\/v2\/media?parent=8570"}],"curies":[{"name":"wp","href":"https:\/\/api.w.org\/{rel}","templated":true}]}}