{"id":117,"date":"2015-01-12T11:59:01","date_gmt":"2015-01-12T11:59:01","guid":{"rendered":"http:\/\/wordpress.storlann.co.uk\/bi-sunndach-agus-seinn\/?page_id=117"},"modified":"2023-02-02T16:28:44","modified_gmt":"2023-02-02T16:28:44","slug":"orain","status":"publish","type":"page","link":"https:\/\/www.storlann.co.uk\/bi-sunndach\/orain\/","title":{"rendered":"\u00d2rain"},"content":{"rendered":"<p>Anns an leabhar ci\u00f9il <strong>Bi Sunndach agus Seinn<\/strong> le Dolina Rothach tha 34 \u00f2rain, rannan agus geamannan a chaidh a dhealbh gus \u00f9idh chloinne de gach \u00ecre comais a thogail agus am brosnachadh.<\/p>\r\n<p>Ged a tha m\u00f2ran de na h-\u00f2rain \u00f9r, tha cuid ann air a bheil sinn e\u00f2lach agus measail, nam measg 8 \u00f2rain traidiseanta ann an n\u00f2s \u00f9r.<\/p>\r\n<p>Le bhith a\u2019 gabhail p\u00e0irt anns na geamannan ci\u00f9il sp\u00f2rsail seo, ionnsaichidh clann sgilean ci\u00f9il bunaiteach leithid a bhith ag \u00e8isteachd, a\u2019 gabhail cothrom mu seach, a\u2019 cumail na buille, a\u2019 faireachdainn ruitheam agus a\u2019 f\u00e0s mothachail air pitse.<\/p>\r\n<p>A bharrachd air seo, gheibh clann \u00f2g le G\u00e0idhlig cothrom gu le\u00f2r abairtean agus briathrachas a thogail agus a chleachdadh ann an co-theacsa gn\u00ecomhach, le gn\u00ecomhan leudachaidh air an dealbh gus an c\u00e0nan a dhaingneachadh.<\/p>\r\n<p>Tha an leabhar ag amas air m\u00f2ran de na builean co-cheangailte ris a\u2019 Churraicealam airson S\u00e0r-mhathais a l\u00ecbhrigeadh tro bhith a\u2019 rannsachadh gluasad, fuaim agus faireachdainn. Cuimhnich nach eil anns an sti\u00f9ireadh ach molaidhean agus gum bu ch\u00f2ir dhut atharrachadh gus freagairt air comasan agus feuman na cloinne.<\/p>\r\n<p>Bi gn\u00ecomhach agus feuch gum bi sp\u00f2rs agad&#8230;bi sunndach agus seinn!<\/p>\r\n<p><img decoding=\"async\" class=\"size-medium wp-image-32 aligncenter lazyload\" data-src=\"https:\/\/www.storlann.co.uk\/bi-sunndach\/wp-content\/uploads\/2014\/12\/bi-sunndach-book-cards-254x300.png\" alt=\"Bidh Sunndach &amp; Seinn\" width=\"254\" height=\"300\" data-srcset=\"https:\/\/www.storlann.co.uk\/bi-sunndach\/wp-content\/uploads\/2014\/12\/bi-sunndach-book-cards-254x300.png 254w, https:\/\/www.storlann.co.uk\/bi-sunndach\/wp-content\/uploads\/2014\/12\/bi-sunndach-book-cards.png 689w\" data-sizes=\"(max-width: 254px) 100vw, 254px\" src=\"data:image\/svg+xml;base64,PHN2ZyB3aWR0aD0iMSIgaGVpZ2h0PSIxIiB4bWxucz0iaHR0cDovL3d3dy53My5vcmcvMjAwMC9zdmciPjwvc3ZnPg==\" style=\"--smush-placeholder-width: 254px; --smush-placeholder-aspect-ratio: 254\/300;\" \/><\/p>\r\n<p style=\"text-align: center;\"><a class=\"btn btn-info btn-md\" href=\"http:\/\/www.storlann.co.uk\/bi-sunndach\/wp-content\/uploads\/2015\/01\/Bi-Sunndach-agus-Seinn-Content.pdf\">\u00d2rain (PDF)<\/a> <a class=\"btn btn-info btn-md\" href=\"https:\/\/www.storlann.co.uk\/bi-sunndach\/faidhleachan-fuaim\/\">Faidhleachan Fuaim<\/a>\r\n<p>&nbsp;<\/p>\r\n&nbsp;\r\n<div class=\"app\">\r\n<h2 style=\"text-align: center;\">App \u00f9r!<\/h2>\r\n<p style=\"text-align: center;\">Gheibh thu a-nis 23 \u00f2rain leis an app \u00d2rain Bi Sunndach. Luchdaich a-nuas e agus seinn c\u00f2mhla ris, a&#8217; leantainn nam facal!<\/p>\r\n<p style=\"text-align: center;\"><a href=\"https:\/\/apps.apple.com\/ky\/app\/%C3%B2rain-bi-sunndach\/id6444215215\" target=\"_blank\" rel=\"noopener\"><img decoding=\"async\" class=\"alignnone wp-image-513 lazyload\" data-src=\"https:\/\/www.storlann.co.uk\/bi-sunndach\/wp-content\/uploads\/2023\/02\/app-store-300x89.png\" alt=\"App Store\" width=\"185\" height=\"55\" data-srcset=\"https:\/\/www.storlann.co.uk\/bi-sunndach\/wp-content\/uploads\/2023\/02\/app-store-300x89.png 300w, https:\/\/www.storlann.co.uk\/bi-sunndach\/wp-content\/uploads\/2023\/02\/app-store.png 413w\" data-sizes=\"(max-width: 185px) 100vw, 185px\" src=\"data:image\/svg+xml;base64,PHN2ZyB3aWR0aD0iMSIgaGVpZ2h0PSIxIiB4bWxucz0iaHR0cDovL3d3dy53My5vcmcvMjAwMC9zdmciPjwvc3ZnPg==\" style=\"--smush-placeholder-width: 185px; --smush-placeholder-aspect-ratio: 185\/55;\" \/><\/a><a href=\"https:\/\/play.google.com\/store\/apps\/details?id=uk.co.storlann.orainbisunndach&amp;hl=en&amp;gl=US\" target=\"_blank\" rel=\"noopener\"> \u00a0 <img decoding=\"async\" class=\"alignnone wp-image-511 lazyload\" data-src=\"https:\/\/www.storlann.co.uk\/bi-sunndach\/wp-content\/uploads\/2023\/02\/google-play-gaelic-300x87.png\" alt=\"Google Play\" width=\"186\" height=\"54\" data-srcset=\"https:\/\/www.storlann.co.uk\/bi-sunndach\/wp-content\/uploads\/2023\/02\/google-play-gaelic-300x87.png 300w, https:\/\/www.storlann.co.uk\/bi-sunndach\/wp-content\/uploads\/2023\/02\/google-play-gaelic.png 600w\" data-sizes=\"(max-width: 186px) 100vw, 186px\" src=\"data:image\/svg+xml;base64,PHN2ZyB3aWR0aD0iMSIgaGVpZ2h0PSIxIiB4bWxucz0iaHR0cDovL3d3dy53My5vcmcvMjAwMC9zdmciPjwvc3ZnPg==\" style=\"--smush-placeholder-width: 186px; --smush-placeholder-aspect-ratio: 186\/54;\" \/><\/a><\/p>\r\n<\/div>\r\n\r\n<h2>\u00a0<\/h2>\r\n<p>&nbsp;<\/p>\r\n\r\n<figure class=\"wp-block-image size-large\"><a href=\"https:\/\/gaidhlig-nan-og.scot\/\" target=\"_blank\" rel=\"noopener\"><img decoding=\"async\" width=\"580\" height=\"95\" class=\"wp-image-465 aligncenter lazyload\" data-src=\"https:\/\/www.storlann.co.uk\/bi-sunndach\/wp-content\/uploads\/2020\/05\/gno-banner-ad.png\" alt=\"G\u00e0idhlig nan \u00d2g\" data-srcset=\"https:\/\/www.storlann.co.uk\/bi-sunndach\/wp-content\/uploads\/2020\/05\/gno-banner-ad.png 580w, https:\/\/www.storlann.co.uk\/bi-sunndach\/wp-content\/uploads\/2020\/05\/gno-banner-ad-300x49.png 300w\" data-sizes=\"(max-width: 580px) 100vw, 580px\" src=\"data:image\/svg+xml;base64,PHN2ZyB3aWR0aD0iMSIgaGVpZ2h0PSIxIiB4bWxucz0iaHR0cDovL3d3dy53My5vcmcvMjAwMC9zdmciPjwvc3ZnPg==\" style=\"--smush-placeholder-width: 580px; --smush-placeholder-aspect-ratio: 580\/95;\" \/><\/a><\/figure>\r\n","protected":false},"excerpt":{"rendered":"<p>Anns an leabhar ci\u00f9il Bi Sunndach agus Seinn le Dolina Rothach tha 34 \u00f2rain, rannan agus geamannan a chaidh a dhealbh gus \u00f9idh chloinne de gach \u00ecre comais a thogail agus am brosnachadh. Ged a tha m\u00f2ran de na h-\u00f2rain \u00f9r, tha cuid ann air a bheil sinn e\u00f2lach agus measail, nam measg 8 \u00f2rain [&hellip;]<\/p>\n","protected":false},"author":1,"featured_media":0,"parent":0,"menu_order":0,"comment_status":"closed","ping_status":"closed","template":"","meta":{"footnotes":""},"class_list":["post-117","page","type-page","status-publish","hentry"],"_links":{"self":[{"href":"https:\/\/www.storlann.co.uk\/bi-sunndach\/wp-json\/wp\/v2\/pages\/117","targetHints":{"allow":["GET"]}}],"collection":[{"href":"https:\/\/www.storlann.co.uk\/bi-sunndach\/wp-json\/wp\/v2\/pages"}],"about":[{"href":"https:\/\/www.storlann.co.uk\/bi-sunndach\/wp-json\/wp\/v2\/types\/page"}],"author":[{"embeddable":true,"href":"https:\/\/www.storlann.co.uk\/bi-sunndach\/wp-json\/wp\/v2\/users\/1"}],"replies":[{"embeddable":true,"href":"https:\/\/www.storlann.co.uk\/bi-sunndach\/wp-json\/wp\/v2\/comments?post=117"}],"version-history":[{"count":5,"href":"https:\/\/www.storlann.co.uk\/bi-sunndach\/wp-json\/wp\/v2\/pages\/117\/revisions"}],"predecessor-version":[{"id":530,"href":"https:\/\/www.storlann.co.uk\/bi-sunndach\/wp-json\/wp\/v2\/pages\/117\/revisions\/530"}],"wp:attachment":[{"href":"https:\/\/www.storlann.co.uk\/bi-sunndach\/wp-json\/wp\/v2\/media?parent=117"}],"curies":[{"name":"wp","href":"https:\/\/api.w.org\/{rel}","templated":true}]}}