{"id":181,"date":"2017-11-24T11:16:27","date_gmt":"2017-11-24T11:16:27","guid":{"rendered":"https:\/\/www.storlann.co.uk\/buth\/?page_id=181"},"modified":"2017-12-06T12:36:14","modified_gmt":"2017-12-06T12:36:14","slug":"contact-us","status":"publish","type":"page","link":"https:\/\/www.storlann.co.uk\/buth\/en\/contact-us\/","title":{"rendered":"Contact us"},"content":{"rendered":"<p>To contact us about sales \/ orders please email: sales@storlann.co.uk<\/p>\n<p>Our postal address is:<\/p>\n<p>St\u00f2rlann N\u00e0iseanta G\u00e0idhlig,<br \/>\n54 Seaforth Road,<br \/>\nStornoway,<br \/>\nHS1 2SD<br \/>\nScotland<\/p>\n","protected":false},"excerpt":{"rendered":"<p>To contact us about sales \/ orders please email: sales@storlann.co.uk Our postal address is: St\u00f2rlann N\u00e0iseanta G\u00e0idhlig, 54 Seaforth Road, Stornoway, HS1 2SD Scotland<\/p>\n","protected":false},"author":2,"featured_media":0,"parent":0,"menu_order":0,"comment_status":"closed","ping_status":"closed","template":"","meta":{"footnotes":""},"class_list":["post-181","page","type-page","status-publish","hentry"],"_links":{"self":[{"href":"https:\/\/www.storlann.co.uk\/buth\/en\/wp-json\/wp\/v2\/pages\/181","targetHints":{"allow":["GET"]}}],"collection":[{"href":"https:\/\/www.storlann.co.uk\/buth\/en\/wp-json\/wp\/v2\/pages"}],"about":[{"href":"https:\/\/www.storlann.co.uk\/buth\/en\/wp-json\/wp\/v2\/types\/page"}],"author":[{"embeddable":true,"href":"https:\/\/www.storlann.co.uk\/buth\/en\/wp-json\/wp\/v2\/users\/2"}],"replies":[{"embeddable":true,"href":"https:\/\/www.storlann.co.uk\/buth\/en\/wp-json\/wp\/v2\/comments?post=181"}],"version-history":[{"count":0,"href":"https:\/\/www.storlann.co.uk\/buth\/en\/wp-json\/wp\/v2\/pages\/181\/revisions"}],"wp:attachment":[{"href":"https:\/\/www.storlann.co.uk\/buth\/en\/wp-json\/wp\/v2\/media?parent=181"}],"curies":[{"name":"wp","href":"https:\/\/api.w.org\/{rel}","templated":true}]}}