{"id":258,"date":"2017-12-07T11:51:23","date_gmt":"2017-12-07T11:51:23","guid":{"rendered":"https:\/\/www.storlann.co.uk\/buth\/?page_id=258"},"modified":"2017-12-14T17:12:08","modified_gmt":"2017-12-14T17:12:08","slug":"shipping-rates-destinations-gd","status":"publish","type":"page","link":"https:\/\/www.storlann.co.uk\/buth\/shipping-rates-destinations-gd\/","title":{"rendered":"Cosgaisean L\u00ecbhrigidh\/Cinn-uidhe"},"content":{"rendered":"<p>Bidh sinn a&#8217; cleachdadh companaidh l\u00ecbhrigidh no am Post R\u00ecoghail airson nan \u00e0itichean seo:  <\/p>\n<ul>\n<li>Ste\u00f2rnabhagh agus Le\u00f2dhas<\/li>\n<li>Alba (Eileanan)<\/li>\n<li>Alba (T\u00ecr-m\u00f2r)<\/li>\n<li>\u00c8irinn a Tuath<\/li>\n<li>Sasainn agus a&#8217; Chuimrigh<\/li>\n<\/ul>\n<p>Tha a&#8217; chosgais l\u00ecbhrigidh air obrachadh a-mach aig a&#8217; cheum-p\u00e0ighidh nuair a chuireas tu an c\u00f2d-puist a-steach ann an: &#8220;L\u00ecbhrig gu se\u00f2ladh eile -> C\u00f2d-puist&#8221;.<\/p>\n<p><strong>Reataichean\/cinn-uidhe<\/strong><\/p>\n<p><strong>1) Ste\u00f2rnabhagh agus Le\u00f2dhas<\/strong><\/p>\n<table>\n<tr>\n<td><strong>Togail ionadail (an-asgaidh)<\/strong><\/td>\n<td><strong>Companaidh L\u00ecbhrigidh (Eileanan)<\/strong><br \/>* \u00a315.00 + VAT (suas gu 20cg)<br \/>\n        (3+ nithean no x2 Ciste Ulaidh)\n        <\/td>\n<td>\n        <strong>Parsail Beag a&#8217; Phuist R\u00ecoghail (2d chlas)<\/strong><br \/>\n        * \u00a32.62 (suas gu 2 n\u00ec Ceumannan)\n    <\/td>\n<\/tr>\n<\/table>\n<p><strong>2) Scotland (Islands)<\/strong><\/p>\n<table>\n<tr>\n<td><strong>Companaidh L\u00ecbhrigidh (Eileanan)<\/strong><br \/>* \u00a315.00 + VAT (suas gu 20cg)<br \/>\n        (3+ nithean no x2 Ciste Ulaidh)\n        <\/td>\n<td>\n        <strong>Parsail Beag a&#8217; Phuist R\u00ecoghail (2d chlas)<\/strong><br \/>\n        * \u00a32.62 (suas gu 2 n\u00ec Ceumannan)\n    <\/td>\n<\/tr>\n<\/table>\n<p><strong>3) Alba (T\u00ecr-m\u00f2r)<\/strong><\/p>\n<table>\n<tr>\n<td><strong>Companaidh L\u00ecbhrigidh (Eileanan)<\/strong><br \/>* \u00a37.50 + VAT (suas gu 20cg)<br \/>\n        (3+ nithean no x2 Ciste Ulaidh)\n        <\/td>\n<td>\n        <strong>Parsail Beag a&#8217; Phuist R\u00ecoghail (2d chlas)<\/strong><br \/>\n        * \u00a32.62 (suas gu 2 n\u00ec Ceumannan)\n    <\/td>\n<\/tr>\n<\/table>\n<p><strong>4) \u00c8irinn a Tuath<\/strong><\/p>\n<table>\n<tr>\n<td><strong>Companaidh L\u00ecbhrigidh (Eileanan)<\/strong><br \/>* \u00a315.00 + VAT (suas gu 20cg)<br \/>\n        (3+ nithean no x2 Ciste Ulaidh)\n        <\/td>\n<td>\n        <strong>Parsail Beag a&#8217; Phuist R\u00ecoghail (2d chlas)<\/strong><br \/>\n        * \u00a32.62 (suas gu 2 n\u00ec Ceumannan)\n    <\/td>\n<\/tr>\n<\/table>\n<p><strong>5) Sasainn agus a&#8217; Chuimrigh<\/strong><\/p>\n<table>\n<tr>\n<td><strong>Companaidh L\u00ecbhrigidh<\/strong><br \/>* \u00a37.50 + VAT (suas gu 20cg)<br \/>\n        (3+ nithean no x2 Ciste Ulaidh)\n        <\/td>\n<td>\n        <strong>Parsail Beag a&#8217; Phuist R\u00ecoghail (2d chlas)<\/strong><br \/>\n        * \u00a32.62 (suas gu 2 n\u00ec Ceumannan)\n    <\/td>\n<\/tr>\n<\/table>\n","protected":false},"excerpt":{"rendered":"<p>Bidh sinn a&#8217; cleachdadh companaidh l\u00ecbhrigidh no am Post R\u00ecoghail airson nan \u00e0itichean seo: Ste\u00f2rnabhagh agus Le\u00f2dhas Alba (Eileanan) Alba (T\u00ecr-m\u00f2r) \u00c8irinn a Tuath Sasainn agus a&#8217; Chuimrigh Tha a&#8217; chosgais l\u00ecbhrigidh air obrachadh a-mach aig a&#8217; cheum-p\u00e0ighidh nuair a chuireas tu an c\u00f2d-puist a-steach ann an: &#8220;L\u00ecbhrig gu se\u00f2ladh eile -> C\u00f2d-puist&#8221;. Reataichean\/cinn-uidhe 1) [&hellip;]<\/p>\n","protected":false},"author":2,"featured_media":0,"parent":0,"menu_order":0,"comment_status":"closed","ping_status":"closed","template":"","meta":{"footnotes":""},"class_list":["post-258","page","type-page","status-publish","hentry"],"_links":{"self":[{"href":"https:\/\/www.storlann.co.uk\/buth\/wp-json\/wp\/v2\/pages\/258","targetHints":{"allow":["GET"]}}],"collection":[{"href":"https:\/\/www.storlann.co.uk\/buth\/wp-json\/wp\/v2\/pages"}],"about":[{"href":"https:\/\/www.storlann.co.uk\/buth\/wp-json\/wp\/v2\/types\/page"}],"author":[{"embeddable":true,"href":"https:\/\/www.storlann.co.uk\/buth\/wp-json\/wp\/v2\/users\/2"}],"replies":[{"embeddable":true,"href":"https:\/\/www.storlann.co.uk\/buth\/wp-json\/wp\/v2\/comments?post=258"}],"version-history":[{"count":0,"href":"https:\/\/www.storlann.co.uk\/buth\/wp-json\/wp\/v2\/pages\/258\/revisions"}],"wp:attachment":[{"href":"https:\/\/www.storlann.co.uk\/buth\/wp-json\/wp\/v2\/media?parent=258"}],"curies":[{"name":"wp","href":"https:\/\/api.w.org\/{rel}","templated":true}]}}