{"id":384,"date":"2018-03-23T15:56:16","date_gmt":"2018-03-23T15:56:16","guid":{"rendered":"https:\/\/www.storlann.co.uk\/buth\/?page_id=384"},"modified":"2018-03-26T15:21:23","modified_gmt":"2018-03-26T14:21:23","slug":"terms-and-conditions-of-use","status":"publish","type":"page","link":"https:\/\/www.storlann.co.uk\/buth\/terms-and-conditions-of-use\/","title":{"rendered":"Terms and conditions of use"},"content":{"rendered":"<h1><strong>Terms and conditions of use<\/strong><\/h1>\n<ol>\n<li>\n<h2><strong> Introduction<\/strong><\/h2>\n<\/li>\n<\/ol>\n<p>1.1\u00a0\u00a0\u00a0 These terms and conditions shall govern your use of our website.<\/p>\n<p>1.2\u00a0\u00a0\u00a0 By using our website, you accept these terms and conditions in full; accordingly, if you disagree with these terms and conditions or any part of these terms and conditions, you must not use our website.<\/p>\n<p>1.3\u00a0\u00a0\u00a0 If you register with our website or make a purchase on our website, we will ask you to expressly agree to these terms and conditions.<\/p>\n<p>1.4\u00a0\u00a0\u00a0 You must be at least 16 years of age to use our website; by using our website or agreeing to these terms and conditions, you warrant and represent to us that you are at least 16 years of age.<\/p>\n<p>1.5\u00a0\u00a0\u00a0 Our website uses cookies; by using our website or agreeing to these terms and conditions, you consent to our use of cookies in accordance with the terms of our privacy and cookies policy.<\/p>\n<ol start=\"2\">\n<li>\n<h2><strong> Copyright notice<\/strong><\/h2>\n<\/li>\n<\/ol>\n<p>2.1\u00a0\u00a0\u00a0 Copyright (c) <em>2018<\/em> <em>St\u00f2rlann N\u00e0iseanta na G\u00e0idhlig<br \/>\n<\/em><\/p>\n<p>2.2\u00a0\u00a0\u00a0 Subject to the express provisions of these terms and conditions:<\/p>\n<p>(a)\u00a0\u00a0\u00a0 we, together with our licensors, own and control all the copyright and other intellectual property rights in our website and the material on our website; and<\/p>\n<p>(b)\u00a0\u00a0\u00a0 all the copyright and other intellectual property rights in our website and the material on our website are reserved.<\/p>\n<ol start=\"3\">\n<li>\n<h2><strong> Licence to use website<\/strong><\/h2>\n<\/li>\n<\/ol>\n<p>3.1\u00a0\u00a0\u00a0 You may:<\/p>\n<p>(a)\u00a0\u00a0\u00a0 view pages from our website in a web browser;<\/p>\n<p>(b)\u00a0\u00a0\u00a0 download pages from our website for caching in a web browser;<\/p>\n<p>(c)\u00a0\u00a0\u00a0 print pages from our website;<\/p>\n<p>(d)\u00a0\u00a0\u00a0 stream audio and video files from our website; and<\/p>\n<p>(e)\u00a0\u00a0\u00a0 use our website services by means of a web browser,<\/p>\n<p>subject to the other provisions of these terms and conditions.<\/p>\n<p>3.2\u00a0\u00a0\u00a0 Except as expressly permitted by Section 3.1 or the other provisions of these terms and conditions, you must not download any material from our website or save any such material to your computer.<\/p>\n<p>3.3\u00a0\u00a0\u00a0 You may only use our website for your own personal and business purposes, and you must not use our website for any other purposes.<\/p>\n<p>3.4\u00a0\u00a0\u00a0 Except as expressly permitted by these terms and conditions, you must not edit or otherwise modify any material on our website.<\/p>\n<p>3.5\u00a0\u00a0\u00a0 Unless you own or control the relevant rights in the material, you must not:<\/p>\n<p>(a)\u00a0\u00a0\u00a0 republish material from our website (including republication on another website);<\/p>\n<p>(b)\u00a0\u00a0\u00a0 sell, rent or sub-license material from our website;<\/p>\n<p>(c)\u00a0\u00a0\u00a0 show any material from our website in public;<\/p>\n<p>(d)\u00a0\u00a0\u00a0 exploit material from our website for a commercial purpose; or<\/p>\n<p>(e)\u00a0\u00a0\u00a0 redistribute material from our website.<\/p>\n<p>3.6\u00a0\u00a0\u00a0 Notwithstanding Section 3.5, you may redistribute [our newsletter] in [print and electronic form] to [any person].<\/p>\n<p>3.7\u00a0\u00a0\u00a0 We reserve the right to restrict access to areas of our website, or indeed our whole website, at our discretion; you must not circumvent or bypass, or attempt to circumvent or bypass, any access restriction measures on our website.<\/p>\n<ol start=\"4\">\n<li>\n<h2><strong> Acceptable use<\/strong><\/h2>\n<\/li>\n<\/ol>\n<p>4.1\u00a0\u00a0\u00a0 You must not:<\/p>\n<p>(a)\u00a0\u00a0\u00a0 use our website in any way or take any action that causes, or may cause, damage to the website or impairment of the performance, availability or accessibility of the website;<\/p>\n<p>(b)\u00a0\u00a0\u00a0 use our website in any way that is unlawful, illegal, fraudulent or harmful, or in connection with any unlawful, illegal, fraudulent or harmful purpose or activity;<\/p>\n<p>(c)\u00a0\u00a0\u00a0 use our website to copy, store, host, transmit, send, use, publish or distribute any material which consists of (or is linked to) any spyware, computer virus, Trojan horse, worm, keystroke logger, rootkit or other malicious computer software;<\/p>\n<p>(d)\u00a0\u00a0\u00a0 conduct any systematic or automated data collection activities (including without limitation scraping, data mining, data extraction and data harvesting) on or in relation to our website without our express written consent;<\/p>\n<p>(e)\u00a0\u00a0\u00a0 access or otherwise interact with our website using any robot, spider or other automated means, except for the purpose of search engine indexing;<\/p>\n<p>(f)\u00a0\u00a0\u00a0 violate the directives set out in the robots.txt file for our website; or<\/p>\n<p>(g)\u00a0\u00a0\u00a0 use data collected from our website for any direct marketing activity (including without limitation email marketing, SMS marketing, telemarketing and direct mailing).<\/p>\n<p>4.2\u00a0\u00a0\u00a0 You must not use data collected from our website to contact individuals, companies or other persons or entities.<\/p>\n<p>4.3\u00a0\u00a0\u00a0 You must ensure that all the information you supply to us through our website, or in relation to our website, is [true, accurate, current, complete and non-misleading].<\/p>\n<ol start=\"5\">\n<li>\n<h2><strong> Products<\/strong><\/h2>\n<\/li>\n<\/ol>\n<p>5.1\u00a0\u00a0\u00a0 The advertising of products on our website constitutes an &#8220;invitation to treat&#8221; rather than a contractual offer.<\/p>\n<p>5.2\u00a0\u00a0\u00a0 We may periodically change the products available on our website, and we do not undertake to continue to supply any particular product or type of product.<\/p>\n<p>5.3\u00a0\u00a0\u00a0 Prices stated on our website may be stated incorrectly.<\/p>\n<p>5.4\u00a0\u00a0\u00a0 The sale and purchase of products through our website will be subject to [terms and conditions of sale], and we will ask you to agree to the terms of that document each time you make a purchase on our website.<\/p>\n<p>5.5\u00a0\u00a0\u00a0 Any product reviews that you submit for publication on our website shall be subject to the terms of Section 9 and Section 10.<\/p>\n<ol start=\"6\">\n<li>\n<h2><strong> Registration and accounts<\/strong><\/h2>\n<\/li>\n<\/ol>\n<p>6.1\u00a0\u00a0\u00a0 To be eligible for an account on our website under this Section 6, you must be resident or situated in the United Kingdom.<\/p>\n<p>6.2\u00a0\u00a0\u00a0 You may register for an account with our website by completing and submitting the account registration form on our website, and clicking on the verification link in the email that the website will send to you.<\/p>\n<p>6.3\u00a0\u00a0\u00a0 You must not allow any other person to use your account to access the website.<\/p>\n<p>6.4\u00a0\u00a0\u00a0 You must notify us in writing immediately if you become aware of any unauthorised use of your account.<\/p>\n<p>6.5\u00a0\u00a0\u00a0 You must not use any other person&#8217;s account to access the website, unless you have that person&#8217;s express permission to do so.<\/p>\n<ol start=\"7\">\n<li>\n<h2><strong> User login details<\/strong><\/h2>\n<\/li>\n<\/ol>\n<p>7.1\u00a0\u00a0\u00a0 If you register for an account with our website, we will provide you with OR you will be asked to choose a user ID and password.<\/p>\n<p>7.2\u00a0\u00a0\u00a0 Your user ID must not be liable to mislead and must comply with the content rules set out in Section 10; you must not use your account or user ID for or in connection with the impersonation of any person.<\/p>\n<p>7.3\u00a0\u00a0\u00a0 You must keep your password confidential.<\/p>\n<p>7.4\u00a0\u00a0\u00a0 You must notify us in writing immediately if you become aware of any disclosure of your password.<\/p>\n<p>7.5\u00a0\u00a0\u00a0 You are responsible for any activity on our website arising out of any failure to keep your password confidential, and may be held liable for any losses arising out of such a failure.<\/p>\n<ol start=\"8\">\n<li>\n<h2><strong> Cancellation and suspension of account<\/strong><\/h2>\n<\/li>\n<\/ol>\n<p>8.1\u00a0\u00a0\u00a0 We may:<\/p>\n<p>(a)\u00a0\u00a0\u00a0 suspend your account;<\/p>\n<p>(b)\u00a0\u00a0\u00a0 cancel your account; and\/or<\/p>\n<p>(c)\u00a0\u00a0\u00a0 edit your account details,<\/p>\n<p>at any time in our sole discretion without notice or explanation.<\/p>\n<p>8.2\u00a0\u00a0\u00a0 You may cancel your account on our website using your account control panel on the website.<\/p>\n<ol start=\"9\">\n<li>\n<h2><strong> Your content: licence<\/strong><\/h2>\n<\/li>\n<\/ol>\n<p>9.1\u00a0\u00a0\u00a0 In these terms and conditions, &#8220;your content&#8221; means all works and materials (including without limitation text, graphics, images, audio material, video material, audio-visual material, scripts, software and files) that you submit to us or our website for storage or publication on, processing by, or transmission via, our website.<\/p>\n<p>9.2\u00a0\u00a0\u00a0 You grant to us a worldwide, irrevocable, non-exclusive, royalty-free licence to use, reproduce, store and, with your specific consent, publish your content on and in relation to this website.<\/p>\n<p>9.3\u00a0\u00a0\u00a0 You grant to us the right to sub-license the rights licensed under Section 9.2.<\/p>\n<p>9.4\u00a0\u00a0\u00a0 You grant to us the right to bring an action for infringement of the rights licensed under Section 9.2.<\/p>\n<p>9.5\u00a0\u00a0\u00a0 You hereby waive all your moral rights in your content to the maximum extent permitted by applicable law; and you warrant and represent that all other moral rights in your content have been waived to the maximum extent permitted by applicable law.<\/p>\n<p>9.6\u00a0\u00a0\u00a0 You may edit your content to the extent permitted using the editing functionality made available on our website.<\/p>\n<p>9.7\u00a0\u00a0\u00a0 Without prejudice to our other rights under these terms and conditions, if you breach any provision of these terms and conditions in any way, or if we reasonably suspect that you have breached these terms and conditions in any way, we may delete, unpublish or edit any or all of your content.<\/p>\n<ol start=\"10\">\n<li>\n<h2><strong> Your content: rules<\/strong><\/h2>\n<\/li>\n<\/ol>\n<p>10.1\u00a0 You warrant and represent that your content will comply with these terms and conditions.<\/p>\n<p>10.2\u00a0 Your content must not be illegal or unlawful, must not infringe any person&#8217;s legal rights, and must not be capable of giving rise to legal action against any person (in each case in any jurisdiction and under any applicable law).<\/p>\n<p>10.3\u00a0 Your content, and the use of your content by us in accordance with these terms and conditions, must not:<\/p>\n<p>(a)\u00a0\u00a0\u00a0 be libellous or maliciously false;<\/p>\n<p>(b)\u00a0\u00a0\u00a0 be obscene or indecent;<\/p>\n<p>(c)\u00a0\u00a0\u00a0 infringe any copyright, moral right, database right, trade mark right, design right, right in passing off, or other intellectual property right;<\/p>\n<p>(d)\u00a0\u00a0\u00a0 infringe any right of confidence, right of privacy or right under data protection legislation;<\/p>\n<p>(e)\u00a0\u00a0\u00a0 constitute negligent advice or contain any negligent statement;<\/p>\n<p>(f)\u00a0\u00a0\u00a0 constitute an incitement to commit a crime[, instructions for the commission of a crime or the promotion of criminal activity];<\/p>\n<p>(g)\u00a0\u00a0\u00a0 be in contempt of any court, or in breach of any court order;<\/p>\n<p>(h)\u00a0\u00a0\u00a0 be in breach of racial or religious hatred or discrimination legislation;<\/p>\n<p>(i)\u00a0\u00a0\u00a0 be blasphemous;<\/p>\n<p>(j)\u00a0\u00a0\u00a0 be in breach of official secrets legislation;<\/p>\n<p>(k)\u00a0\u00a0\u00a0 be in breach of any contractual obligation owed to any person;<\/p>\n<p>(l)\u00a0\u00a0\u00a0 depict violence in an explicit, graphic or gratuitous manner;<\/p>\n<p>(m)\u00a0\u00a0 be pornographic, lewd, suggestive or sexually explicit;<\/p>\n<p>(n)\u00a0\u00a0\u00a0 be untrue, false, inaccurate or misleading;<\/p>\n<p>(o)\u00a0\u00a0\u00a0 consist of or contain any instructions, advice or other information which may be acted upon and could, if acted upon, cause illness, injury or death, or any other loss or damage;<\/p>\n<p>(p)\u00a0\u00a0\u00a0 constitute spam;<\/p>\n<p>(q)\u00a0\u00a0\u00a0 be offensive, deceptive, fraudulent, threatening, abusive, harassing, anti-social, menacing, hateful, discriminatory or inflammatory; or<\/p>\n<p>(r)\u00a0\u00a0\u00a0 cause annoyance, inconvenience or needless anxiety to any person.<\/p>\n<ol start=\"11\">\n<li>\n<h2><strong> Report abuse<\/strong><\/h2>\n<\/li>\n<\/ol>\n<p>11.1\u00a0 If you learn of any unlawful material or activity on our website, or any material or activity that breaches these terms and conditions, please let us know.<\/p>\n<p>11.2\u00a0 You can let us know about any such material or activity [by email or using our abuse reporting form].<\/p>\n<ol start=\"12\">\n<li>\n<h2><strong> Limited warranties<\/strong><\/h2>\n<\/li>\n<\/ol>\n<p>12.1\u00a0 We do not warrant or represent:<\/p>\n<p>(a)\u00a0\u00a0\u00a0 the completeness or accuracy of the information published on our website;<\/p>\n<p>(b)\u00a0\u00a0\u00a0 that the material on the website is up to date; or<\/p>\n<p>(c)\u00a0\u00a0\u00a0 that the website or any service on the website will remain available.<\/p>\n<p>12.2\u00a0 We reserve the right to discontinue or alter any or all of our website services, and to stop publishing our website, at any time in our sole discretion without notice or explanation; and save to the extent expressly provided otherwise in these terms and conditions, you will not be entitled to any compensation or other payment upon the discontinuance or alteration of any website services, or if we stop publishing the website.<\/p>\n<p>12.3\u00a0 To the maximum extent permitted by applicable law and subject to Section 13.1, we exclude all representations and warranties relating to the subject matter of these terms and conditions, our website and the use of our website.<\/p>\n<ol start=\"13\">\n<li>\n<h2><strong> Limitations and exclusions of liability<\/strong><\/h2>\n<\/li>\n<\/ol>\n<p>13.1\u00a0 Nothing in these terms and conditions will:<\/p>\n<p>(a)\u00a0\u00a0\u00a0 limit or exclude any liability for death or personal injury resulting from negligence;<\/p>\n<p>(b)\u00a0\u00a0\u00a0 limit or exclude any liability for fraud or fraudulent misrepresentation;<\/p>\n<p>(c)\u00a0\u00a0\u00a0 limit any liabilities in any way that is not permitted under applicable law; or<\/p>\n<p>(d)\u00a0\u00a0\u00a0 exclude any liabilities that may not be excluded under applicable law.<\/p>\n<p>13.2\u00a0 The limitations and exclusions of liability set out in this Section 13 and elsewhere in these terms and conditions:<\/p>\n<p>(a)\u00a0\u00a0\u00a0 are subject to Section 13.1; and<\/p>\n<p>(b)\u00a0\u00a0\u00a0 govern all liabilities arising under these terms and conditions or relating to the subject matter of these terms and conditions, including liabilities arising in contract, in tort (including negligence) and for breach of statutory duty, except to the extent expressly provided otherwise in these terms and conditions.<\/p>\n<p>13.3\u00a0 To the extent that our website and the information and services on our website are provided free of charge, we will not be liable for any loss or damage of any nature.<\/p>\n<p>13.4\u00a0 We will not be liable to you in respect of any losses arising out of any event or events beyond our reasonable control.<\/p>\n<p>13.5\u00a0 We will not be liable to you in respect of any business losses, including (without limitation) loss of or damage to profits, income, revenue, use, production, anticipated savings, business, contracts, commercial opportunities or goodwill.<\/p>\n<p>13.6\u00a0 We will not be liable to you in respect of any loss or corruption of any data, database or software.<\/p>\n<p>13.7\u00a0 We will not be liable to you in respect of any special, indirect or consequential loss or damage.<\/p>\n<p>13.8\u00a0 You accept that we have an interest in limiting the personal liability of our officers and employees and, having regard to that interest, you acknowledge that we are a limited liability entity; you agree that you will not bring any claim personally against our officers or employees in respect of any losses you suffer in connection with the website or these terms and conditions (this will not, of course, limit or exclude the liability of the limited liability entity itself for the acts and omissions of our officers and employees).<\/p>\n<ol start=\"14\">\n<li>\n<h2><strong> Breaches of these terms and conditions<\/strong><\/h2>\n<\/li>\n<\/ol>\n<p>14.1\u00a0 Without prejudice to our other rights under these terms and conditions, if you breach these terms and conditions in any way, or if we reasonably suspect that you have breached these terms and conditions in any way, we may:<\/p>\n<p>(a)\u00a0\u00a0\u00a0 send you one or more formal warnings;<\/p>\n<p>(b)\u00a0\u00a0\u00a0 temporarily suspend your access to our website;<\/p>\n<p>(c)\u00a0\u00a0\u00a0 permanently prohibit you from accessing our website;<\/p>\n<p>(d)\u00a0\u00a0\u00a0 block computers using your IP address from accessing our website;<\/p>\n<p>(e)\u00a0\u00a0\u00a0 contact any or all of your internet service providers and request that they block your access to our website;<\/p>\n<p>(f)\u00a0\u00a0\u00a0 commence legal action against you, whether for breach of contract or otherwise; and\/or<\/p>\n<p>(g)\u00a0\u00a0\u00a0 suspend or delete your account on our website.<\/p>\n<p>14.2\u00a0 Where we suspend or prohibit or block your access to our website or a part of our website, you must not take any action to circumvent such suspension or prohibition or blocking\u00a0 (including without limitation creating and\/or using a different account).<\/p>\n<ol start=\"15\">\n<li>\n<h2><strong> Third party websites<\/strong><\/h2>\n<\/li>\n<\/ol>\n<p>15.1\u00a0 Our website includes hyperlinks to other websites owned and operated by third parties; such hyperlinks are not recommendations.<\/p>\n<p>15.2\u00a0 We have no control over third party websites and their contents, and subject to Section 13.1 we accept no responsibility for them or for any loss or damage that may arise from your use of them.<\/p>\n<ol start=\"16\">\n<li>\n<h2><strong> Trade marks<\/strong><\/h2>\n<\/li>\n<\/ol>\n<p>16.1\u00a0 <em>St\u00f2rlann and St\u00f2rlann N\u00e0iseanta na G\u00e0idhlig<\/em>, our logos and our other registered and unregistered trade marks are trade marks belonging to us; we give no permission for the use of these trade marks, and such use may constitute an infringement of our rights.<\/p>\n<p>16.2\u00a0 The third party registered and unregistered trade marks or service marks on our website are the property of their respective owners and, unless stated otherwise in these terms and conditions, we do not endorse and are not affiliated with any of the holders of any such rights and as such we cannot grant any licence to exercise such rights.<\/p>\n<ol start=\"17\">\n<li>\n<h2><strong> Variation<\/strong><\/h2>\n<\/li>\n<\/ol>\n<p>17.1\u00a0 We may revise these terms and conditions from time to time.<\/p>\n<p>17.2\u00a0 The revised terms and conditions shall apply to the use of our website from the date of publication of the revised terms and conditions on the website, and you hereby waive any right you may otherwise have to be notified of, or to consent to, revisions of these terms and conditions.<\/p>\n<p>17.3\u00a0 If you have given your express agreement to these terms and conditions, we will ask for your express agreement to any revision of these terms and conditions; and if you do not give your express agreement to the revised terms and conditions within such period as we may specify, we will disable or delete your account on the website, and you must stop using the website.<\/p>\n<ol start=\"18\">\n<li>\n<h2><strong> Assignment<\/strong><\/h2>\n<\/li>\n<\/ol>\n<p>18.1\u00a0 You hereby agree that we may assign, transfer, sub-contract or otherwise deal with our rights and\/or obligations under these terms and conditions.<\/p>\n<p>18.2\u00a0 You may not without our prior written consent assign, transfer, sub-contract or otherwise deal with any of your rights and\/or obligations under these terms and conditions.<\/p>\n<ol start=\"19\">\n<li>\n<h2><strong> Severability<\/strong><\/h2>\n<\/li>\n<\/ol>\n<p>19.1\u00a0 If a provision of these terms and conditions is determined by any court or other competent authority to be unlawful and\/or unenforceable, the other provisions will continue in effect.<\/p>\n<p>19.2\u00a0 If any unlawful and\/or unenforceable provision of these terms and conditions would be lawful or enforceable if part of it were deleted, that part will be deemed to be deleted, and the rest of the provision will continue in effect.<\/p>\n<ol start=\"20\">\n<li>\n<h2><strong> Third party rights<\/strong><\/h2>\n<\/li>\n<\/ol>\n<p>20.1\u00a0 A contract under these terms and conditions is for our benefit and your benefit, and is not intended to benefit or be enforceable by any third party.<\/p>\n<p>20.2\u00a0 The exercise of the parties&#8217; rights under a contract under these terms and conditions is not subject to the consent of any third party.<\/p>\n<ol start=\"21\">\n<li>\n<h2><strong> Entire agreement<\/strong><\/h2>\n<\/li>\n<\/ol>\n<p>21.1\u00a0 Subject to Section 13.1, these terms and conditions[, together with [our privacy and cookies policy, shall constitute the entire agreement between you and us in relation to your use of our website and shall supersede all previous agreements between you and us in relation to your use of our website.<\/p>\n<ol start=\"22\">\n<li>\n<h2><strong> Law and jurisdiction<\/strong><\/h2>\n<\/li>\n<\/ol>\n<p>22.1\u00a0 These terms and conditions shall be governed by and construed in accordance with Scottish law.<\/p>\n<p>22.2\u00a0 Any disputes relating to these terms and conditions shall be subject to the exclusive\u00a0 jurisdiction of the courts of Scotland.<\/p>\n<ol start=\"23\">\n<li>\n<h2><strong> Statutory and regulatory disclosures<\/strong><\/h2>\n<\/li>\n<\/ol>\n<p>23.1\u00a0 We are registered in <em>Companies House<\/em>; you can find the online version of the register at https:\/\/beta.companieshouse.gov.uk\/, and our registration number is\u00a0<strong>SC190298<\/strong>.<\/p>\n<ol start=\"24\">\n<li>\n<h2><strong> Our details<\/strong><\/h2>\n<\/li>\n<\/ol>\n<p>24.1\u00a0 This website is owned and operated by <strong>St\u00f2rlann N\u00e0iseanta na G\u00e0idhlig.<\/strong><\/p>\n<p>24.2\u00a0 We are registered in Scotland\u00a0 under registration number <strong>SC 190298 <\/strong>, and our registered office is at <strong><em>An Tosgan, 54 Seaforth Road, Stornoway, Isle of Lewis HS1 2SD<\/em><\/strong>.<\/p>\n<p>24.3\u00a0 Our principal place of business is at the address at 24.2 above.<\/p>\n<p>24.4\u00a0 You can contact us:<\/p>\n<p>(a)\u00a0\u00a0\u00a0 by post, using the postal address given above;<\/p>\n<p>(b)\u00a0\u00a0\u00a0 using our website contact form;<\/p>\n<p>(c)\u00a0\u00a0\u00a0 by telephone, on <strong>01851 700880<\/strong>.<\/p>\n<p>(d)\u00a0\u00a0\u00a0 by email, using the email address published on our website from time to time &#8211; <strong>oifis@storlann.co.uk<\/strong>.<\/p>\n<p><em>\u00a0<\/em><\/p>\n","protected":false},"excerpt":{"rendered":"<p>Terms and conditions of use Introduction 1.1\u00a0\u00a0\u00a0 These terms and conditions shall govern your use of our website. 1.2\u00a0\u00a0\u00a0 By using our website, you accept these terms and conditions in full; accordingly, if you disagree with these terms and conditions or any part of these terms and conditions, you must not use our website. 1.3\u00a0\u00a0\u00a0 [&hellip;]<\/p>\n","protected":false},"author":1,"featured_media":0,"parent":0,"menu_order":0,"comment_status":"closed","ping_status":"closed","template":"","meta":{"footnotes":""},"class_list":["post-384","page","type-page","status-publish","hentry"],"_links":{"self":[{"href":"https:\/\/www.storlann.co.uk\/buth\/wp-json\/wp\/v2\/pages\/384","targetHints":{"allow":["GET"]}}],"collection":[{"href":"https:\/\/www.storlann.co.uk\/buth\/wp-json\/wp\/v2\/pages"}],"about":[{"href":"https:\/\/www.storlann.co.uk\/buth\/wp-json\/wp\/v2\/types\/page"}],"author":[{"embeddable":true,"href":"https:\/\/www.storlann.co.uk\/buth\/wp-json\/wp\/v2\/users\/1"}],"replies":[{"embeddable":true,"href":"https:\/\/www.storlann.co.uk\/buth\/wp-json\/wp\/v2\/comments?post=384"}],"version-history":[{"count":0,"href":"https:\/\/www.storlann.co.uk\/buth\/wp-json\/wp\/v2\/pages\/384\/revisions"}],"wp:attachment":[{"href":"https:\/\/www.storlann.co.uk\/buth\/wp-json\/wp\/v2\/media?parent=384"}],"curies":[{"name":"wp","href":"https:\/\/api.w.org\/{rel}","templated":true}]}}