{"id":160,"date":"2017-11-02T16:56:09","date_gmt":"2017-11-02T16:56:09","guid":{"rendered":"https:\/\/www.storlann.co.uk\/buth\/product\/scottish-quest\/"},"modified":"2023-01-12T23:49:11","modified_gmt":"2023-01-12T23:49:11","slug":"scottish-quest","status":"publish","type":"product","link":"https:\/\/www.storlann.co.uk\/buth\/product\/scottish-quest\/","title":{"rendered":"Ciste Ulaidh na h-Alba"},"content":{"rendered":"","protected":false},"excerpt":{"rendered":"<p>D\u00f9thaich, Dualchas agus D\u00e0nachd! Fosglaibh Ciste Ulaidh na h-Alba<\/p>\n<p>Tha iomadachd bheairteach na h-Alba air a nochdadh anns a&#039; gheama b\u00f9ird sgoinneil seo. Fhad &#039;s a dh&#039;fhalbhas sibh nur deann bho cheist gu ceist, bho Gh\u00e0idhealtachd gu Galltachd na h-Alba, lorgaidh sibh f\u00ecrinnean annasach ann am pailteas mu dh\u00f9thaich le c\u00f2rr is m\u00ecle bliadhna de dh\u00e0nachd, de ghn\u00ecomhan agus de dh&#039;euchdan na h-eachdraidh!<\/p>\n<p>Tha c\u00f2rr is 2,000 ceist ioma-roghainn, ann an ceithir earrannan fa leth &#8211; eachdraidh, fearann agus n\u00e0dar, cultar agus an latha an-diugh &#8211; tha an t-uabhas ann rio ionnsachadh. Ach bithibh air ur faiceall &#8211; fhad &#039;s a shi\u00f9bhlas sibh an d\u00f9thaich agus e air a chur romhaibh na litrichean &#039;CISTE&#039; a chruinneachadh, faodaidh cairtean crannchuir ur cuideachadh no bacadh a chur oirbh, agus feumaidh sibh buinn airgid a chosnadh airson rudan a ph\u00e0igheadh.<\/p>\n<p>Airson 2-6 cluicheadairean \/ sgiobaidhean. Aois 8+<\/p>\n","protected":false},"featured_media":96,"template":"","meta":[],"product_brand":[],"product_cat":[59],"product_tag":[],"class_list":{"0":"post-160","1":"product","2":"type-product","3":"status-publish","4":"has-post-thumbnail","6":"product_cat-geama-buird","7":"product_shipping_class-combined-courier-up-to-20kg-2","9":"first","10":"instock","11":"featured","12":"shipping-taxable","13":"purchasable","14":"product-type-simple"},"_links":{"self":[{"href":"https:\/\/www.storlann.co.uk\/buth\/wp-json\/wp\/v2\/product\/160","targetHints":{"allow":["GET"]}}],"collection":[{"href":"https:\/\/www.storlann.co.uk\/buth\/wp-json\/wp\/v2\/product"}],"about":[{"href":"https:\/\/www.storlann.co.uk\/buth\/wp-json\/wp\/v2\/types\/product"}],"wp:featuredmedia":[{"embeddable":true,"href":"https:\/\/www.storlann.co.uk\/buth\/wp-json\/wp\/v2\/media\/96"}],"wp:attachment":[{"href":"https:\/\/www.storlann.co.uk\/buth\/wp-json\/wp\/v2\/media?parent=160"}],"wp:term":[{"taxonomy":"product_brand","embeddable":true,"href":"https:\/\/www.storlann.co.uk\/buth\/wp-json\/wp\/v2\/product_brand?post=160"},{"taxonomy":"product_cat","embeddable":true,"href":"https:\/\/www.storlann.co.uk\/buth\/wp-json\/wp\/v2\/product_cat?post=160"},{"taxonomy":"product_tag","embeddable":true,"href":"https:\/\/www.storlann.co.uk\/buth\/wp-json\/wp\/v2\/product_tag?post=160"}],"curies":[{"name":"wp","href":"https:\/\/api.w.org\/{rel}","templated":true}]}}