{"id":237,"date":"2017-12-07T10:00:36","date_gmt":"2017-12-07T10:00:36","guid":{"rendered":"https:\/\/www.storlann.co.uk\/buth\/product\/ceumannan-1\/"},"modified":"2023-03-23T14:40:41","modified_gmt":"2023-03-23T14:40:41","slug":"ceumannan-1","status":"publish","type":"product","link":"https:\/\/www.storlann.co.uk\/buth\/product\/ceumannan-1\/","title":{"rendered":"Ceumannan 1"},"content":{"rendered":"","protected":false},"excerpt":{"rendered":"<p>C\u00f9rsa do luchd-ionnsachaidh na G\u00e0idhlig san \u00e0rd-sgoil.<\/p>\n<p>\u2019S e seo a\u2019 chiad leabhar sa ch\u00f9rsa. Le modalan a\u2019 d\u00e8iligeadh ri cur an aithne, \u00e0ireamhan agus aoisean, l\u00e0ithean na seachdain, dathan agus an teaghlach, agus cultar na G\u00e0idhlig, tha taic sh\u00f2nraichte an seo do luchd-ionnsachaidh na G\u00e0idhlig.<\/p>\n<p>Air l\u00e0rach-l\u00ecn Ceumannan aig <a href=\"https:\/\/www.storlann.co.uk\/ceumannan\" target=\"_blank\" rel=\"noopener noreferrer\">www.storlann.co.uk\/ceumannan<\/a> tha faidhlichean fuaim a bheir taic le fuaimneachadh agus labhairt, gn\u00ecomhan agus geamannan a ghabhas luchdachadh a-nuas, agus faclair leis a\u2019 bhriathrachas a tha a\u2019 nochdadh san leabhar.<\/p>\n","protected":false},"featured_media":277,"template":"","meta":[],"product_brand":[],"product_cat":[56],"product_tag":[],"class_list":{"0":"post-237","1":"product","2":"type-product","3":"status-publish","4":"has-post-thumbnail","6":"product_cat-leabhar","7":"product_shipping_class-royal-mail-small-parcel-ceumannan-1-or-4-2","9":"first","10":"outofstock","11":"shipping-taxable","12":"purchasable","13":"product-type-simple"},"_links":{"self":[{"href":"https:\/\/www.storlann.co.uk\/buth\/wp-json\/wp\/v2\/product\/237","targetHints":{"allow":["GET"]}}],"collection":[{"href":"https:\/\/www.storlann.co.uk\/buth\/wp-json\/wp\/v2\/product"}],"about":[{"href":"https:\/\/www.storlann.co.uk\/buth\/wp-json\/wp\/v2\/types\/product"}],"wp:featuredmedia":[{"embeddable":true,"href":"https:\/\/www.storlann.co.uk\/buth\/wp-json\/wp\/v2\/media\/277"}],"wp:attachment":[{"href":"https:\/\/www.storlann.co.uk\/buth\/wp-json\/wp\/v2\/media?parent=237"}],"wp:term":[{"taxonomy":"product_brand","embeddable":true,"href":"https:\/\/www.storlann.co.uk\/buth\/wp-json\/wp\/v2\/product_brand?post=237"},{"taxonomy":"product_cat","embeddable":true,"href":"https:\/\/www.storlann.co.uk\/buth\/wp-json\/wp\/v2\/product_cat?post=237"},{"taxonomy":"product_tag","embeddable":true,"href":"https:\/\/www.storlann.co.uk\/buth\/wp-json\/wp\/v2\/product_tag?post=237"}],"curies":[{"name":"wp","href":"https:\/\/api.w.org\/{rel}","templated":true}]}}