{"id":251,"date":"2017-12-07T10:02:41","date_gmt":"2017-12-07T10:02:41","guid":{"rendered":"https:\/\/www.storlann.co.uk\/buth\/product\/ceumannan-2\/"},"modified":"2022-10-13T14:52:54","modified_gmt":"2022-10-13T13:52:54","slug":"ceumannan-2","status":"publish","type":"product","link":"https:\/\/www.storlann.co.uk\/buth\/product\/ceumannan-2\/","title":{"rendered":"Ceumannan 2"},"content":{"rendered":"","protected":false},"excerpt":{"rendered":"<p>C\u00f9rsa do luchd-ionnsachaidh na G\u00e0idhlig san \u00e0rd-sgoil.<\/p>\n<p>\u2019S e seo an dara leabhar sa ch\u00f9rsa. Le modalan a\u2019 d\u00e8iligeadh ris a\u2019 bhodhaig, cur-seachadan, na rinn thu air na saor-l\u00e0ithean, agus cultar na G\u00e0idhlig, tha taic sh\u00f2nraichte an seo do luchd-ionnsachaidh na G\u00e0idhlig.<\/p>\n<p>Air l\u00e0rach-l\u00ecn Ceumannan aig <a href=\"https:\/\/www.storlann.co.uk\/ceumannan\" target=\"_blank\" rel=\"noopener noreferrer\">www.storlann.co.uk\/ceumannan<\/a> tha faidhlichean fuaim a bheir taic le fuaimneachadh agus labhairt, gn\u00ecomhan agus geamannan a ghabhas luchdachadh a-nuas, agus faclair leis a\u2019 bhriathrachas a tha a\u2019 nochdadh san leabhar.<\/p>\n","protected":false},"featured_media":279,"template":"","meta":[],"product_brand":[],"product_cat":[56],"product_tag":[],"class_list":{"0":"post-251","1":"product","2":"type-product","3":"status-publish","4":"has-post-thumbnail","6":"product_cat-leabhar","7":"product_shipping_class-royal-mail-small-parcel-ceumannan-2-or-3-2","9":"first","10":"instock","11":"shipping-taxable","12":"purchasable","13":"product-type-simple"},"_links":{"self":[{"href":"https:\/\/www.storlann.co.uk\/buth\/wp-json\/wp\/v2\/product\/251","targetHints":{"allow":["GET"]}}],"collection":[{"href":"https:\/\/www.storlann.co.uk\/buth\/wp-json\/wp\/v2\/product"}],"about":[{"href":"https:\/\/www.storlann.co.uk\/buth\/wp-json\/wp\/v2\/types\/product"}],"wp:featuredmedia":[{"embeddable":true,"href":"https:\/\/www.storlann.co.uk\/buth\/wp-json\/wp\/v2\/media\/279"}],"wp:attachment":[{"href":"https:\/\/www.storlann.co.uk\/buth\/wp-json\/wp\/v2\/media?parent=251"}],"wp:term":[{"taxonomy":"product_brand","embeddable":true,"href":"https:\/\/www.storlann.co.uk\/buth\/wp-json\/wp\/v2\/product_brand?post=251"},{"taxonomy":"product_cat","embeddable":true,"href":"https:\/\/www.storlann.co.uk\/buth\/wp-json\/wp\/v2\/product_cat?post=251"},{"taxonomy":"product_tag","embeddable":true,"href":"https:\/\/www.storlann.co.uk\/buth\/wp-json\/wp\/v2\/product_tag?post=251"}],"curies":[{"name":"wp","href":"https:\/\/api.w.org\/{rel}","templated":true}]}}