{"id":253,"date":"2017-12-07T10:03:39","date_gmt":"2017-12-07T10:03:39","guid":{"rendered":"https:\/\/www.storlann.co.uk\/buth\/product\/ceumannan-4\/"},"modified":"2017-12-08T09:23:41","modified_gmt":"2017-12-08T09:23:41","slug":"ceumannan-4","status":"publish","type":"product","link":"https:\/\/www.storlann.co.uk\/buth\/product\/ceumannan-4\/","title":{"rendered":"Ceumannan 4"},"content":{"rendered":"","protected":false},"excerpt":{"rendered":"<p>C\u00f9rsa do luchd-ionnsachaidh na G\u00e0idhlig san \u00e0rd-sgoil. <\/p>\n<p>\u2019S e seo an ceathramh leabhar sa ch\u00f9rsa. Le modalan a\u2019 d\u00e8iligeadh ri cuspairean sgoile, obraichean, d\u00e8anamh coimeas agus beachdan, air an d\u00f9thaich, agus cultar na G\u00e0idhlig, tha taic sh\u00f2nraichte an seo do luchd-ionnsachaidh na G\u00e0idhlig.<\/p>\n<p>Air l\u00e0rach-l\u00ecn Ceumannan aig <a href=\"https:\/\/www.storlann.co.uk\/ceumannan\" rel=\"noopener\" target=\"_blank\">www.storlann.co.uk\/ceumannan<\/a> tha faidhlichean fuaim a bheir taic le fuaimneachadh agus labhairt, gn\u00ecomhan agus geamannan a ghabhas luchdachadh a-nuas, agus faclair leis a\u2019 bhriathrachas a tha a\u2019 nochdadh san leabhar. <\/p>\n","protected":false},"featured_media":283,"template":"","meta":[],"product_brand":[],"product_cat":[56],"product_tag":[],"class_list":{"0":"post-253","1":"product","2":"type-product","3":"status-publish","4":"has-post-thumbnail","6":"product_cat-leabhar","7":"product_shipping_class-royal-mail-small-parcel-ceumannan-1-or-4-2","9":"first","10":"instock","11":"shipping-taxable","12":"purchasable","13":"product-type-simple"},"_links":{"self":[{"href":"https:\/\/www.storlann.co.uk\/buth\/wp-json\/wp\/v2\/product\/253","targetHints":{"allow":["GET"]}}],"collection":[{"href":"https:\/\/www.storlann.co.uk\/buth\/wp-json\/wp\/v2\/product"}],"about":[{"href":"https:\/\/www.storlann.co.uk\/buth\/wp-json\/wp\/v2\/types\/product"}],"wp:featuredmedia":[{"embeddable":true,"href":"https:\/\/www.storlann.co.uk\/buth\/wp-json\/wp\/v2\/media\/283"}],"wp:attachment":[{"href":"https:\/\/www.storlann.co.uk\/buth\/wp-json\/wp\/v2\/media?parent=253"}],"wp:term":[{"taxonomy":"product_brand","embeddable":true,"href":"https:\/\/www.storlann.co.uk\/buth\/wp-json\/wp\/v2\/product_brand?post=253"},{"taxonomy":"product_cat","embeddable":true,"href":"https:\/\/www.storlann.co.uk\/buth\/wp-json\/wp\/v2\/product_cat?post=253"},{"taxonomy":"product_tag","embeddable":true,"href":"https:\/\/www.storlann.co.uk\/buth\/wp-json\/wp\/v2\/product_tag?post=253"}],"curies":[{"name":"wp","href":"https:\/\/api.w.org\/{rel}","templated":true}]}}