{"id":3770,"date":"2025-12-02T11:26:36","date_gmt":"2025-12-02T11:26:36","guid":{"rendered":"https:\/\/www.storlann.co.uk\/buth\/?post_type=product&#038;p=3770"},"modified":"2025-12-02T11:26:36","modified_gmt":"2025-12-02T11:26:36","slug":"lorgan-litreachaidh-ire-2-leabhar-an-tidseir","status":"publish","type":"product","link":"https:\/\/www.storlann.co.uk\/buth\/product\/lorgan-litreachaidh-ire-2-leabhar-an-tidseir\/","title":{"rendered":"Lorgan Litreachaidh \u00ccre 2 &#8211; Leabhar an Tidseir"},"content":{"rendered":"<p><img loading=\"lazy\" decoding=\"async\" class=\"size-medium wp-image-3771\" src=\"https:\/\/www.storlann.co.uk\/buth\/wp-content\/uploads\/2025\/05\/image00047-2-212x300.jpg\" alt=\"\" width=\"212\" height=\"300\" srcset=\"https:\/\/www.storlann.co.uk\/buth\/wp-content\/uploads\/2025\/05\/image00047-2-212x300.jpg 212w, https:\/\/www.storlann.co.uk\/buth\/wp-content\/uploads\/2025\/05\/image00047-2-722x1024.jpg 722w, https:\/\/www.storlann.co.uk\/buth\/wp-content\/uploads\/2025\/05\/image00047-2-768x1089.jpg 768w, https:\/\/www.storlann.co.uk\/buth\/wp-content\/uploads\/2025\/05\/image00047-2-1083x1536.jpg 1083w, https:\/\/www.storlann.co.uk\/buth\/wp-content\/uploads\/2025\/05\/image00047-2-1445x2048.jpg 1445w, https:\/\/www.storlann.co.uk\/buth\/wp-content\/uploads\/2025\/05\/image00047-2-416x590.jpg 416w, https:\/\/www.storlann.co.uk\/buth\/wp-content\/uploads\/2025\/05\/image00047-2-scaled.jpg 1806w\" sizes=\"auto, (max-width: 212px) 100vw, 212px\" \/><\/p>\n","protected":false},"excerpt":{"rendered":"<p>Pr\u00f2gram airson teagasg litreachadh na G\u00e0idhlig &#8211; seo an d\u00e0rna leabhar san t-sreath.<\/p>\n","protected":false},"featured_media":3771,"template":"","meta":[],"product_brand":[],"product_cat":[55],"product_tag":[],"class_list":{"0":"post-3770","1":"product","2":"type-product","3":"status-publish","4":"has-post-thumbnail","6":"product_cat-uncategorized-gd","8":"first","9":"instock","10":"shipping-taxable","11":"purchasable","12":"product-type-simple"},"_links":{"self":[{"href":"https:\/\/www.storlann.co.uk\/buth\/wp-json\/wp\/v2\/product\/3770","targetHints":{"allow":["GET"]}}],"collection":[{"href":"https:\/\/www.storlann.co.uk\/buth\/wp-json\/wp\/v2\/product"}],"about":[{"href":"https:\/\/www.storlann.co.uk\/buth\/wp-json\/wp\/v2\/types\/product"}],"wp:featuredmedia":[{"embeddable":true,"href":"https:\/\/www.storlann.co.uk\/buth\/wp-json\/wp\/v2\/media\/3771"}],"wp:attachment":[{"href":"https:\/\/www.storlann.co.uk\/buth\/wp-json\/wp\/v2\/media?parent=3770"}],"wp:term":[{"taxonomy":"product_brand","embeddable":true,"href":"https:\/\/www.storlann.co.uk\/buth\/wp-json\/wp\/v2\/product_brand?post=3770"},{"taxonomy":"product_cat","embeddable":true,"href":"https:\/\/www.storlann.co.uk\/buth\/wp-json\/wp\/v2\/product_cat?post=3770"},{"taxonomy":"product_tag","embeddable":true,"href":"https:\/\/www.storlann.co.uk\/buth\/wp-json\/wp\/v2\/product_tag?post=3770"}],"curies":[{"name":"wp","href":"https:\/\/api.w.org\/{rel}","templated":true}]}}