{"id":3817,"date":"2025-12-02T14:42:19","date_gmt":"2025-12-02T14:42:19","guid":{"rendered":"https:\/\/www.storlann.co.uk\/buth\/?post_type=product&#038;p=3817"},"modified":"2025-12-02T14:42:20","modified_gmt":"2025-12-02T14:42:20","slug":"balach-nam-paidseamas-shriopach","status":"publish","type":"product","link":"https:\/\/www.storlann.co.uk\/buth\/product\/balach-nam-paidseamas-shriopach\/","title":{"rendered":"Balach nam Paidseamas Shriopach"},"content":{"rendered":"<p><img loading=\"lazy\" decoding=\"async\" class=\"alignnone size-medium wp-image-3818\" src=\"https:\/\/www.storlann.co.uk\/buth\/wp-content\/uploads\/2025\/12\/image00008-1-197x300.jpg\" alt=\"\" width=\"197\" height=\"300\" srcset=\"https:\/\/www.storlann.co.uk\/buth\/wp-content\/uploads\/2025\/12\/image00008-1-197x300.jpg 197w, https:\/\/www.storlann.co.uk\/buth\/wp-content\/uploads\/2025\/12\/image00008-1-671x1024.jpg 671w, https:\/\/www.storlann.co.uk\/buth\/wp-content\/uploads\/2025\/12\/image00008-1-768x1172.jpg 768w, https:\/\/www.storlann.co.uk\/buth\/wp-content\/uploads\/2025\/12\/image00008-1-1007x1536.jpg 1007w, https:\/\/www.storlann.co.uk\/buth\/wp-content\/uploads\/2025\/12\/image00008-1-416x635.jpg 416w, https:\/\/www.storlann.co.uk\/buth\/wp-content\/uploads\/2025\/12\/image00008-1.jpg 1280w\" sizes=\"auto, (max-width: 197px) 100vw, 197px\" \/><\/p>\n","protected":false},"excerpt":{"rendered":"<p>Sgeulachd mu dh\u00e0 bhalach, cogadh agus feansa.<\/p>\n<p>Tha an d\u00e0rna cogadh aig \u00e0rd \u00ecre. Anns a&#8217; Ph\u00f2lainn, tha Bruno agus Shmuel a&#8217; coinneachadh aig campa Gearmailteach ach tha feansa eatarra. Tha c\u00e0irdeas l\u00e0idir aig \u00e8irigh eadar na balaich &#8211; c\u00e0irdeas a bheir iad gu ceann-uidhe ris nach robh d\u00f9il.<\/p>\n<p>Seo do chothrom &#8211; fosgail an leabhar agus leugh!<\/p>\n","protected":false},"featured_media":3818,"template":"","meta":[],"product_brand":[],"product_cat":[55],"product_tag":[],"class_list":{"0":"post-3817","1":"product","2":"type-product","3":"status-publish","4":"has-post-thumbnail","6":"product_cat-uncategorized-gd","8":"first","9":"instock","10":"shipping-taxable","11":"purchasable","12":"product-type-simple"},"_links":{"self":[{"href":"https:\/\/www.storlann.co.uk\/buth\/wp-json\/wp\/v2\/product\/3817","targetHints":{"allow":["GET"]}}],"collection":[{"href":"https:\/\/www.storlann.co.uk\/buth\/wp-json\/wp\/v2\/product"}],"about":[{"href":"https:\/\/www.storlann.co.uk\/buth\/wp-json\/wp\/v2\/types\/product"}],"wp:featuredmedia":[{"embeddable":true,"href":"https:\/\/www.storlann.co.uk\/buth\/wp-json\/wp\/v2\/media\/3818"}],"wp:attachment":[{"href":"https:\/\/www.storlann.co.uk\/buth\/wp-json\/wp\/v2\/media?parent=3817"}],"wp:term":[{"taxonomy":"product_brand","embeddable":true,"href":"https:\/\/www.storlann.co.uk\/buth\/wp-json\/wp\/v2\/product_brand?post=3817"},{"taxonomy":"product_cat","embeddable":true,"href":"https:\/\/www.storlann.co.uk\/buth\/wp-json\/wp\/v2\/product_cat?post=3817"},{"taxonomy":"product_tag","embeddable":true,"href":"https:\/\/www.storlann.co.uk\/buth\/wp-json\/wp\/v2\/product_tag?post=3817"}],"curies":[{"name":"wp","href":"https:\/\/api.w.org\/{rel}","templated":true}]}}