{"id":3827,"date":"2025-12-02T15:25:52","date_gmt":"2025-12-02T15:25:52","guid":{"rendered":"https:\/\/www.storlann.co.uk\/buth\/?post_type=product&#038;p=3827"},"modified":"2025-12-24T11:18:18","modified_gmt":"2025-12-24T11:18:18","slug":"3827","status":"publish","type":"product","link":"https:\/\/www.storlann.co.uk\/buth\/product\/3827\/","title":{"rendered":"D\u00f2chas an t-Samhraidh"},"content":{"rendered":"<p><img loading=\"lazy\" decoding=\"async\" class=\"alignnone size-medium wp-image-3828\" src=\"https:\/\/www.storlann.co.uk\/buth\/wp-content\/uploads\/2025\/12\/Storlann-Dochas-an-t-Samhraidh-1-196x300.jpg\" alt=\"\" width=\"196\" height=\"300\" srcset=\"https:\/\/www.storlann.co.uk\/buth\/wp-content\/uploads\/2025\/12\/Storlann-Dochas-an-t-Samhraidh-1-196x300.jpg 196w, https:\/\/www.storlann.co.uk\/buth\/wp-content\/uploads\/2025\/12\/Storlann-Dochas-an-t-Samhraidh-1-416x638.jpg 416w, https:\/\/www.storlann.co.uk\/buth\/wp-content\/uploads\/2025\/12\/Storlann-Dochas-an-t-Samhraidh-1.jpg 503w\" sizes=\"auto, (max-width: 196px) 100vw, 196px\" \/><\/p>\n","protected":false},"excerpt":{"rendered":"<p>Call is ionndrainn<\/p>\n<p>D\u00f2chas is eu-d\u00f2chas<\/p>\n<p>Troimh-a-ch\u00e8ile is c\u00f2rdadh<\/p>\n<p>Le cogadh, thig atharraichean air daoine agus air \u00e0ite.<\/p>\n<p>An tig M\u00f2rag Anna agus a co-ogha Seonaidh gu bhith r\u00e8idh &#8216;s iad air am feuchainn ann an suidheachadh \u00f9r?<\/p>\n","protected":false},"featured_media":3828,"template":"","meta":[],"product_brand":[],"product_cat":[55],"product_tag":[],"class_list":{"0":"post-3827","1":"product","2":"type-product","3":"status-publish","4":"has-post-thumbnail","6":"product_cat-uncategorized-gd","8":"first","9":"instock","10":"shipping-taxable","11":"purchasable","12":"product-type-simple"},"_links":{"self":[{"href":"https:\/\/www.storlann.co.uk\/buth\/wp-json\/wp\/v2\/product\/3827","targetHints":{"allow":["GET"]}}],"collection":[{"href":"https:\/\/www.storlann.co.uk\/buth\/wp-json\/wp\/v2\/product"}],"about":[{"href":"https:\/\/www.storlann.co.uk\/buth\/wp-json\/wp\/v2\/types\/product"}],"wp:featuredmedia":[{"embeddable":true,"href":"https:\/\/www.storlann.co.uk\/buth\/wp-json\/wp\/v2\/media\/3828"}],"wp:attachment":[{"href":"https:\/\/www.storlann.co.uk\/buth\/wp-json\/wp\/v2\/media?parent=3827"}],"wp:term":[{"taxonomy":"product_brand","embeddable":true,"href":"https:\/\/www.storlann.co.uk\/buth\/wp-json\/wp\/v2\/product_brand?post=3827"},{"taxonomy":"product_cat","embeddable":true,"href":"https:\/\/www.storlann.co.uk\/buth\/wp-json\/wp\/v2\/product_cat?post=3827"},{"taxonomy":"product_tag","embeddable":true,"href":"https:\/\/www.storlann.co.uk\/buth\/wp-json\/wp\/v2\/product_tag?post=3827"}],"curies":[{"name":"wp","href":"https:\/\/api.w.org\/{rel}","templated":true}]}}