{"id":3858,"date":"2025-12-24T11:46:05","date_gmt":"2025-12-24T11:46:05","guid":{"rendered":"https:\/\/www.storlann.co.uk\/buth\/?post_type=product&#038;p=3858"},"modified":"2025-12-24T11:48:14","modified_gmt":"2025-12-24T11:48:14","slug":"bun-chruinn-eolas-aiteachan","status":"publish","type":"product","link":"https:\/\/www.storlann.co.uk\/buth\/product\/bun-chruinn-eolas-aiteachan\/","title":{"rendered":"Bun-Chruinn-E\u00f2las \u00c0iteachan"},"content":{"rendered":"<p>Sgr\u00ecobhte a dh&#8217;aon ghnothach airson sgoiltean ann an Alba agus air a chur air d\u00f2igh le na h-\u00f9ghdaran an co-bhonn ri luchd-teagaisg ann an Alba, tha\u00a0<em>Bun-Chruinn-E\u00f2las \u00c0iteachan Foillseachadh Albannach<\/em>:<\/p>\n<ul>\n<li>a&#8217; toirt a-steach earrann \u00f9r air \u00e0iteachan ann an Alba<\/li>\n<li>a&#8217; toirt fiosrachadh mionaideach agus nua-aimisireil air Brasil, Kenya, an Eadailt agus Iapan<\/li>\n<li>a&#8217; toirt aonad air leth air leasachadh an t-saoghail<\/li>\n<li>a&#8217; leantainn dreach agus cumadh sreath\u00a0<em>Bun-Chruinn-E\u00f2las<\/em><\/li>\n<li>freagarrach dha sgoilearan a tha ag obair aig diofar \u00ecrean<\/li>\n<li>a&#8217; cleachdadh raon farsaing de dh\u00f2ighean-teagaisg.<\/li>\n<\/ul>\n","protected":false},"excerpt":{"rendered":"<p>Sgr\u00ecobhte a dh&#8217;aon ghnothach airson sgoiltean ann an Alba agus air a chur air d\u00f2igh le na h-\u00f9ghdaran an co-bhonn ri luchd-teagaisg ann an Alba, tha\u00a0Bun-Chruinn-E\u00f2las \u00c0iteachan Foillseachadh Albannach: a&#8217; toirt a-steach earrann \u00f9r air \u00e0iteachan ann an Alba a&#8217; toirt fiosrachadh mionaideach agus nua-aimisireil air Brasil, Kenya, an Eadailt agus Iapan a&#8217; toirt aonad [&hellip;]<\/p>\n","protected":false},"featured_media":3859,"template":"","meta":[],"product_brand":[],"product_cat":[80,56,78],"product_tag":[],"class_list":{"0":"post-3858","1":"product","2":"type-product","3":"status-publish","4":"has-post-thumbnail","6":"product_cat-cruinn-eolas-geography","7":"product_cat-leabhar","8":"product_cat-textbook","10":"first","11":"instock","12":"shipping-taxable","13":"purchasable","14":"product-type-simple"},"_links":{"self":[{"href":"https:\/\/www.storlann.co.uk\/buth\/wp-json\/wp\/v2\/product\/3858","targetHints":{"allow":["GET"]}}],"collection":[{"href":"https:\/\/www.storlann.co.uk\/buth\/wp-json\/wp\/v2\/product"}],"about":[{"href":"https:\/\/www.storlann.co.uk\/buth\/wp-json\/wp\/v2\/types\/product"}],"wp:featuredmedia":[{"embeddable":true,"href":"https:\/\/www.storlann.co.uk\/buth\/wp-json\/wp\/v2\/media\/3859"}],"wp:attachment":[{"href":"https:\/\/www.storlann.co.uk\/buth\/wp-json\/wp\/v2\/media?parent=3858"}],"wp:term":[{"taxonomy":"product_brand","embeddable":true,"href":"https:\/\/www.storlann.co.uk\/buth\/wp-json\/wp\/v2\/product_brand?post=3858"},{"taxonomy":"product_cat","embeddable":true,"href":"https:\/\/www.storlann.co.uk\/buth\/wp-json\/wp\/v2\/product_cat?post=3858"},{"taxonomy":"product_tag","embeddable":true,"href":"https:\/\/www.storlann.co.uk\/buth\/wp-json\/wp\/v2\/product_tag?post=3858"}],"curies":[{"name":"wp","href":"https:\/\/api.w.org\/{rel}","templated":true}]}}