{"id":3871,"date":"2026-01-07T17:58:26","date_gmt":"2026-01-07T17:58:26","guid":{"rendered":"https:\/\/www.storlann.co.uk\/buth\/?post_type=product&#038;p=3871"},"modified":"2026-01-07T17:58:26","modified_gmt":"2026-01-07T17:58:26","slug":"cho-tapaidh-is-a-tha-siud","status":"publish","type":"product","link":"https:\/\/www.storlann.co.uk\/buth\/product\/cho-tapaidh-is-a-tha-siud\/","title":{"rendered":"Cho Tapaidh is a tha Siud"},"content":{"rendered":"<p><span class=\"rnc2Gd\" data-ast-node-id=\"1\">&#8216;S e balach tapaidh a th&#8217; ann an Tomas.<\/span><\/p>\n<p><span class=\"rnc2Gd\" data-ast-node-id=\"1\">Cha robh san amharc aige a-riamh ach obrachadh gu cruaidh san sgoil, na deuchainnean aige a phasaigeadh, agus gabhail dhan arm<\/span><span class=\"rnc2Gd\" data-ast-node-id=\"2\">.\u00a0<\/span><\/p>\n<p><span class=\"rnc2Gd\" data-ast-node-id=\"3\">Cha do leig e seachad an t-sr\u00ec, fi\u00f9 &#8216;s nuair a rugadh tri\u00f9ir pheathraichean a chuir a bheatha aig an taigh bun-os-cionn<\/span><span class=\"rnc2Gd\" data-ast-node-id=\"4\">.\u00a0<\/span><\/p>\n<p><span class=\"rnc2Gd\" data-ast-node-id=\"5\">Ach nuair a thig dunaidh air latha na deuchainn, feumaidh Tomas smaoineachadh air plana. Gu luath. Agus &#8216;s e an rud as tapaidhe a rinn e riamh a bhios ann<\/span><span class=\"rnc2Gd\" data-ast-node-id=\"6\">!<\/span><\/p>\n","protected":false},"excerpt":{"rendered":"<p>&#8216;S e balach tapaidh a th&#8217; ann an Tomas. Cha robh san amharc aige a-riamh ach obrachadh gu cruaidh san sgoil, na deuchainnean aige a phasaigeadh, agus gabhail dhan arm.\u00a0 Cha do leig e seachad an t-sr\u00ec, fi\u00f9 &#8216;s nuair a rugadh tri\u00f9ir pheathraichean a chuir a bheatha aig an taigh bun-os-cionn.\u00a0 Ach nuair a [&hellip;]<\/p>\n","protected":false},"featured_media":3872,"template":"","meta":[],"product_brand":[],"product_cat":[55],"product_tag":[],"class_list":{"0":"post-3871","1":"product","2":"type-product","3":"status-publish","4":"has-post-thumbnail","6":"product_cat-uncategorized-gd","8":"first","9":"instock","10":"shipping-taxable","11":"purchasable","12":"product-type-simple"},"_links":{"self":[{"href":"https:\/\/www.storlann.co.uk\/buth\/wp-json\/wp\/v2\/product\/3871","targetHints":{"allow":["GET"]}}],"collection":[{"href":"https:\/\/www.storlann.co.uk\/buth\/wp-json\/wp\/v2\/product"}],"about":[{"href":"https:\/\/www.storlann.co.uk\/buth\/wp-json\/wp\/v2\/types\/product"}],"wp:featuredmedia":[{"embeddable":true,"href":"https:\/\/www.storlann.co.uk\/buth\/wp-json\/wp\/v2\/media\/3872"}],"wp:attachment":[{"href":"https:\/\/www.storlann.co.uk\/buth\/wp-json\/wp\/v2\/media?parent=3871"}],"wp:term":[{"taxonomy":"product_brand","embeddable":true,"href":"https:\/\/www.storlann.co.uk\/buth\/wp-json\/wp\/v2\/product_brand?post=3871"},{"taxonomy":"product_cat","embeddable":true,"href":"https:\/\/www.storlann.co.uk\/buth\/wp-json\/wp\/v2\/product_cat?post=3871"},{"taxonomy":"product_tag","embeddable":true,"href":"https:\/\/www.storlann.co.uk\/buth\/wp-json\/wp\/v2\/product_tag?post=3871"}],"curies":[{"name":"wp","href":"https:\/\/api.w.org\/{rel}","templated":true}]}}