{"id":601,"date":"2019-05-16T10:23:54","date_gmt":"2019-05-16T09:23:54","guid":{"rendered":"https:\/\/www.storlann.co.uk\/buth\/?post_type=product&#038;p=601"},"modified":"2020-10-02T14:10:56","modified_gmt":"2020-10-02T13:10:56","slug":"gogaelic-leabhran-3","status":"publish","type":"product","link":"https:\/\/www.storlann.co.uk\/buth\/product\/gogaelic-leabhran-3\/","title":{"rendered":"Go!Gaelic &#8211; Leabhran 3"},"content":{"rendered":"","protected":false},"excerpt":{"rendered":"<p>Tha d\u00f9il gun t\u00e8id na leabhranan a chleachdadh cuide ri bhidiothan Cafaidh Lilidh. Tha na leabhranan a\u2019 daingneachadh pr\u00ecomh ch\u00e0nan gach fear den 20 pr\u00ecomh chuspair. Gheibhear goireasan Go!Gaelic aig <a href=\"https:\/\/www.go-gaelic.scot\">www.go-gaelic.scot<\/a>.<\/p>\n","protected":false},"featured_media":615,"template":"","meta":[],"product_brand":[],"product_cat":[55],"product_tag":[],"class_list":{"0":"post-601","1":"product","2":"type-product","3":"status-publish","4":"has-post-thumbnail","6":"product_cat-uncategorized-gd","8":"first","9":"instock","10":"shipping-taxable","11":"purchasable","12":"product-type-simple"},"_links":{"self":[{"href":"https:\/\/www.storlann.co.uk\/buth\/wp-json\/wp\/v2\/product\/601","targetHints":{"allow":["GET"]}}],"collection":[{"href":"https:\/\/www.storlann.co.uk\/buth\/wp-json\/wp\/v2\/product"}],"about":[{"href":"https:\/\/www.storlann.co.uk\/buth\/wp-json\/wp\/v2\/types\/product"}],"wp:featuredmedia":[{"embeddable":true,"href":"https:\/\/www.storlann.co.uk\/buth\/wp-json\/wp\/v2\/media\/615"}],"wp:attachment":[{"href":"https:\/\/www.storlann.co.uk\/buth\/wp-json\/wp\/v2\/media?parent=601"}],"wp:term":[{"taxonomy":"product_brand","embeddable":true,"href":"https:\/\/www.storlann.co.uk\/buth\/wp-json\/wp\/v2\/product_brand?post=601"},{"taxonomy":"product_cat","embeddable":true,"href":"https:\/\/www.storlann.co.uk\/buth\/wp-json\/wp\/v2\/product_cat?post=601"},{"taxonomy":"product_tag","embeddable":true,"href":"https:\/\/www.storlann.co.uk\/buth\/wp-json\/wp\/v2\/product_tag?post=601"}],"curies":[{"name":"wp","href":"https:\/\/api.w.org\/{rel}","templated":true}]}}