{"id":605,"date":"2019-05-16T10:21:41","date_gmt":"2019-05-16T09:21:41","guid":{"rendered":"https:\/\/www.storlann.co.uk\/buth\/?post_type=product&#038;p=605"},"modified":"2020-10-02T14:11:58","modified_gmt":"2020-10-02T13:11:58","slug":"gogaelic-leabhran-5","status":"publish","type":"product","link":"https:\/\/www.storlann.co.uk\/buth\/product\/gogaelic-leabhran-5\/","title":{"rendered":"Go!Gaelic &#8211; Leabhran 5"},"content":{"rendered":"","protected":false},"excerpt":{"rendered":"<p>Tha d\u00f9il gun t\u00e8id na leabhranan a chleachdadh cuide ri bhidiothan Cafaidh Lilidh. Tha na leabhranan a\u2019 daingneachadh pr\u00ecomh ch\u00e0nan gach fear den 20 pr\u00ecomh chuspair. Gheibhear goireasan Go!Gaelic aig <a href=\"https:\/\/www.go-gaelic.scot\">www.go-gaelic.scot<\/a>.<\/p>\n","protected":false},"featured_media":619,"template":"","meta":[],"product_brand":[],"product_cat":[56],"product_tag":[],"class_list":{"0":"post-605","1":"product","2":"type-product","3":"status-publish","4":"has-post-thumbnail","6":"product_cat-leabhar","8":"first","9":"instock","10":"shipping-taxable","11":"purchasable","12":"product-type-simple"},"_links":{"self":[{"href":"https:\/\/www.storlann.co.uk\/buth\/wp-json\/wp\/v2\/product\/605","targetHints":{"allow":["GET"]}}],"collection":[{"href":"https:\/\/www.storlann.co.uk\/buth\/wp-json\/wp\/v2\/product"}],"about":[{"href":"https:\/\/www.storlann.co.uk\/buth\/wp-json\/wp\/v2\/types\/product"}],"wp:featuredmedia":[{"embeddable":true,"href":"https:\/\/www.storlann.co.uk\/buth\/wp-json\/wp\/v2\/media\/619"}],"wp:attachment":[{"href":"https:\/\/www.storlann.co.uk\/buth\/wp-json\/wp\/v2\/media?parent=605"}],"wp:term":[{"taxonomy":"product_brand","embeddable":true,"href":"https:\/\/www.storlann.co.uk\/buth\/wp-json\/wp\/v2\/product_brand?post=605"},{"taxonomy":"product_cat","embeddable":true,"href":"https:\/\/www.storlann.co.uk\/buth\/wp-json\/wp\/v2\/product_cat?post=605"},{"taxonomy":"product_tag","embeddable":true,"href":"https:\/\/www.storlann.co.uk\/buth\/wp-json\/wp\/v2\/product_tag?post=605"}],"curies":[{"name":"wp","href":"https:\/\/api.w.org\/{rel}","templated":true}]}}