{"id":4380,"date":"2015-08-10T17:43:28","date_gmt":"2015-08-10T16:43:28","guid":{"rendered":"http:\/\/www.storlann.co.uk\/fileanta\/?page_id=4380"},"modified":"2024-03-21T17:36:55","modified_gmt":"2024-03-21T17:36:55","slug":"fiosrachadh","status":"publish","type":"page","link":"https:\/\/www.storlann.co.uk\/fileanta\/fiosrachadh\/","title":{"rendered":"Fiosrachadh"},"content":{"rendered":"<!--themify_builder_content-->\n<div id=\"themify_builder_content-4380\" data-postid=\"4380\" class=\"themify_builder_content themify_builder_content-4380 themify_builder tf_clear\">\n                    <div  data-desktop-padding=\"2em,2em\" data-css_id=\"yfz4704\" data-lazy=\"1\" class=\"module_row themify_builder_row fullwidth_row_container tb_yfz4704 tb_first tf_w\">\n                        <div class=\"row_inner col_align_top tb_col_count_1 tf_box tf_rel\">\n                        <div  data-lazy=\"1\" class=\"module_column tb-column col-full tb_fxlb200 first\">\n                    <!-- module text -->\n<div  class=\"module module-text tb_001a076   \" data-lazy=\"1\">\n        <div  class=\"tb_text_wrap\">\n        <h1>F\u00e0ilte gu larach-l\u00ecn <em>Fileanta<\/em><\/h1>\n<h2>\u2013 cruinneachadh de stuthan ag amas gu s\u00f2nraichte air sgoilearan G\u00e0idhlig aig \u00ecrean N\u00e0iseanta 3, 4 agus 5.<\/h2>\n<p><span style=\"color: #ff0000;\">*<em>Cuiribh iarrtas gu <\/em><a style=\"color: #ff0000;\" href=\"mailto:oifis@storlann.co.uk\"><em>oifis@storlann.co.uk<\/em><\/a><em> airson facal-faire a bheir cead dhuibh stuthan an tidseir\/freagairtean airson gach aonad fhaicinn. Tha sinn an d\u00f9il stuthan an tidseir air fad a chumail c\u00f2mhla air aon duilleag den larach-l\u00ecn againn agus leigidh facal-faire leibh gach goireas an sin a chleachdadh.<\/em><\/span><\/p>    <\/div>\n<\/div>\n<!-- \/module text -->        <div  data-lazy=\"1\" class=\"module_subrow themify_builder_sub_row tf_w col_align_top tb_col_count_2 tb_eemd701\">\n                <div  data-lazy=\"1\" class=\"module_column sub_column col4-2 tb_l9eh702 first\">\n                    <!-- module text -->\n<div  class=\"module module-text tb_6npx512   \" data-lazy=\"1\">\n        <div  class=\"tb_text_wrap\">\n        <h2>Ionnsachadh air-loidhe <br><br><\/h2>    <\/div>\n<\/div>\n<!-- \/module text --><!-- module buttons -->\n<div  class=\"module module-buttons tb_2gwv199 buttons-horizontal solid  \" data-lazy=\"1\">\n        <div class=\"module-buttons-item tf_in_flx\">\n                        <a href=\"https:\/\/vimeo.com\/showcase\/7865054\" class=\"ui builder_button tf_in_flx light-purple\" target=\"_blank\" rel=\"noopener\">\n                                                An t-Alltan - Vimeo                                        <\/a>\n                <\/div>\n            <\/div>\n<!-- \/module buttons -->\n        <\/div>\n                    <div  data-lazy=\"1\" class=\"module_column sub_column col4-2 tb_hme9702 last\">\n                    <!-- module image -->\n<div  class=\"module module-image tb_ri57941 image-center   tf_mw\" data-lazy=\"1\">\n        <div class=\"image-wrap tf_rel tf_mw\">\n            <img loading=\"lazy\" decoding=\"async\" width=\"640\" height=\"360\" src=\"https:\/\/www.storlann.co.uk\/fileanta\/wp-content\/uploads\/2023\/11\/an-t-alltan-low.gif\" class=\"wp-post-image wp-image-8291\" title=\"an-t-alltan-low\" alt=\"An t-Alltan\">    \n        <\/div>\n    <!-- \/image-wrap -->\n    \n        <\/div>\n<!-- \/module image -->        <\/div>\n                    <\/div>\n        <!-- module text -->\n<div  class=\"module module-text tb_3wcm97   \" data-lazy=\"1\">\n        <div  class=\"tb_text_wrap\">\n        <p>22\/03\/24<\/p>\n<table class=\"mcnTextBlock\" border=\"0\" width=\"100%\" cellspacing=\"0\" cellpadding=\"0\">\n<tbody class=\"mcnTextBlockOuter\">\n<tr>\n<td class=\"mcnTextBlockInner\" valign=\"top\">\n<table class=\"mcnTextContentContainer\" border=\"0\" width=\"100%\" cellspacing=\"0\" cellpadding=\"0\">\n<tbody>\n<tr>\n<td class=\"mcnTextContent\" valign=\"top\">Goireasan \u00f9ra a\u2019 tighinn a dh\u2019aithghearr airson fileantaich san \u00c0rd-sgoil\u2026<\/td>\n<\/tr>\n<\/tbody>\n<\/table>\n<\/td>\n<\/tr>\n<\/tbody>\n<\/table>\n<table class=\"mcnBoxedTextBlock\" border=\"0\" width=\"100%\" cellspacing=\"0\" cellpadding=\"0\">\n<tbody class=\"mcnBoxedTextBlockOuter\">\n<tr>\n<td class=\"mcnBoxedTextBlockInner\" valign=\"top\">\n<table class=\"mcnBoxedTextContentContainer\" border=\"0\" width=\"100%\" cellspacing=\"0\" cellpadding=\"0\">\n<tbody>\n<tr>\n<td>\n<table class=\"mcnTextContentContainer\" border=\"0\" width=\"100%\" cellspacing=\"0\">\n<tbody>\n<tr>\n<td class=\"mcnTextContent\" valign=\"top\"><a title=\"https:\/\/www.storlann.co.uk\/fileanta\" href=\"https:\/\/www.storlann.co.uk\/fileanta\">www.storlann.co.uk\/fileanta<\/a><\/td>\n<\/tr>\n<\/tbody>\n<\/table>\n<\/td>\n<\/tr>\n<\/tbody>\n<\/table>\n<\/td>\n<\/tr>\n<\/tbody>\n<\/table>\n<table class=\"mcnImageCardBlock\" border=\"0\" width=\"100%\" cellspacing=\"0\" cellpadding=\"0\">\n<tbody class=\"mcnImageCardBlockOuter\">\n<tr>\n<td class=\"mcnImageCardBlockInner\" valign=\"top\">\n<table class=\"mcnImageCardBottomContent\" border=\"0\" width=\"100%\" cellspacing=\"0\" cellpadding=\"0\">\n<tbody>\n<tr>\n<td class=\"mcnImageCardBottomImageContent\" align=\"left\" valign=\"top\"><img decoding=\"async\" class=\"mcnImage\" tabindex=\"0\" src=\"https:\/\/mcusercontent.com\/ed2f076421c805faf9df341c4\/images\/f23fa3a4-9fe5-455d-530b-8c7123f75566.jpg\" alt=\"\" width=\"564\"><\/td>\n<\/tr>\n<tr>\n<td class=\"mcnTextContent\" valign=\"top\" width=\"546\">\n<div><br><strong>Goireas airson sgilean \u00e8isteachd a leasachadh @ \u00ecrean N\u00e0iseanta C\u00f2ig AGUS \u00c0rd-\u00ccre agus st\u00e8idhichte air an d\u00e0rna sreath de Dhan Uisge @ BBC Alba, Dhan Uisge 2.<\/strong>\n<ul>\n<li>Pasgan an Sgoileir<\/li>\n<li>Na pr\u00f2graman air fad airson 1-8<\/li>\n<li>Google Doc airson \u00ecre N\u00e0iseanta C\u00f2ig airson gach pr\u00f2gram \/ caibidil 1-8<\/li>\n<li>Pasgan an Tidseir \/ Freagairtean<\/li>\n<\/ul>\n<\/div>\n<\/td>\n<\/tr>\n<\/tbody>\n<\/table>\n<\/td>\n<\/tr>\n<\/tbody>\n<\/table>\n<table class=\"mcnBoxedTextBlock\" border=\"0\" width=\"100%\" cellspacing=\"0\" cellpadding=\"0\">\n<tbody class=\"mcnBoxedTextBlockOuter\">\n<tr>\n<td class=\"mcnBoxedTextBlockInner\" valign=\"top\">\n<table class=\"mcnBoxedTextContentContainer\" border=\"0\" width=\"100%\" cellspacing=\"0\" cellpadding=\"0\">\n<tbody>\n<tr>\n<td>\n<table class=\"mcnTextContentContainer\" border=\"0\" width=\"100%\" cellspacing=\"0\">\n<tbody>\n<tr>\n<td class=\"mcnTextContent\" valign=\"top\"><img loading=\"lazy\" decoding=\"async\" tabindex=\"0\" src=\"https:\/\/mcusercontent.com\/ed2f076421c805faf9df341c4\/images\/8c71380c-9bcf-1b76-602a-d6461d634857.jpg\" alt=\"Image\" width=\"485\" height=\"287\" data-file-id=\"6110678\"><br><strong>Goireas <em>Mise\u2026agus mo Dhreuchdan<\/em> <\/strong>&#8211; an ceathramh aonad ann an sreath de naoi aonadan airson \u00c0S1-3. Tha an ceathramh aonad ag amas air fileantaich air an d\u00e0rna bliadhna agus f\u00f2cas air obraichean agus saoghal na h-obrach.\n<ul>\n<li>Pasgan an Sgoileir<\/li>\n<li>Faidhlichean-fuaim<\/li>\n<li>Pasgan an Tidseir<\/li>\n<\/ul>\n<\/td>\n<\/tr>\n<\/tbody>\n<\/table>\n<\/td>\n<\/tr>\n<\/tbody>\n<\/table>\n<\/td>\n<\/tr>\n<\/tbody>\n<\/table>\n<table class=\"mcnImageCardBlock\" border=\"0\" width=\"100%\" cellspacing=\"0\" cellpadding=\"0\">\n<tbody class=\"mcnImageCardBlockOuter\">\n<tr>\n<td class=\"mcnImageCardBlockInner\" valign=\"top\">\n<table class=\"mcnImageCardBottomContent\" border=\"0\" width=\"100%\" cellspacing=\"0\" cellpadding=\"0\">\n<tbody>\n<tr>\n<td class=\"mcnImageCardBottomImageContent\" align=\"left\" valign=\"top\"><img decoding=\"async\" class=\"mcnImage\" tabindex=\"0\" src=\"https:\/\/mcusercontent.com\/ed2f076421c805faf9df341c4\/images\/6099a280-2a0d-42b5-b92d-d2a909581acb.png\" alt=\"\" width=\"564\"><\/td>\n<\/tr>\n<tr>\n<td class=\"mcnTextContent\" valign=\"top\" width=\"546\">\n<div><strong>Goireas sgr\u00f9dadh litreachais ag amas gu s\u00f2nraichte air fileantaich \u00c0rd-\u00ccre agus \u00c0rd-\u00ccre Adhartach, agus st\u00e8idhichte air Na Klondykers aig Iain F. Macle\u00f2id.<\/strong><\/div>\n<ul>\n<li>Pasgan an Sgoileir<\/li>\n<li>Podcast leis an \u00f9ghdar fh\u00e8in<\/li>\n<li>Pasgan an tidseir<\/li>\n<\/ul>\n<\/td>\n<\/tr>\n<\/tbody>\n<\/table>\n<\/td>\n<\/tr>\n<\/tbody>\n<\/table>\n<table class=\"mcnBoxedTextBlock\" border=\"0\" width=\"100%\" cellspacing=\"0\" cellpadding=\"0\">\n<tbody class=\"mcnBoxedTextBlockOuter\">\n<tr>\n<td class=\"mcnBoxedTextBlockInner\" valign=\"top\">\n<table class=\"mcnBoxedTextContentContainer\" border=\"0\" width=\"100%\" cellspacing=\"0\" cellpadding=\"0\">\n<tbody>\n<tr>\n<td>\n<table class=\"mcnTextContentContainer\" border=\"0\" width=\"100%\" cellspacing=\"0\">\n<tbody>\n<tr>\n<td class=\"mcnTextContent\" valign=\"top\"><a title=\"https:\/\/www.storlann.co.uk\/fileanta\" href=\"https:\/\/www.storlann.co.uk\/fileanta\">www.storlann.co.uk\/fileanta<\/a><\/td>\n<\/tr>\n<\/tbody>\n<\/table>\n<\/td>\n<\/tr>\n<\/tbody>\n<\/table>\n<\/td>\n<\/tr>\n<\/tbody>\n<\/table>    <\/div>\n<\/div>\n<!-- \/module text -->        <\/div>\n                        <\/div>\n        <\/div>\n        <\/div>\n<!--\/themify_builder_content-->","protected":false},"excerpt":{"rendered":"<p>F\u00e0ilte gu larach-l\u00ecn Fileanta \u2013 cruinneachadh de stuthan ag amas gu s\u00f2nraichte air sgoilearan G\u00e0idhlig aig \u00ecrean N\u00e0iseanta 3, 4 agus 5. *Cuiribh iarrtas gu oifis@storlann.co.uk airson facal-faire a bheir cead dhuibh stuthan an tidseir\/freagairtean airson gach aonad fhaicinn. Tha sinn an d\u00f9il stuthan an tidseir air fad a chumail c\u00f2mhla air aon duilleag den [&hellip;]<\/p>\n","protected":false},"author":1,"featured_media":0,"parent":0,"menu_order":0,"comment_status":"closed","ping_status":"open","template":"","meta":{"footnotes":""},"class_list":["post-4380","page","type-page","status-publish","hentry","has-post-title","has-post-date","has-post-category","has-post-tag","has-post-comment","has-post-author",""],"builder_content":"<h1>F\u00e0ilte gu larach-l\u00ecn <em>Fileanta<\/em><\/h1> <h2>\u2013 cruinneachadh de stuthan ag amas gu s\u00f2nraichte air sgoilearan G\u00e0idhlig aig \u00ecrean N\u00e0iseanta 3, 4 agus 5.<\/h2> <p>*<em>Cuiribh iarrtas gu <\/em><a style=\"color: #ff0000;\" href=\"mailto:oifis@storlann.co.uk\"><em>oifis@storlann.co.uk<\/em><\/a><em> airson facal-faire a bheir cead dhuibh stuthan an tidseir\/freagairtean airson gach aonad fhaicinn. Tha sinn an d\u00f9il stuthan an tidseir air fad a chumail c\u00f2mhla air aon duilleag den larach-l\u00ecn againn agus leigidh facal-faire leibh gach goireas an sin a chleachdadh.<\/em><\/p>\n<h2>Ionnsachadh air-loidhe <br><br><\/h2>\n<a href=\"https:\/\/vimeo.com\/showcase\/7865054\" > An t-Alltan - Vimeo <\/a>\n<img src=\"https:\/\/www.storlann.co.uk\/fileanta\/wp-content\/uploads\/2023\/11\/an-t-alltan-low.gif\" title=\"an-t-alltan-low\" alt=\"An t-Alltan\">\n<p>22\/03\/24<\/p> <table border=\"0\" width=\"100%\" cellspacing=\"0\" cellpadding=\"0\"> <tbody> <tr> <td valign=\"top\"> <table border=\"0\" width=\"100%\" cellspacing=\"0\" cellpadding=\"0\"> <tbody> <tr> <td valign=\"top\">Goireasan \u00f9ra a\u2019 tighinn a dh\u2019aithghearr airson fileantaich san \u00c0rd-sgoil\u2026<\/td> <\/tr> <\/tbody> <\/table> <\/td> <\/tr> <\/tbody> <\/table> <table border=\"0\" width=\"100%\" cellspacing=\"0\" cellpadding=\"0\"> <tbody> <tr> <td valign=\"top\"> <table border=\"0\" width=\"100%\" cellspacing=\"0\" cellpadding=\"0\"> <tbody> <tr> <td> <table border=\"0\" width=\"100%\" cellspacing=\"0\"> <tbody> <tr> <td valign=\"top\"><a title=\"https:\/\/www.storlann.co.uk\/fileanta\" href=\"https:\/\/www.storlann.co.uk\/fileanta\">www.storlann.co.uk\/fileanta<\/a><\/td> <\/tr> <\/tbody> <\/table> <\/td> <\/tr> <\/tbody> <\/table> <\/td> <\/tr> <\/tbody> <\/table> <table border=\"0\" width=\"100%\" cellspacing=\"0\" cellpadding=\"0\"> <tbody> <tr> <td valign=\"top\"> <table border=\"0\" width=\"100%\" cellspacing=\"0\" cellpadding=\"0\"> <tbody> <tr> <td align=\"left\" valign=\"top\"><img decoding=\"async\" tabindex=\"0\" src=\"https:\/\/mcusercontent.com\/ed2f076421c805faf9df341c4\/images\/f23fa3a4-9fe5-455d-530b-8c7123f75566.jpg\" alt=\"\" width=\"564\"><\/td> <\/tr> <tr> <td valign=\"top\" width=\"546\"> <br><strong>Goireas airson sgilean \u00e8isteachd a leasachadh @ \u00ecrean N\u00e0iseanta C\u00f2ig AGUS \u00c0rd-\u00ccre agus st\u00e8idhichte air an d\u00e0rna sreath de Dhan Uisge @ BBC Alba, Dhan Uisge 2.<\/strong> <ul> <li>Pasgan an Sgoileir<\/li> <li>Na pr\u00f2graman air fad airson 1-8<\/li> <li>Google Doc airson \u00ecre N\u00e0iseanta C\u00f2ig airson gach pr\u00f2gram \/ caibidil 1-8<\/li> <li>Pasgan an Tidseir \/ Freagairtean<\/li> <\/ul>\n<\/td> <\/tr> <\/tbody> <\/table> <\/td> <\/tr> <\/tbody> <\/table> <table border=\"0\" width=\"100%\" cellspacing=\"0\" cellpadding=\"0\"> <tbody> <tr> <td valign=\"top\"> <table border=\"0\" width=\"100%\" cellspacing=\"0\" cellpadding=\"0\"> <tbody> <tr> <td> <table border=\"0\" width=\"100%\" cellspacing=\"0\"> <tbody> <tr> <td valign=\"top\"><img loading=\"lazy\" decoding=\"async\" tabindex=\"0\" src=\"https:\/\/mcusercontent.com\/ed2f076421c805faf9df341c4\/images\/8c71380c-9bcf-1b76-602a-d6461d634857.jpg\" alt=\"Image\" width=\"485\" height=\"287\" data-file-id=\"6110678\"><br><strong>Goireas <em>Mise\u2026agus mo Dhreuchdan<\/em> <\/strong>- an ceathramh aonad ann an sreath de naoi aonadan airson \u00c0S1-3. Tha an ceathramh aonad ag amas air fileantaich air an d\u00e0rna bliadhna agus f\u00f2cas air obraichean agus saoghal na h-obrach. <ul> <li>Pasgan an Sgoileir<\/li> <li>Faidhlichean-fuaim<\/li> <li>Pasgan an Tidseir<\/li> <\/ul> <\/td> <\/tr> <\/tbody> <\/table> <\/td> <\/tr> <\/tbody> <\/table> <\/td> <\/tr> <\/tbody> <\/table> <table border=\"0\" width=\"100%\" cellspacing=\"0\" cellpadding=\"0\"> <tbody> <tr> <td valign=\"top\"> <table border=\"0\" width=\"100%\" cellspacing=\"0\" cellpadding=\"0\"> <tbody> <tr> <td align=\"left\" valign=\"top\"><img decoding=\"async\" tabindex=\"0\" src=\"https:\/\/mcusercontent.com\/ed2f076421c805faf9df341c4\/images\/6099a280-2a0d-42b5-b92d-d2a909581acb.png\" alt=\"\" width=\"564\"><\/td> <\/tr> <tr> <td valign=\"top\" width=\"546\"> <strong>Goireas sgr\u00f9dadh litreachais ag amas gu s\u00f2nraichte air fileantaich \u00c0rd-\u00ccre agus \u00c0rd-\u00ccre Adhartach, agus st\u00e8idhichte air Na Klondykers aig Iain F. Macle\u00f2id.<\/strong> <ul> <li>Pasgan an Sgoileir<\/li> <li>Podcast leis an \u00f9ghdar fh\u00e8in<\/li> <li>Pasgan an tidseir<\/li> <\/ul> <\/td> <\/tr> <\/tbody> <\/table> <\/td> <\/tr> <\/tbody> <\/table> <table border=\"0\" width=\"100%\" cellspacing=\"0\" cellpadding=\"0\"> <tbody> <tr> <td valign=\"top\"> <table border=\"0\" width=\"100%\" cellspacing=\"0\" cellpadding=\"0\"> <tbody> <tr> <td> <table border=\"0\" width=\"100%\" cellspacing=\"0\"> <tbody> <tr> <td valign=\"top\"><a title=\"https:\/\/www.storlann.co.uk\/fileanta\" href=\"https:\/\/www.storlann.co.uk\/fileanta\">www.storlann.co.uk\/fileanta<\/a><\/td> <\/tr> <\/tbody> <\/table> <\/td> <\/tr> <\/tbody> <\/table> <\/td> <\/tr> <\/tbody> <\/table>","_links":{"self":[{"href":"https:\/\/www.storlann.co.uk\/fileanta\/wp-json\/wp\/v2\/pages\/4380","targetHints":{"allow":["GET"]}}],"collection":[{"href":"https:\/\/www.storlann.co.uk\/fileanta\/wp-json\/wp\/v2\/pages"}],"about":[{"href":"https:\/\/www.storlann.co.uk\/fileanta\/wp-json\/wp\/v2\/types\/page"}],"author":[{"embeddable":true,"href":"https:\/\/www.storlann.co.uk\/fileanta\/wp-json\/wp\/v2\/users\/1"}],"replies":[{"embeddable":true,"href":"https:\/\/www.storlann.co.uk\/fileanta\/wp-json\/wp\/v2\/comments?post=4380"}],"version-history":[{"count":0,"href":"https:\/\/www.storlann.co.uk\/fileanta\/wp-json\/wp\/v2\/pages\/4380\/revisions"}],"wp:attachment":[{"href":"https:\/\/www.storlann.co.uk\/fileanta\/wp-json\/wp\/v2\/media?parent=4380"}],"curies":[{"name":"wp","href":"https:\/\/api.w.org\/{rel}","templated":true}]}}