{"id":4511,"date":"2016-04-08T15:25:41","date_gmt":"2016-04-08T14:25:41","guid":{"rendered":"http:\/\/www.storlann.co.uk\/fileanta\/?page_id=4511"},"modified":"2025-11-20T11:18:50","modified_gmt":"2025-11-20T11:18:50","slug":"stuthan-an-tidseir","status":"publish","type":"page","link":"https:\/\/www.storlann.co.uk\/fileanta\/stuthan-an-tidseir\/","title":{"rendered":"Stuthan an Tidseir"},"content":{"rendered":"","protected":true},"excerpt":{"rendered":"","protected":true},"author":1,"featured_media":0,"parent":0,"menu_order":0,"comment_status":"closed","ping_status":"closed","template":"","meta":{"footnotes":""},"class_list":["post-4511","page","type-page","status-publish","post-password-required","hentry","has-post-title","has-post-date","has-post-category","has-post-tag","has-post-comment","has-post-author",""],"builder_content":"<h1>Prelims<\/h1> <p>Prelim files have been made available here for bulk download.<\/p>\n<h2>2023<\/h2> <p>[wpdm_package id='8287']<\/p>\n<h2>2012<\/h2> <p>[wpdm_package id='7878']<\/p> <p>[wpdm_package id='7874']<\/p>\n<h2>2013<\/h2> <p>[wpdm_package id='7784']<\/p> <p>[wpdm_package id='7787']<\/p> <p>[wpdm_package id='7790']<\/p>\n<h2>2014<\/h2> <p>[wpdm_package id='7795']<\/p> <p>[wpdm_package id='7799']<\/p> <p>[wpdm_package id='7802']<\/p>\n<h2>2015<\/h2> <p>[wpdm_package id='7818']<\/p> <p>[wpdm_package id='7870']<\/p>\n<h2>2016<\/h2> <p>[wpdm_package id='7808']<\/p> <p>[wpdm_package id='7811']<\/p> <p>[wpdm_package id='7814']<\/p>\n<h2>2017<\/h2> <p>[wpdm_package id='7823']<\/p> <p>[wpdm_package id='7827']<\/p>\n<h2>2018<\/h2> <p>[wpdm_package id='7835']<\/p> <p>[wpdm_package id='7841']<\/p> <p>[wpdm_package id='7838']<\/p>\n<h2>2019<\/h2> <p>[wpdm_package id='7845']<\/p> <p>[wpdm_package id='7848']<\/p> <p>[wpdm_package id='7851']<\/p>\n<h2>2020<\/h2> <p>[wpdm_package id='7855']<\/p> <p>[wpdm_package id='7861']<\/p> <p>[wpdm_package id='7858']<\/p>\n<h2>2021<\/h2> <p>[wpdm_package id='8160']<\/p> <p>[wpdm_package id='8161']<\/p>\n<h2>2022<\/h2> <p>[wpdm_package id='8275']<\/p>\n<a href=\"https:\/\/form.jotform.com\/213212106191945\" > <em><svg xmlns:xlink=\"http:\/\/www.w3.org\/1999\/xlink\" aria-hidden=\"true\"><use href=\"#tf-fas-pen-to-square\" xlink:href=\"#tf-fas-pen-to-square\"><\/use><\/svg><\/em> Measadh <\/a>\n<img src=\"https:\/\/www.storlann.co.uk\/fileanta\/wp-content\/uploads\/2024\/06\/Na-Klondykers-2.jpg\" title=\"Na-Klondykers-2\" alt=\"Na Klondykers\" srcset=\"https:\/\/www.storlann.co.uk\/fileanta\/wp-content\/uploads\/2024\/06\/Na-Klondykers-2.jpg 1580w, https:\/\/www.storlann.co.uk\/fileanta\/wp-content\/uploads\/2024\/06\/Na-Klondykers-2-200x300.jpg 200w, https:\/\/www.storlann.co.uk\/fileanta\/wp-content\/uploads\/2024\/06\/Na-Klondykers-2-684x1024.jpg 684w, https:\/\/www.storlann.co.uk\/fileanta\/wp-content\/uploads\/2024\/06\/Na-Klondykers-2-768x1151.jpg 768w, https:\/\/www.storlann.co.uk\/fileanta\/wp-content\/uploads\/2024\/06\/Na-Klondykers-2-1025x1536.jpg 1025w, https:\/\/www.storlann.co.uk\/fileanta\/wp-content\/uploads\/2024\/06\/Na-Klondykers-2-1367x2048.jpg 1367w\" sizes=\"(max-width: 1580px) 100vw, 1580px\" \/>\n<img src=\"https:\/\/www.storlann.co.uk\/fileanta\/wp-content\/uploads\/2024\/06\/na-klondykers.svg\" width=\"400\" title=\"na-klondykers\" alt=\"Na Klondykers\">\n<iframe loading=\"lazy\" width=\"100%\" height=\"166\" scrolling=\"no\" frameborder=\"no\" allow=\"autoplay\" src=\"https:\/\/w.soundcloud.com\/player\/?url=https%3A\/\/api.soundcloud.com\/tracks\/1826825118&color=%235d7fbb&auto_play=false&hide_related=true&show_comments=false&show_user=true&show_reposts=false&show_teaser=true\"><\/iframe><a href=\"https:\/\/soundcloud.com\/storlann\" title=\"St\u00f2rlann\" target=\"_blank\" style=\"color: #cccccc; text-decoration: none;\">St\u00f2rlann<\/a> \u00b7 <a href=\"https:\/\/soundcloud.com\/storlann\/klondykers-iain-finlay-macleod\" title=\"Klondykers - Iain Finlay Macleod\" target=\"_blank\" style=\"color: #cccccc; text-decoration: none;\">Klondykers - Iain Finlay Macleod<\/a>\n[wpdm_package id='8426']\n[wpdm_package id='8641']\n<a href=\"https:\/\/www.gaelicbooks.org\/explore-the-shop\/fiction\/crime\/na-klondykers-audio-book\" > <em><svg xmlns:xlink=\"http:\/\/www.w3.org\/1999\/xlink\" aria-hidden=\"true\"><use href=\"#tf-fas-book\" xlink:href=\"#tf-fas-book\"><\/use><\/svg><\/em> Na Klondykers <\/a>\n<img src=\"https:\/\/www.storlann.co.uk\/fileanta\/wp-content\/uploads\/2024\/04\/calum-maclean.png\" title=\"calum-maclean\" alt=\"Calum Maclean\" srcset=\"https:\/\/www.storlann.co.uk\/fileanta\/wp-content\/uploads\/2024\/04\/calum-maclean.png 600w, https:\/\/www.storlann.co.uk\/fileanta\/wp-content\/uploads\/2024\/04\/calum-maclean-147x300.png 147w, https:\/\/www.storlann.co.uk\/fileanta\/wp-content\/uploads\/2024\/04\/calum-maclean-501x1024.png 501w, https:\/\/www.storlann.co.uk\/fileanta\/wp-content\/uploads\/2024\/04\/calum-maclean-501x1024-244x500.png 244w\" sizes=\"(max-width: 600px) 100vw, 600px\" \/>\n<img src=\"https:\/\/www.storlann.co.uk\/fileanta\/wp-content\/uploads\/2024\/04\/dhan-uisge2-heading.svg\" title=\"dhan-uisge2-heading\" alt=\"Dahan Uisge heading\">\n<h2>A\u2019 leasachadh Sgilean \u00c8isteachd<br>\u00ccre N\u00e0iseanta 5 agus \u00c0rd-\u00ccre<\/h2>\n<p>[wpdm_package id='8341']<br \/>[wpdm_package id='8342']<\/p>\n<a href=\"https:\/\/www.storlann.co.uk\/fileanta\/bhidiothan\/\" > <em><tf-lottie data-lazy=\"1\"><template>{\"actions\":{\"path\":\"lf20_x45b3qXTba\",\"seg\":\"0,51\",\"sel\":\"parent\"},\"loop\":1}<\/template><\/tf-lottie><\/em> Bhidiothan <\/a>\n<h2>Foirmean Google<\/h2> <p><a href=\"https:\/\/docs.google.com\/forms\/d\/18IDNVqC_cuKH88nb-oRCfyaltsunT37bpi8rtT4O9rs\/copy\">1. Loch Mh\u00f9rlaig<\/a><br \/><a href=\"https:\/\/docs.google.com\/forms\/d\/1b0rLK60i6Ty1k308H9S8nYzoKsbjYXtDVLaMJa79tUw\/copy\">2. Cuaraidh Rubislaw<\/a><br \/><a href=\"https:\/\/docs.google.com\/forms\/d\/e\/1FAIpQLSc7a8E5hI7BnaxGRtxrIEOtItBT_ZjjwHB9-GdQU-SgSPYpNQ\/viewform?usp=copy\">3.<\/a><a href=\"https:\/\/docs.google.com\/forms\/d\/1T4yJ7cOAiK2mnvurP0qeHYf5ETny5QmQxPzmKRpUMXU\/copy\"> Loch nan Doirb<\/a><br \/><a href=\"https:\/\/docs.google.com\/forms\/d\/13FOz0xqoHN3D_h8yOTA01YS4bH1huMR7kBq7LM-7TTg\/copy\">4. Loch Mhisteam<\/a><br \/><a href=\"https:\/\/docs.google.com\/forms\/d\/1QtHfxqAMvo0mhv_mgEJTRRDVHRbbJry_RyW6m5ChwKo\/copy\">5. Gaylet Pot<\/a><br \/><a href=\"https:\/\/docs.google.com\/forms\/d\/1Bd7nryqHdDDzVgY-OkazPQrXi9lVenPXA-XuZ8gk8ek\/copy\">6. Eilean Mo Laise<\/a><br \/><a href=\"https:\/\/docs.google.com\/forms\/d\/1-lCk0bdav2CHGLzGygYFZvJLBg5g3O1TsimYMeGwM3M\/copy\">7. Linne Fhoirthe<\/a><br \/><a href=\"https:\/\/docs.google.com\/forms\/d\/1fIMyrRUOBxbf-P1RSjs12WQVsDSzMKKiMKGkVhzydLw\/copy\">8. Easan Ath a' Ch\u00e0irn<\/a><\/p> <p>Cliog air an ceangal agus an uair sin '<strong>Make a copy<\/strong>'<\/p>\n<img src=\"https:\/\/www.storlann.co.uk\/fileanta\/wp-content\/uploads\/2024\/04\/mise4-logo.svg\" title=\"mise4-logo\" alt=\"Mise 4\">\n<img src=\"https:\/\/www.storlann.co.uk\/fileanta\/wp-content\/uploads\/2024\/04\/mise-4-pupils.webp\" title=\"mise-4-pupils\" alt=\"School pupils in uniform\" srcset=\"https:\/\/www.storlann.co.uk\/fileanta\/wp-content\/uploads\/2024\/04\/mise-4-pupils.webp 598w, https:\/\/www.storlann.co.uk\/fileanta\/wp-content\/uploads\/2024\/04\/mise-4-pupils-300x267.webp 300w\" sizes=\"(max-width: 598px) 100vw, 598px\" \/>\n<p>[wpdm_package id='8326']<br>[wpdm_package id='8327']<br>[wpdm_package id='8329']<br><br><\/p>\n<a href=\"https:\/\/form.jotform.com\/213212106191945\" > <em><svg xmlns:xlink=\"http:\/\/www.w3.org\/1999\/xlink\" aria-hidden=\"true\"><use href=\"#tf-fas-star-half-alt\" xlink:href=\"#tf-fas-star-half-alt\"><\/use><\/svg><\/em> Measadh <\/a>\n<img src=\"https:\/\/www.storlann.co.uk\/fileanta\/wp-content\/uploads\/2023\/06\/MISE3-title.svg\" title=\"MISE3-title\" alt=\"MISE3-title\">\n<img src=\"https:\/\/www.storlann.co.uk\/fileanta\/wp-content\/uploads\/2023\/06\/mise-3-school-kids.png\" title=\"mise-3-school-kids\" alt=\"School Kids in uniform\" srcset=\"https:\/\/www.storlann.co.uk\/fileanta\/wp-content\/uploads\/2023\/06\/mise-3-school-kids.png 542w, https:\/\/www.storlann.co.uk\/fileanta\/wp-content\/uploads\/2023\/06\/mise-3-school-kids-300x234.png 300w\" sizes=\"(max-width: 542px) 100vw, 542px\" \/>\n<p><iframe loading=\"lazy\" width=\"100%\" height=\"450\" scrolling=\"no\" frameborder=\"no\" allow=\"autoplay\" src=\"https:\/\/w.soundcloud.com\/player\/?url=https%3A\/\/api.soundcloud.com\/playlists\/1668827807&color=%23b5699d&auto_play=false&hide_related=false&show_comments=false&show_user=true&show_reposts=false&show_teaser=true\"><\/iframe><\/p> <a href=\"https:\/\/soundcloud.com\/storlann\" title=\"St\u00f2rlann\" target=\"_blank\" style=\"color: #cccccc; text-decoration: none;\">St\u00f2rlann<\/a> \u00b7 <a href=\"https:\/\/soundcloud.com\/storlann\/sets\/mise-as13\" title=\"Mise - \u00c0S1:3\" target=\"_blank\" style=\"color: #cccccc; text-decoration: none;\">Mise - \u00c0S1:3<\/a>\n<p>[wpdm_category id=\"mise-3\" cols=\"1\" toolbar=0 item_per_page=10 order=\"asc\" template=\"55c909d92912b\"]<\/p> <p>[wpdm_package id='8234' template=\"55c909d92912b\"]<\/p>\n<a href=\"https:\/\/form.jotform.com\/213212106191945\" > <em><svg xmlns:xlink=\"http:\/\/www.w3.org\/1999\/xlink\" aria-hidden=\"true\"><use href=\"#tf-fas-star-half-alt\" xlink:href=\"#tf-fas-star-half-alt\"><\/use><\/svg><\/em> Measadh <\/a>\n<img src=\"https:\/\/www.storlann.co.uk\/fileanta\/wp-content\/uploads\/2023\/06\/mise2-heading.svg\" title=\"mise2-heading\" alt=\"Mise 2 AS1:2\">\n<img src=\"https:\/\/www.storlann.co.uk\/fileanta\/wp-content\/uploads\/2023\/06\/FACEBOOK-FILEANTA-MISE2-WEB.png\" title=\"FACEBOOK -FILEANTA - MISE2-WEB\" alt=\"Mise - School pupils\" srcset=\"https:\/\/www.storlann.co.uk\/fileanta\/wp-content\/uploads\/2023\/06\/FACEBOOK-FILEANTA-MISE2-WEB.png 500w, https:\/\/www.storlann.co.uk\/fileanta\/wp-content\/uploads\/2023\/06\/FACEBOOK-FILEANTA-MISE2-WEB-300x285.png 300w\" sizes=\"(max-width: 500px) 100vw, 500px\" \/>\n<p>A muigh<\/p> <p>[audio mp3=\"https:\/\/www.storlann.co.uk\/fileanta\/wp-content\/uploads\/2023\/06\/A-muigh-Org231111.mp3\"][\/audio]<\/p> <p>[wpdm_package id='8218']<\/p> <p>\u00a0<\/p>\n<p>[wpdm_category id=\"mise-2\" cols=\"1\" toolbar=0 item_per_page=10 order=\"asc\" template=\"55c909d92912b\"]<\/p> <p>[wpdm_package id='8179']<\/p>\n<img src=\"https:\/\/www.storlann.co.uk\/fileanta\/wp-content\/uploads\/2023\/02\/mise-heading.svg\" title=\"mise-heading\" alt=\"Mise AS:1\">\n<img src=\"https:\/\/www.storlann.co.uk\/fileanta\/wp-content\/uploads\/2023\/02\/fileanta-mise-education-gaelic.png\" title=\"fileanta-mise-education-gaelic\" alt=\"High School Pupils\" srcset=\"https:\/\/www.storlann.co.uk\/fileanta\/wp-content\/uploads\/2023\/02\/fileanta-mise-education-gaelic.png 595w, https:\/\/www.storlann.co.uk\/fileanta\/wp-content\/uploads\/2023\/02\/fileanta-mise-education-gaelic-300x273.png 300w\" sizes=\"(max-width: 595px) 100vw, 595px\" \/>\n<p><iframe loading=\"lazy\" src=\"https:\/\/w.soundcloud.com\/player\/?url=https%3A\/\/api.soundcloud.com\/playlists\/1574076103&amp;color=%23b5699d&amp;auto_play=false&amp;hide_related=false&amp;show_comments=false&amp;show_user=true&amp;show_reposts=false&amp;show_teaser=true\" width=\"100%\" height=\"425\" frameborder=\"no\" scrolling=\"no\"><\/iframe><\/p> <a style=\"color: #cccccc; text-decoration: none;\" title=\"St\u00f2rlann\" href=\"https:\/\/soundcloud.com\/storlann\" target=\"_blank\" rel=\"noopener\">St\u00f2rlann<\/a> \u00b7 <a style=\"color: #cccccc; text-decoration: none;\" title=\"Fileanta - Mise\" href=\"https:\/\/soundcloud.com\/storlann\/sets\/fileanta-mise\" target=\"_blank\" rel=\"noopener\">Fileanta - Mise<\/a>\n<p>[wpdm_category id=\"mise\" cols=\"1\" toolbar=0 item_per_page=10 order=\"asc\" template=\"55c909d92912b\"]<\/p>\n<a href=\"https:\/\/www.storlann.co.uk\/fileanta\/fiosrachadh\/\" > <em><svg xmlns:xlink=\"http:\/\/www.w3.org\/1999\/xlink\" aria-hidden=\"true\"><use href=\"#tf-far-bookmark\" xlink:href=\"#tf-far-bookmark\"><\/use><\/svg><\/em> Fiosrachadh <\/a>\n<h1>A' leasachadh sgilean sgr\u00f9daidh \u00c0rd-\u00ccre<\/h1> <h2>Fileantaich Leughadh<\/h2> <h3>Leughadh (Neo-fhicsean)<\/h3> <p>\u00a0<\/p> <p>[wpdm_package id=8026 template=\"55c909d92912b\"]<\/p> <p>\u00a0<\/p> <p>[wpdm_package id=8027 template=\"55c909d92912b\"]<\/p> <p>\u00a0<\/p>\n<h2>N5\/\u00c0RD-\u00ccRE - Caogad san Fh\u00e0sach<\/h2>\n<h3>Faidhleachan Fuaim<\/h3> <p><iframe loading=\"lazy\" src=\"https:\/\/w.soundcloud.com\/player\/?url=https%3A\/\/api.soundcloud.com\/playlists\/212901480&amp;color=ff5500&amp;auto_play=false&amp;hide_related=false&amp;show_comments=true&amp;show_user=true&amp;show_reposts=false\" width=\"100%\" height=\"400\"><\/iframe><\/p>\n<p>Chaidh '<strong>Caogad san Fh\u00e0sach<\/strong>' fhoillseachadh le <a href=\"http:\/\/www.acairbooks.com\/\">Acair Earranta<\/a><\/p> <p><a href=\"http:\/\/www.acairbooks.com\/\"><img loading=\"lazy\" decoding=\"async\" src=\"https:\/\/www.storlann.co.uk\/fileanta\/wp-content\/uploads\/2016\/04\/acair.png\" alt=\"Logo: Acair Earanta\" width=\"80\" height=\"94\" \/><\/a><\/p> <p>Tha PDFs nan deich sgeulachdan a tha air an cleachdadh sa ghoireas seo a-nis rim faotainn ann an seo. Ar taing do Acair airson cead an cleachdadh.<\/p>\n<h3>Pasgan an Sgoileir<\/h3> <p>[wpdm_package id=4606 template=\"55c909d92912b\"]<\/p> <h3>Na Sgeulachdan (*\u00d9r!)<\/h3> <p>[wpdm_category id=\"caogad-san-fhasach-stories,\" cols=\"1\" toolbar=0 item_per_page=12 template=\"55c909d92912b\"]<\/p>\n<h2>Dhan Uisge<\/h2>\n<p>Anns na beagan mh\u00ecosan a dh\u2019fhalbh tha luchdamhairc BBC Alba air a bhith a\u2019 faighinn toileachas bho shreath de phr\u00f2graman goirid mu shn\u00e0mh air a bhl\u00e0r a-muigh air a bheil Dhan Uisge.<\/p> <p>Do phreasantair a\u2019 phr\u00f2gram Calum MacIlleathain bha an d\u00e0 chuid sp\u00f2rs is d\u00f9bhlain na l\u00f9ib.<\/p>\n<img src=\"https:\/\/www.storlann.co.uk\/fileanta\/wp-content\/uploads\/2020\/03\/dhan-uisge-2020-300x193.jpg\" width=\"300\" height=\"193\" title=\"dhan-uisge-2020\" alt=\"Dhan Uisge\" srcset=\"https:\/\/www.storlann.co.uk\/fileanta\/wp-content\/uploads\/2020\/03\/dhan-uisge-2020-300x193.jpg 300w, https:\/\/www.storlann.co.uk\/fileanta\/wp-content\/uploads\/2020\/03\/dhan-uisge-2020.jpg 660w\" sizes=\"(max-width: 300px) 100vw, 300px\" \/>\n<p>[wpdm_category id=\"dhan-uisge,\" cols=\"1\" toolbar=0 item_per_page=10 template=\"55c909d92912b\" order=\"asc\"]<\/p>\n<p><iframe loading=\"lazy\" width=\"100%\" height=\"20\" scrolling=\"no\" frameborder=\"no\" allow=\"autoplay\" src=\"https:\/\/w.soundcloud.com\/player\/?url=https%3A\/\/api.soundcloud.com\/tracks\/769530139&color=%23ff7c24&inverse=false&auto_play=false&show_user=false\"><\/iframe><\/p>\n<a href=\"https:\/\/www.storlann.co.uk\/fileanta\/bhidiothan\/\" > <em><svg xmlns:xlink=\"http:\/\/www.w3.org\/1999\/xlink\" aria-hidden=\"true\"><use href=\"#tf-fas-tv\" xlink:href=\"#tf-fas-tv\"><\/use><\/svg><\/em> Dhan Uisge - Bhiodiothan 1-10 <\/a>\n<h2>A\u2019 leasachadh sgilean sgrudaidh - \u00c0rd-\u00ecre<\/h2>\n<ul> <li>An Uamh<\/li> <li>An Leughadair<\/li> <li>L\u00e0ithean nan Uachdaran<\/li> <li>Shuas air an Lobhta<\/li> <li>Am B\u00e0rd<\/li> <li>Daoine Onarach Gu L\u00e8ir<\/li> <li>An Leum<\/li> <li>An t-Aonaran<\/li> <li>Am Balla<\/li> <li>Ignig Dannsair<\/li> <\/ul>\n<p>[wpdm_package id=7114 template=\"55c909d92912b\"]<\/p> <p> <\/p>\n<p>[wpdm_package id=7116 template=\"55c909d92912b\"]<\/p>\n<img src=\"https:\/\/www.storlann.co.uk\/fileanta\/wp-content\/uploads\/2020\/03\/ficsean1.jpg\" title=\"ficsean1\" alt=\"Ficsean\" srcset=\"https:\/\/www.storlann.co.uk\/fileanta\/wp-content\/uploads\/2020\/03\/ficsean1.jpg 284w, https:\/\/www.storlann.co.uk\/fileanta\/wp-content\/uploads\/2020\/03\/ficsean1-211x300.jpg 211w\" sizes=\"(max-width: 284px) 100vw, 284px\" \/>\n<h2>RUNRIG<\/h2> <p>[wpdm_category id=\"runrig,\" cols=\"1\" toolbar=0 item_per_page=10 template=\"55c909d92912b\"]<\/p>\n<img src=\"https:\/\/www.storlann.co.uk\/fileanta\/wp-content\/uploads\/2018\/06\/runrig-albums1.png\" title=\"runrig-albums1\" alt=\"Runrig Album Selection\" srcset=\"https:\/\/www.storlann.co.uk\/fileanta\/wp-content\/uploads\/2018\/06\/runrig-albums1.png 978w, https:\/\/www.storlann.co.uk\/fileanta\/wp-content\/uploads\/2018\/06\/runrig-albums1-300x125.png 300w, https:\/\/www.storlann.co.uk\/fileanta\/wp-content\/uploads\/2018\/06\/runrig-albums1-768x320.png 768w\" sizes=\"(max-width: 978px) 100vw, 978px\" \/>\n[embed]https:\/\/vimeo.com\/273705105[\/embed]\n<h2>*\u00d9r!* Laoich Sp\u00f2rs G\u00e0idhealach<\/h2><p>[wpdm_category id=\"laoich-spors-gaidhealach,\" cols=\"1\" toolbar=0 item_per_page=10 template=\"55c909d92912b\"]<\/p>\n<img src=\"https:\/\/www.storlann.co.uk\/fileanta\/wp-content\/uploads\/2018\/05\/laoich-spors-montage1.png\" title=\"laoich spors montage1\" alt=\"Laoich Sp\u00f2rs G\u00e0idhealach\" srcset=\"https:\/\/www.storlann.co.uk\/fileanta\/wp-content\/uploads\/2018\/05\/laoich-spors-montage1.png 1408w, https:\/\/www.storlann.co.uk\/fileanta\/wp-content\/uploads\/2018\/05\/laoich-spors-montage1-300x88.png 300w, https:\/\/www.storlann.co.uk\/fileanta\/wp-content\/uploads\/2018\/05\/laoich-spors-montage1-768x225.png 768w, https:\/\/www.storlann.co.uk\/fileanta\/wp-content\/uploads\/2018\/05\/laoich-spors-montage1-1024x300.png 1024w\" sizes=\"(max-width: 1408px) 100vw, 1408px\" \/>\n<h2>An Creanaiche<\/h2><p>[wpdm_category id=\"an-creanaiche,\" cols=\"1\" toolbar=0 item_per_page=10 template=\"55c909d92912b\"]<\/p>\n<h2>Rionnag Chaillte<\/h2><p>[wpdm_category id=\"rionnag-chailte,\" cols=\"1\" toolbar=0 item_per_page=10 template=\"55c909d92912b\"]<\/p>\n<h2>Fo Bhruid<\/h2><p>[wpdm_category id=\"fo-bhruid,\" cols=\"1\" toolbar=0 item_per_page=10 template=\"55c909d92912b\"]<\/p>\n<h2>Caogad san Fh\u00e0sach<\/h2><p>[wpdm_category id=\"caogad-san-fhasach,\" cols=\"1\" toolbar=0 item_per_page=10 template=\"55c909d92912b\"]<\/p>\n<h2>Fo Sg\u00e0il a' Swastika<\/h2><p>[wpdm_category id=\"fo-sgail-a-swastika,\" cols=\"1\" toolbar=0 item_per_page=10 template=\"55c909d92912b\"]<\/p>\n<h2>N3 Earrannan \u00c8isteachd, Ceistean &amp; Freagairtean<\/h2>\n<h3>N3 Earrannan \u00c8isteachd<\/h3><p>[wpdm_category id=\"n3-earrann-eisteachd,\" cols=\"1\" toolbar=0 item_per_page=10 template=\"55c909d92912b\"]<\/p>\n<h3>N3 Ceistean<\/h3><p>[wpdm_category id=\"n3-ceistean,\" cols=\"1\" toolbar=0 item_per_page=10 template=\"55c909d92912b\"]<\/p>\n<h3>N3 Freagairtean<\/h3><p>[wpdm_category id=\"n3-freagairtean,\" cols=\"1\" toolbar=0 item_per_page=20 template=\"55c909d92912b\"]<\/p>\n<h2>N4 Earrannan \u00c8isteachd, Ceistean &amp; Freagairtean<\/h2>\n<h3>N4 Earrannan \u00c8isteachd<\/h3><p>[wpdm_category id=\"n4-earrann-eisteachd,\" cols=\"1\" toolbar=0 item_per_page=10 template=\"55c909d92912b\"]<\/p>\n<h3>N4 Ceistean<\/h3><p>[wpdm_category id=\"n4-ceistean,\" cols=\"1\" toolbar=0 item_per_page=10 template=\"55c909d92912b\"]<\/p>\n<h3>N4 Freagairtean<\/h3><p>[wpdm_category id=\"n4-freagairtean,\" cols=\"1\" toolbar=0 item_per_page=20 template=\"55c909d92912b\"]<\/p>\n<h2>N5 Labhairt<\/h2> <p>[wpdm_category id=\"n5-labhairt,\" cols=\"1\" toolbar=0 item_per_page=10 template=\"55c909d92912b\"]<\/p>\n<h2>N5 Sgr\u00ecobhadh<\/h2> <p>[wpdm_category id=\"n5-sgriobhadh,\" cols=\"1\" toolbar=0 item_per_page=10 template=\"55c909d92912b\"]<\/p>\n<h2>N5 Earrannan \u00c8isteachd, Ceistean &amp; Freagairtean<\/h2>\n<h3>N5 Earrannan \u00c8isteachd<\/h3><p>[wpdm_category id=\"n5-earrann-eisteachd,\" cols=\"1\" toolbar=0 item_per_page=10 template=\"55c909d92912b\"]<\/p>\n<h3>N5 Ceistean<\/h3><p>[wpdm_category id=\"n5-ceistean,\" cols=\"1\" toolbar=0 item_per_page=10 template=\"55c909d92912b\"]<\/p>\n<h3>N5 Freagairtean<\/h3><p>[wpdm_category id=\"n5-freagairtean,\" cols=\"1\" toolbar=0 item_per_page=20 template=\"55c909d92912b\"]<\/p>\n<h2>Liosta Puist<\/h2><p>L\u00econ am foirm gus d\u2019 ainm a chur ri Liosta Puist Fileanta agus St\u00f2rlann.<\/p><p>Tha na raointean le * riatanach.<\/p><p>[mc4wp_form id=\"4868\"]<\/p>\n<a href=\"https:\/\/soundcloud.com\/storlann\/sets\" > <em><svg xmlns:xlink=\"http:\/\/www.w3.org\/1999\/xlink\" aria-hidden=\"true\"><use href=\"#tf-fab-soundcloud\" xlink:href=\"#tf-fab-soundcloud\"><\/use><\/svg><\/em> Faidhleachan Fuaim air Soundcloud <\/a>\n<a href=\"https:\/\/vimeo.com\/channels\/fileanta\/\" > <em><svg xmlns:xlink=\"http:\/\/www.w3.org\/1999\/xlink\" aria-hidden=\"true\"><use href=\"#tf-fab-vimeo\" xlink:href=\"#tf-fab-vimeo\"><\/use><\/svg><\/em> Bhidiothan air Vimeo <\/a>","_links":{"self":[{"href":"https:\/\/www.storlann.co.uk\/fileanta\/wp-json\/wp\/v2\/pages\/4511","targetHints":{"allow":["GET"]}}],"collection":[{"href":"https:\/\/www.storlann.co.uk\/fileanta\/wp-json\/wp\/v2\/pages"}],"about":[{"href":"https:\/\/www.storlann.co.uk\/fileanta\/wp-json\/wp\/v2\/types\/page"}],"author":[{"embeddable":true,"href":"https:\/\/www.storlann.co.uk\/fileanta\/wp-json\/wp\/v2\/users\/1"}],"replies":[{"embeddable":true,"href":"https:\/\/www.storlann.co.uk\/fileanta\/wp-json\/wp\/v2\/comments?post=4511"}],"version-history":[{"count":0,"href":"https:\/\/www.storlann.co.uk\/fileanta\/wp-json\/wp\/v2\/pages\/4511\/revisions"}],"wp:attachment":[{"href":"https:\/\/www.storlann.co.uk\/fileanta\/wp-json\/wp\/v2\/media?parent=4511"}],"curies":[{"name":"wp","href":"https:\/\/api.w.org\/{rel}","templated":true}]}}