{"id":4713,"date":"2016-04-13T15:25:32","date_gmt":"2016-04-13T14:25:32","guid":{"rendered":"http:\/\/www.storlann.co.uk\/fileanta\/sgriobhadh-copy\/"},"modified":"2022-05-04T11:29:09","modified_gmt":"2022-05-04T10:29:09","slug":"labhairt","status":"publish","type":"page","link":"https:\/\/www.storlann.co.uk\/fileanta\/labhairt\/","title":{"rendered":"Labhairt"},"content":{"rendered":"<!--themify_builder_content-->\n<div id=\"themify_builder_content-4713\" data-postid=\"4713\" class=\"themify_builder_content themify_builder_content-4713 themify_builder tf_clear\">\n                    <div  data-css_id=\"d5q7840\" data-lazy=\"1\" class=\"module_row themify_builder_row fullwidth tb_d5q7840 tb_first tf_w\">\n                        <div class=\"row_inner col_align_top tb_col_count_2 tf_box tf_rel\">\n                        <div  data-lazy=\"1\" class=\"module_column tb-column col4-2 tb_1lo7066 first\">\n                    <!-- module text -->\n<div  class=\"module module-text tb_fizx626  repeat \" data-lazy=\"1\">\n        <div  class=\"tb_text_wrap\">\n        <h2>N5 &#8211; Labhairt<\/h2><ul class=\"ul1\"><li class=\"li1\"><span class=\"s1\">S\u00f9il air Sp\u00f2rs<\/span><\/li><li class=\"li1\"><span class=\"s1\">L\u00f9th ath-nuadhachail<\/span><\/li><li class=\"li1\"><span class=\"s1\">L\u00e8irmheas air nobhail<\/span><\/li><li class=\"li1\"><span class=\"s1\">F\u00e8isean<\/span><\/li><li class=\"li1\"><span class=\"s1\">\u00d9ghdarrasan ionadail a\u2019 brosnachadh na G\u00e0idhlig<\/span><\/li><li class=\"li1\"><span class=\"s1\">Sti\u00f9ireadh nan oileanach (SQA)<\/span><\/li><\/ul><div class='w3eden wpdm_package_shortcode'><div class=\"media well\">\n    <a class=\"mr-2 img-48\" href=\"https:\/\/www.storlann.co.uk\/fileanta\/wpdm-package\/aonad-3-labhairt-n5\/?wpdmdl=4416&refresh=69d7a68e1ad941775740558\">\n        <img decoding=\"async\" class=\"wpdm_icon\" alt=\"Icon\"   src=\"https:\/\/www.storlann.co.uk\/fileanta\/wp-content\/plugins\/download-manager\/assets\/file-type-icons\/pdf.png\" \/>\n    <\/a>\n    <div class=\"media-body\">\n        <a href=\"https:\/\/www.storlann.co.uk\/fileanta\/wpdm-package\/aonad-3-labhairt-n5\/?wpdmdl=4416&refresh=69d7a68e1ad941775740558\" >N5 - Labhairt<\/a>\n        <div class=\"dl-link\">\n            <i class=\"fas fa-file color-green\"><\/i> 13.8 MB <i class=\"fa fa-file-download ml-3 color-grey\"><\/i>\n            9094  \n        <\/div>\n    <\/div>\n<\/div>\n\n<\/div>    <\/div>\n<\/div>\n<!-- \/module text -->        <\/div>\n                    <div  data-lazy=\"1\" class=\"module_column tb-column col4-2 tb_z6sg264 last\">\n                    <!-- module video -->\n<div  class=\"module module-video tb_0liz006 video-top  \" data-lazy=\"1\">\n                    <div class=\"video-wrap-outer\">\n            <div class=\"video-wrap tf_rel tf_overflow\">\n                                    <noscript><iframe data-no-script src=\"https:\/\/player.vimeo.com\/video\/127265309?h=&#038;pip=1&#038;playsinline=1&#038;portrait=0&#038;title=0&#038;byline=0\" allow=\"fullscreen\" class=\"tf_abs tf_w tf_h\"><\/iframe><\/noscript>\n                                <\/div>\n            <!-- \/video-wrap -->\n        <\/div>\n        <!-- \/video-wrap-outer -->\n            <\/div>\n        <\/div>\n                        <\/div>\n        <\/div>\n        <\/div>\n<!--\/themify_builder_content-->","protected":false},"excerpt":{"rendered":"<p>N5 &#8211; Labhairt S\u00f9il air Sp\u00f2rs L\u00f9th ath-nuadhachail L\u00e8irmheas air nobhail F\u00e8isean \u00d9ghdarrasan ionadail a\u2019 brosnachadh na G\u00e0idhlig Sti\u00f9ireadh nan oileanach (SQA)<\/p>\n","protected":false},"author":1,"featured_media":0,"parent":0,"menu_order":0,"comment_status":"closed","ping_status":"closed","template":"","meta":{"footnotes":""},"class_list":["post-4713","page","type-page","status-publish","hentry","has-post-title","has-post-date","has-post-category","has-post-tag","has-post-comment","has-post-author",""],"builder_content":"<h2>N5 - Labhairt<\/h2><ul><li>S\u00f9il air Sp\u00f2rs<\/li><li>L\u00f9th ath-nuadhachail<\/li><li>L\u00e8irmheas air nobhail<\/li><li>F\u00e8isean<\/li><li>\u00d9ghdarrasan ionadail a\u2019 brosnachadh na G\u00e0idhlig<\/li><li>Sti\u00f9ireadh nan oileanach (SQA)<\/li><\/ul><p>[wpdm_package id=4416 template=\"55c909d92912b\"]<\/p>\n[embed]https:\/\/vimeo.com\/127265309[\/embed]","_links":{"self":[{"href":"https:\/\/www.storlann.co.uk\/fileanta\/wp-json\/wp\/v2\/pages\/4713","targetHints":{"allow":["GET"]}}],"collection":[{"href":"https:\/\/www.storlann.co.uk\/fileanta\/wp-json\/wp\/v2\/pages"}],"about":[{"href":"https:\/\/www.storlann.co.uk\/fileanta\/wp-json\/wp\/v2\/types\/page"}],"author":[{"embeddable":true,"href":"https:\/\/www.storlann.co.uk\/fileanta\/wp-json\/wp\/v2\/users\/1"}],"replies":[{"embeddable":true,"href":"https:\/\/www.storlann.co.uk\/fileanta\/wp-json\/wp\/v2\/comments?post=4713"}],"version-history":[{"count":0,"href":"https:\/\/www.storlann.co.uk\/fileanta\/wp-json\/wp\/v2\/pages\/4713\/revisions"}],"wp:attachment":[{"href":"https:\/\/www.storlann.co.uk\/fileanta\/wp-json\/wp\/v2\/media?parent=4713"}],"curies":[{"name":"wp","href":"https:\/\/api.w.org\/{rel}","templated":true}]}}