{"id":5024,"date":"2017-06-21T12:57:36","date_gmt":"2017-06-21T11:57:36","guid":{"rendered":"https:\/\/www.storlann.co.uk\/fileanta\/?page_id=5024"},"modified":"2020-01-23T09:28:30","modified_gmt":"2020-01-23T09:28:30","slug":"na-meadhanan","status":"publish","type":"page","link":"https:\/\/www.storlann.co.uk\/fileanta\/na-meadhanan\/","title":{"rendered":"Na Meadhanan"},"content":{"rendered":"<!--themify_builder_content-->\n<div id=\"themify_builder_content-5024\" data-postid=\"5024\" class=\"themify_builder_content themify_builder_content-5024 themify_builder tf_clear\">\n                    <div  data-css_id=\"83432e7\" data-lazy=\"1\" class=\"module_row themify_builder_row fullwidth tb_83432e7 tb_first tf_w\">\n                        <div class=\"row_inner col_align_top tb_col_count_1 tf_box tf_rel\">\n                        <div  data-lazy=\"1\" class=\"module_column tb-column col-full tb_3a0fb9e first\">\n                    <!-- module text -->\n<div  class=\"module module-text tb_b57f79e  repeat \" data-lazy=\"1\">\n        <div  class=\"tb_text_wrap\">\n        <h2>Bannan<\/h2>    <\/div>\n<\/div>\n<!-- \/module text -->        <div  data-lazy=\"1\" class=\"module_subrow themify_builder_sub_row tf_w col_align_top tb_col_count_2 tb_702b2cf\">\n                <div  data-lazy=\"1\" class=\"module_column sub_column col4-2 tb_a9f53c4 first\">\n                    <!-- module text -->\n<div  class=\"module module-text tb_b6cacf4  repeat \" data-lazy=\"1\">\n        <div  class=\"tb_text_wrap\">\n        <h2><span class=\"iom\" style=\"color: #ffffff;\">Luchdachaidhean a-nuas<\/span><\/h2><div class='w3eden wpdm_package_shortcode'><div class=\"media well\">\n    <a class=\"mr-2 img-48\" href=\"https:\/\/www.storlann.co.uk\/fileanta\/wpdm-package\/bannan-priomh-aonad\/?wpdmdl=5087&refresh=69f4ce85c72de1777651333\">\n        <img decoding=\"async\" class=\"wpdm_icon\" alt=\"Icon\"   src=\"https:\/\/www.storlann.co.uk\/fileanta\/wp-content\/plugins\/download-manager\/assets\/file-type-icons\/pdf.png\" \/>\n    <\/a>\n    <div class=\"media-body\">\n        <a href=\"https:\/\/www.storlann.co.uk\/fileanta\/wpdm-package\/bannan-priomh-aonad\/?wpdmdl=5087&refresh=69f4ce85c72de1777651333\" >Bannan - Pr\u00ecomh Aonad<\/a>\n        <div class=\"dl-link\">\n            <i class=\"fas fa-file color-green\"><\/i> 2.29 MB <i class=\"fa fa-file-download ml-3 color-grey\"><\/i>\n            4562  \n        <\/div>\n    <\/div>\n<\/div>\n\n<\/div><div class='w3eden wpdm_package_shortcode'><div class=\"media well\">\n    <a class=\"mr-2 img-48\" href=\"https:\/\/www.storlann.co.uk\/fileanta\/wpdm-package\/bannan-notaichean-an-tidseir\/?wpdmdl=5085&refresh=69f4ce85d50da1777651333\">\n        <img decoding=\"async\" class=\"wpdm_icon\" alt=\"Icon\"   src=\"https:\/\/www.storlann.co.uk\/fileanta\/wp-content\/plugins\/download-manager\/assets\/file-type-icons\/pdf.png\" \/>\n    <\/a>\n    <div class=\"media-body\">\n        <a href=\"https:\/\/www.storlann.co.uk\/fileanta\/wpdm-package\/bannan-notaichean-an-tidseir\/?wpdmdl=5085&refresh=69f4ce85d50da1777651333\" >Bannan - Notaichean an tidseir<\/a>\n        <div class=\"dl-link\">\n            <i class=\"fas fa-file color-green\"><\/i> 4.47 MB <i class=\"fa fa-file-download ml-3 color-grey\"><\/i>\n            4619  \n        <\/div>\n    <\/div>\n<\/div>\n\n<\/div><p><span style=\"color: #ffffff;\">Seo leth-bhreac de na tr\u00ec scriobtaichean &#8211; anns an dearbh dhreach anns an deach\u00a0an cleachdadh leis an sgioba riochdachaidh gus na tr\u00ec pr\u00f2graman\u00a0<em>Bannan\u00a0<\/em>anns a bheil \u00f9idh againne a thoirt ri ch\u00e8ile.<\/span><\/p><div class='w3eden wpdm_packages_shortcode'>\n    <div class=''>\n\n        \n        <div id=\"content_wpdm_package_1\">\n            <div class='row'><div class='col-lg-12 col-md-6 col-6'><div class=\"media well\">\n    <a class=\"mr-2 img-48\" href=\"https:\/\/www.storlann.co.uk\/fileanta\/wpdm-package\/bannan-earrainn-1\/?wpdmdl=5079&refresh=69f4ce85e729c1777651333\">\n        <img decoding=\"async\" class=\"wpdm_icon\" alt=\"Icon\"   src=\"https:\/\/www.storlann.co.uk\/fileanta\/wp-content\/plugins\/download-manager\/assets\/file-type-icons\/docx.png\" \/>\n    <\/a>\n    <div class=\"media-body\">\n        <a href=\"https:\/\/www.storlann.co.uk\/fileanta\/wpdm-package\/bannan-earrainn-1\/?wpdmdl=5079&refresh=69f4ce85e729c1777651333\" >Bannan Earrainn 1<\/a>\n        <div class=\"dl-link\">\n            <i class=\"fas fa-file color-green\"><\/i> 65.07 KB <i class=\"fa fa-file-download ml-3 color-grey\"><\/i>\n            4324  \n        <\/div>\n    <\/div>\n<\/div>\n\n<\/div><div class='col-lg-12 col-md-6 col-6'><div class=\"media well\">\n    <a class=\"mr-2 img-48\" href=\"https:\/\/www.storlann.co.uk\/fileanta\/wpdm-package\/bannan-earrainn-2\/?wpdmdl=5081&refresh=69f4ce85f3ceb1777651333\">\n        <img decoding=\"async\" class=\"wpdm_icon\" alt=\"Icon\"   src=\"https:\/\/www.storlann.co.uk\/fileanta\/wp-content\/plugins\/download-manager\/assets\/file-type-icons\/docx.png\" \/>\n    <\/a>\n    <div class=\"media-body\">\n        <a href=\"https:\/\/www.storlann.co.uk\/fileanta\/wpdm-package\/bannan-earrainn-2\/?wpdmdl=5081&refresh=69f4ce85f3ceb1777651333\" >Bannan - Earrainn 2<\/a>\n        <div class=\"dl-link\">\n            <i class=\"fas fa-file color-green\"><\/i> 68.19 KB <i class=\"fa fa-file-download ml-3 color-grey\"><\/i>\n            4032  \n        <\/div>\n    <\/div>\n<\/div>\n\n<\/div><div class='col-lg-12 col-md-6 col-6'><div class=\"media well\">\n    <a class=\"mr-2 img-48\" href=\"https:\/\/www.storlann.co.uk\/fileanta\/wpdm-package\/bannan-earrainn-3\/?wpdmdl=5083&refresh=69f4ce86159d11777651334\">\n        <img decoding=\"async\" class=\"wpdm_icon\" alt=\"Icon\"   src=\"https:\/\/www.storlann.co.uk\/fileanta\/wp-content\/plugins\/download-manager\/assets\/file-type-icons\/docx.png\" \/>\n    <\/a>\n    <div class=\"media-body\">\n        <a href=\"https:\/\/www.storlann.co.uk\/fileanta\/wpdm-package\/bannan-earrainn-3\/?wpdmdl=5083&refresh=69f4ce86159d11777651334\" >Bannan - Earrainn 3<\/a>\n        <div class=\"dl-link\">\n            <i class=\"fas fa-file color-green\"><\/i> 64.21 KB <i class=\"fa fa-file-download ml-3 color-grey\"><\/i>\n            4222  \n        <\/div>\n    <\/div>\n<\/div>\n\n<\/div><\/div>            <div style='clear:both'><\/div><div class='text-center'><ul class='pagination wpdm-pagination pagination-centered text-center'><\/ul><\/div><div style='clear:both'><\/div>        <\/div>\n\n        <div style='clear:both'><\/div>\n    <\/div>\n<\/div>\n    <\/div>\n<\/div>\n<!-- \/module text -->        <\/div>\n                    <div  data-lazy=\"1\" class=\"module_column sub_column col4-2 tb_d300354 last\">\n                    <!-- module image -->\n<div  class=\"module module-image tb_a165916 image-top  angle-5 tf_mw\" data-lazy=\"1\">\n        <div class=\"image-wrap tf_rel tf_mw\">\n            <img decoding=\"async\" width=\"721\" height=\"468\" src=\"https:\/\/www.storlann.co.uk\/fileanta\/wp-content\/uploads\/2017\/12\/flim-strip1a.png\" class=\"wp-post-image wp-image-5175\" title=\"flim-strip1a\" alt=\"Bannan cast\" srcset=\"https:\/\/www.storlann.co.uk\/fileanta\/wp-content\/uploads\/2017\/12\/flim-strip1a.png 721w, https:\/\/www.storlann.co.uk\/fileanta\/wp-content\/uploads\/2017\/12\/flim-strip1a-300x195.png 300w\" sizes=\"(max-width: 721px) 100vw, 721px\" \/>    \n        <\/div>\n    <!-- \/image-wrap -->\n    \n        <\/div>\n<!-- \/module image -->        <\/div>\n                    <\/div>\n                <div  data-lazy=\"1\" class=\"module_subrow themify_builder_sub_row tf_w col_align_top tb_col_count_3 tb_337f229\">\n                <div  data-lazy=\"1\" class=\"module_column sub_column col3-1 tb_4641ab6 first\">\n                    <!-- module text -->\n<div  class=\"module module-text tb_9b10ad5   \" data-lazy=\"1\">\n        <div  class=\"tb_text_wrap\">\n        <iframe src=\"https:\/\/player.vimeo.com\/video\/220598928\" width=\"640\" height=\"360\" frameborder=\"0\" webkitallowfullscreen mozallowfullscreen allowfullscreen><\/iframe>    <\/div>\n<\/div>\n<!-- \/module text -->        <\/div>\n                    <div  data-lazy=\"1\" class=\"module_column sub_column col3-1 tb_a0b54ee\">\n                    <!-- module text -->\n<div  class=\"module module-text tb_55a1468   \" data-lazy=\"1\">\n        <div  class=\"tb_text_wrap\">\n        <iframe src=\"https:\/\/player.vimeo.com\/video\/220600396\" width=\"640\" height=\"360\" frameborder=\"0\" webkitallowfullscreen mozallowfullscreen allowfullscreen><\/iframe>    <\/div>\n<\/div>\n<!-- \/module text -->        <\/div>\n                    <div  data-lazy=\"1\" class=\"module_column sub_column col3-1 tb_310374f last\">\n                    <!-- module text -->\n<div  class=\"module module-text tb_1ac9078   \" data-lazy=\"1\">\n        <div  class=\"tb_text_wrap\">\n        <iframe src=\"https:\/\/player.vimeo.com\/video\/220601800\" width=\"640\" height=\"360\" frameborder=\"0\" webkitallowfullscreen mozallowfullscreen allowfullscreen><\/iframe>    <\/div>\n<\/div>\n<!-- \/module text -->        <\/div>\n                    <\/div>\n                <\/div>\n                        <\/div>\n        <\/div>\n                        <div  data-css_id=\"3aabe51\" data-lazy=\"1\" class=\"module_row themify_builder_row fullwidth tb_3aabe51 tf_w\">\n                        <div class=\"row_inner col_align_top tb_col_count_3 tf_box tf_rel\">\n                        <div  data-lazy=\"1\" class=\"module_column tb-column col3-1 tb_6f59032 first\">\n                    <!-- module text -->\n<div  class=\"module module-text tb_2d11da8  repeat \" data-lazy=\"1\">\n        <div  class=\"tb_text_wrap\">\n        <h2>C\u00f2 Rinn E?<\/h2><div class='w3eden wpdm_package_shortcode'><div class=\"media well\">\n    <a class=\"mr-2 img-48\" href=\"https:\/\/www.storlann.co.uk\/fileanta\/wpdm-package\/co-rinn-e\/?wpdmdl=7082&refresh=69f4ce8632c811777651334\">\n        <img decoding=\"async\" class=\"wpdm_icon\" alt=\"Icon\"   src=\"https:\/\/www.storlann.co.uk\/fileanta\/wp-content\/plugins\/download-manager\/assets\/file-type-icons\/pdf.svg\" \/>\n    <\/a>\n    <div class=\"media-body\">\n        <a href=\"https:\/\/www.storlann.co.uk\/fileanta\/wpdm-package\/co-rinn-e\/?wpdmdl=7082&refresh=69f4ce8632c811777651334\" >C\u00f2 rinn e?<\/a>\n        <div class=\"dl-link\">\n            <i class=\"fas fa-file color-green\"><\/i> 6.75 MB <i class=\"fa fa-file-download ml-3 color-grey\"><\/i>\n            4023  \n        <\/div>\n    <\/div>\n<\/div>\n\n<\/div>    <\/div>\n<\/div>\n<!-- \/module text --><!-- module image -->\n<div  class=\"module module-image tb_dc358a9 image-top   tf_mw\" data-lazy=\"1\">\n        <div class=\"image-wrap tf_rel tf_mw\">\n            <img decoding=\"async\" width=\"627\" height=\"306\" src=\"https:\/\/www.storlann.co.uk\/fileanta\/wp-content\/uploads\/2019\/02\/revolver.png\" class=\"wp-post-image wp-image-7100\" title=\"revolver\" alt=\"Revolver\" srcset=\"https:\/\/www.storlann.co.uk\/fileanta\/wp-content\/uploads\/2019\/02\/revolver.png 627w, https:\/\/www.storlann.co.uk\/fileanta\/wp-content\/uploads\/2019\/02\/revolver-300x146.png 300w\" sizes=\"(max-width: 627px) 100vw, 627px\" \/>    \n        <\/div>\n    <!-- \/image-wrap -->\n    \n        <\/div>\n<!-- \/module image -->        <\/div>\n                    <div  data-lazy=\"1\" class=\"module_column tb-column col3-1 tb_ad24f52\">\n                    <!-- module image -->\n<div  class=\"module module-image tb_cffef22 image-center drop-shadow angle-5 tf_mw\" data-lazy=\"1\">\n        <div class=\"image-wrap tf_rel tf_mw\">\n            <img decoding=\"async\" width=\"389\" height=\"563\" src=\"https:\/\/www.storlann.co.uk\/fileanta\/wp-content\/uploads\/2019\/02\/co-rinn-e.jpg\" class=\"wp-post-image wp-image-7075\" title=\"co rinn e\" alt=\"C\u00f2 rinn e?\" srcset=\"https:\/\/www.storlann.co.uk\/fileanta\/wp-content\/uploads\/2019\/02\/co-rinn-e.jpg 389w, https:\/\/www.storlann.co.uk\/fileanta\/wp-content\/uploads\/2019\/02\/co-rinn-e-207x300.jpg 207w\" sizes=\"(max-width: 389px) 100vw, 389px\" \/>    \n        <\/div>\n    <!-- \/image-wrap -->\n    \n        <\/div>\n<!-- \/module image -->        <\/div>\n                    <div  data-lazy=\"1\" class=\"module_column tb-column col3-1 tb_773af44 last\">\n                    <div  class=\"module themify_builder_slider_wrap tf_clearfix module-slider tb_587d872  slider-default  \" data-lazy=\"1\">\n        <div class=\"themify_builder_slider tf_carousel tf_swiper-container tf_rel tf_overflow\" data-lazy=\"1\"        data-visible=\"1\"\n        data-tab-visible=\"\"\n        data-mob-visible=\"1\"\n        data-scroll=\"1\"\n                            data-auto=\"2000\"\n            data-controller=\"0\"\n            data-pause_hover=\"1\"\n                data-speed=\"normal\"\n        data-wrapvar=\"1\"\n        data-slider_nav=\"0\"\n        data-pager=\"0\"\n        data-effect=\"crossfade\" \n        data-height=\"auto\"\n        data-css_url=\"https:\/\/www.storlann.co.uk\/fileanta\/wp-content\/themes\/themify-ultra\/themify\/themify-builder\/css\/modules\/sliders\/carousel,https:\/\/www.storlann.co.uk\/fileanta\/wp-content\/themes\/themify-ultra\/themify\/themify-builder\/css\/modules\/sliders\/slider\"\n                    >\n        <div class=\"tf_swiper-wrapper tf_lazy tf_rel tf_w tf_h tf_textc\">\n                         <div class=\"tf_swiper-slide\">            <div class=\"slide-inner-wrap\">\n                                    <div class=\"tf_rel tf_lazy slide-image\">\n                                                                            <img decoding=\"async\" src=\"https:\/\/www.storlann.co.uk\/fileanta\/wp-content\/uploads\/2019\/02\/co-rinn-e-2-360x507.jpg\" width=\"360\" height=\"507\" class=\"wp-post-image wp-image-7111\" title=\"co-rinn-e-2\" alt=\"co-rinn-e-2\" srcset=\"https:\/\/www.storlann.co.uk\/fileanta\/wp-content\/uploads\/2019\/02\/co-rinn-e-2-360x507.jpg 360w, https:\/\/www.storlann.co.uk\/fileanta\/wp-content\/uploads\/2019\/02\/co-rinn-e-2-213x300.jpg 213w, https:\/\/www.storlann.co.uk\/fileanta\/wp-content\/uploads\/2019\/02\/co-rinn-e-2.jpg 433w\" sizes=\"(max-width: 360px) 100vw, 360px\" \/>                                            <\/div>\n                \n                            <\/div>\n        <\/div>                     <div class=\"tf_swiper-slide\" style=\"content-visibility:hidden\">            <div class=\"slide-inner-wrap\">\n                                    <div class=\"tf_rel tf_lazy slide-image\">\n                                                                            <img decoding=\"async\" src=\"https:\/\/www.storlann.co.uk\/fileanta\/wp-content\/uploads\/2019\/02\/co-rinn-e-1-360x507.jpg\" width=\"360\" height=\"507\" class=\"wp-post-image wp-image-7110\" title=\"co-rinn-e-1\" alt=\"C\u00f2 rinn e?\" srcset=\"https:\/\/www.storlann.co.uk\/fileanta\/wp-content\/uploads\/2019\/02\/co-rinn-e-1-360x507.jpg 360w, https:\/\/www.storlann.co.uk\/fileanta\/wp-content\/uploads\/2019\/02\/co-rinn-e-1-213x300.jpg 213w, https:\/\/www.storlann.co.uk\/fileanta\/wp-content\/uploads\/2019\/02\/co-rinn-e-1.jpg 433w\" sizes=\"(max-width: 360px) 100vw, 360px\" \/>                                            <\/div>\n                \n                            <\/div>\n        <\/div>                     <div class=\"tf_swiper-slide\" style=\"content-visibility:hidden\">            <div class=\"slide-inner-wrap\">\n                                    <div class=\"tf_rel tf_lazy slide-image\">\n                                                                            <img decoding=\"async\" src=\"https:\/\/www.storlann.co.uk\/fileanta\/wp-content\/uploads\/2019\/02\/co-rinn-e-3-360x507.jpg\" width=\"360\" height=\"507\" class=\"wp-post-image wp-image-7112\" title=\"co-rinn-e-3\" alt=\"C\u00f2 rinn e?\" srcset=\"https:\/\/www.storlann.co.uk\/fileanta\/wp-content\/uploads\/2019\/02\/co-rinn-e-3-360x507.jpg 360w, https:\/\/www.storlann.co.uk\/fileanta\/wp-content\/uploads\/2019\/02\/co-rinn-e-3-213x300.jpg 213w, https:\/\/www.storlann.co.uk\/fileanta\/wp-content\/uploads\/2019\/02\/co-rinn-e-3.jpg 433w\" sizes=\"(max-width: 360px) 100vw, 360px\" \/>                                            <\/div>\n                \n                            <\/div>\n        <\/div>            <\/div>\n    <\/div>\n<\/div>\n        <\/div>\n                        <\/div>\n        <\/div>\n        <\/div>\n<!--\/themify_builder_content-->","protected":false},"excerpt":{"rendered":"<p>Bannan Luchdachaidhean a-nuas Seo leth-bhreac de na tr\u00ec scriobtaichean &#8211; anns an dearbh dhreach anns an deach\u00a0an cleachdadh leis an sgioba riochdachaidh gus na tr\u00ec pr\u00f2graman\u00a0Bannan\u00a0anns a bheil \u00f9idh againne a thoirt ri ch\u00e8ile. C\u00f2 Rinn E?<\/p>\n","protected":false},"author":1,"featured_media":0,"parent":0,"menu_order":0,"comment_status":"closed","ping_status":"closed","template":"","meta":{"footnotes":""},"class_list":["post-5024","page","type-page","status-publish","hentry","has-post-title","has-post-date","has-post-category","has-post-tag","has-post-comment","has-post-author",""],"builder_content":"<h2>Bannan<\/h2>\n<h2>Luchdachaidhean a-nuas<\/h2><p>[wpdm_package id=5087 template=\"55c909d92912b\"]<\/p><p>[wpdm_package id=5085 template=\"55c909d92912b\"]<\/p><p>Seo leth-bhreac de na tr\u00ec scriobtaichean - anns an dearbh dhreach anns an deach\u00a0an cleachdadh leis an sgioba riochdachaidh gus na tr\u00ec pr\u00f2graman\u00a0<em>Bannan\u00a0<\/em>anns a bheil \u00f9idh againne a thoirt ri ch\u00e8ile.<\/p><p>[wpdm_category id=\"scripts,\" cols=\"1\" toolbar=0 item_per_page=10 template=\"55c909d92912b\"]<\/p>\n<img src=\"https:\/\/www.storlann.co.uk\/fileanta\/wp-content\/uploads\/2017\/12\/flim-strip1a.png\" title=\"flim-strip1a\" alt=\"Bannan cast\" srcset=\"https:\/\/www.storlann.co.uk\/fileanta\/wp-content\/uploads\/2017\/12\/flim-strip1a.png 721w, https:\/\/www.storlann.co.uk\/fileanta\/wp-content\/uploads\/2017\/12\/flim-strip1a-300x195.png 300w\" sizes=\"(max-width: 721px) 100vw, 721px\" \/>\n<iframe src=\"https:\/\/player.vimeo.com\/video\/220598928\" width=\"640\" height=\"360\" frameborder=\"0\" webkitallowfullscreen mozallowfullscreen allowfullscreen><\/iframe>\n<iframe src=\"https:\/\/player.vimeo.com\/video\/220600396\" width=\"640\" height=\"360\" frameborder=\"0\" webkitallowfullscreen mozallowfullscreen allowfullscreen><\/iframe>\n<iframe src=\"https:\/\/player.vimeo.com\/video\/220601800\" width=\"640\" height=\"360\" frameborder=\"0\" webkitallowfullscreen mozallowfullscreen allowfullscreen><\/iframe>\n<h2>C\u00f2 Rinn E?<\/h2><p>[wpdm_package id=7082 template=\"55c909d92912b\"]<\/p>\n<img src=\"https:\/\/www.storlann.co.uk\/fileanta\/wp-content\/uploads\/2019\/02\/revolver.png\" title=\"revolver\" alt=\"Revolver\" srcset=\"https:\/\/www.storlann.co.uk\/fileanta\/wp-content\/uploads\/2019\/02\/revolver.png 627w, https:\/\/www.storlann.co.uk\/fileanta\/wp-content\/uploads\/2019\/02\/revolver-300x146.png 300w\" sizes=\"(max-width: 627px) 100vw, 627px\" \/>\n<img src=\"https:\/\/www.storlann.co.uk\/fileanta\/wp-content\/uploads\/2019\/02\/co-rinn-e.jpg\" title=\"co rinn e\" alt=\"C\u00f2 rinn e?\" srcset=\"https:\/\/www.storlann.co.uk\/fileanta\/wp-content\/uploads\/2019\/02\/co-rinn-e.jpg 389w, https:\/\/www.storlann.co.uk\/fileanta\/wp-content\/uploads\/2019\/02\/co-rinn-e-207x300.jpg 207w\" sizes=\"(max-width: 389px) 100vw, 389px\" \/>\n<img src=\"https:\/\/www.storlann.co.uk\/fileanta\/wp-content\/uploads\/2019\/02\/co-rinn-e-2-360x507.jpg\" width=\"360\" height=\"507\" title=\"co-rinn-e-2\" alt=\"co-rinn-e-2\" srcset=\"https:\/\/www.storlann.co.uk\/fileanta\/wp-content\/uploads\/2019\/02\/co-rinn-e-2-360x507.jpg 360w, https:\/\/www.storlann.co.uk\/fileanta\/wp-content\/uploads\/2019\/02\/co-rinn-e-2-213x300.jpg 213w, https:\/\/www.storlann.co.uk\/fileanta\/wp-content\/uploads\/2019\/02\/co-rinn-e-2.jpg 433w\" sizes=\"(max-width: 360px) 100vw, 360px\" \/> <img src=\"https:\/\/www.storlann.co.uk\/fileanta\/wp-content\/uploads\/2019\/02\/co-rinn-e-1-360x507.jpg\" width=\"360\" height=\"507\" title=\"co-rinn-e-1\" alt=\"C\u00f2 rinn e?\" srcset=\"https:\/\/www.storlann.co.uk\/fileanta\/wp-content\/uploads\/2019\/02\/co-rinn-e-1-360x507.jpg 360w, https:\/\/www.storlann.co.uk\/fileanta\/wp-content\/uploads\/2019\/02\/co-rinn-e-1-213x300.jpg 213w, https:\/\/www.storlann.co.uk\/fileanta\/wp-content\/uploads\/2019\/02\/co-rinn-e-1.jpg 433w\" sizes=\"(max-width: 360px) 100vw, 360px\" \/> <img src=\"https:\/\/www.storlann.co.uk\/fileanta\/wp-content\/uploads\/2019\/02\/co-rinn-e-3-360x507.jpg\" width=\"360\" height=\"507\" title=\"co-rinn-e-3\" alt=\"C\u00f2 rinn e?\" srcset=\"https:\/\/www.storlann.co.uk\/fileanta\/wp-content\/uploads\/2019\/02\/co-rinn-e-3-360x507.jpg 360w, https:\/\/www.storlann.co.uk\/fileanta\/wp-content\/uploads\/2019\/02\/co-rinn-e-3-213x300.jpg 213w, https:\/\/www.storlann.co.uk\/fileanta\/wp-content\/uploads\/2019\/02\/co-rinn-e-3.jpg 433w\" sizes=\"(max-width: 360px) 100vw, 360px\" \/>","_links":{"self":[{"href":"https:\/\/www.storlann.co.uk\/fileanta\/wp-json\/wp\/v2\/pages\/5024","targetHints":{"allow":["GET"]}}],"collection":[{"href":"https:\/\/www.storlann.co.uk\/fileanta\/wp-json\/wp\/v2\/pages"}],"about":[{"href":"https:\/\/www.storlann.co.uk\/fileanta\/wp-json\/wp\/v2\/types\/page"}],"author":[{"embeddable":true,"href":"https:\/\/www.storlann.co.uk\/fileanta\/wp-json\/wp\/v2\/users\/1"}],"replies":[{"embeddable":true,"href":"https:\/\/www.storlann.co.uk\/fileanta\/wp-json\/wp\/v2\/comments?post=5024"}],"version-history":[{"count":0,"href":"https:\/\/www.storlann.co.uk\/fileanta\/wp-json\/wp\/v2\/pages\/5024\/revisions"}],"wp:attachment":[{"href":"https:\/\/www.storlann.co.uk\/fileanta\/wp-json\/wp\/v2\/media?parent=5024"}],"curies":[{"name":"wp","href":"https:\/\/api.w.org\/{rel}","templated":true}]}}