{"id":7206,"date":"2019-11-13T10:55:33","date_gmt":"2019-11-13T10:55:33","guid":{"rendered":"https:\/\/www.storlann.co.uk\/fileanta\/labhairt-copy\/"},"modified":"2020-03-02T16:45:52","modified_gmt":"2020-03-02T16:45:52","slug":"gramar","status":"publish","type":"page","link":"https:\/\/www.storlann.co.uk\/fileanta\/gramar\/","title":{"rendered":"Gramar"},"content":{"rendered":"<!--themify_builder_content-->\n<div id=\"themify_builder_content-7206\" data-postid=\"7206\" class=\"themify_builder_content themify_builder_content-7206 themify_builder tf_clear\">\n                    <div  data-css_id=\"sdiq907\" data-lazy=\"1\" class=\"module_row themify_builder_row fullwidth tb_sdiq907 tb_first tf_w\">\n                        <div class=\"row_inner col_align_top tb_col_count_3 tf_box tf_rel\">\n                        <div  data-lazy=\"1\" class=\"module_column tb-column col3-1 tb_kobl909 first\">\n                            <\/div>\n                    <div  data-lazy=\"1\" class=\"module_column tb-column col3-1 tb_xufh911\">\n                    <!-- module text -->\n<div  class=\"module module-text tb_0l0r910  repeat \" data-lazy=\"1\" id=\"abair-g\">\n        <div  class=\"tb_text_wrap\">\n        <h2>Abair G\u00e0idhlig!<\/h2>\n<p>Pasgan de stuth c\u00e0nain\/gr\u00e0mair le f\u00f2cas air sia phr\u00ecomh phuingean gr\u00e0mair (leithid An Tr\u00e0th Teachdail, \u2019S, Gam\/Gad) ach ann an co-theacsa agus tro sgr\u00f9dadh air earrann agus litreachas na G\u00e0idhlig. Tha an goireas seo ag amas gu s\u00f2nraichte air clasaichean FFC.<\/p>    <\/div>\n<\/div>\n<!-- \/module text --><!-- module text -->\n<div  class=\"module module-text tb_5tts128  repeat \" data-lazy=\"1\">\n        <div  class=\"tb_text_wrap\">\n        <div class='w3eden wpdm_packages_shortcode'>\n    <div class=''>\n\n        \n        <div id=\"content_wpdm_package_1\">\n            <div class='row'><div class='col-lg-12 col-md-6 col-6'><div class=\"media well\">\n    <a class=\"mr-2 img-48\" href=\"https:\/\/www.storlann.co.uk\/fileanta\/wpdm-package\/abair-gaidhlig-1\/?wpdmdl=7178&refresh=69d7a68e9e4141775740558\">\n        <img decoding=\"async\" class=\"wpdm_icon\" alt=\"Icon\"   src=\"https:\/\/www.storlann.co.uk\/fileanta\/wp-content\/plugins\/download-manager\/assets\/file-type-icons\/pdf.svg\" \/>\n    <\/a>\n    <div class=\"media-body\">\n        <a href=\"https:\/\/www.storlann.co.uk\/fileanta\/wpdm-package\/abair-gaidhlig-1\/?wpdmdl=7178&refresh=69d7a68e9e4141775740558\" >Abair G\u00e0idhlig 1<\/a>\n        <div class=\"dl-link\">\n            <i class=\"fas fa-file color-green\"><\/i> 7.59 MB <i class=\"fa fa-file-download ml-3 color-grey\"><\/i>\n            5055  \n        <\/div>\n    <\/div>\n<\/div>\n\n<\/div><div class='col-lg-12 col-md-6 col-6'><div class=\"media well\">\n    <a class=\"mr-2 img-48\" href=\"https:\/\/www.storlann.co.uk\/fileanta\/wpdm-package\/abair-gaidhlig-2\/?wpdmdl=7182&refresh=69d7a68eac6051775740558\">\n        <img decoding=\"async\" class=\"wpdm_icon\" alt=\"Icon\"   src=\"https:\/\/www.storlann.co.uk\/fileanta\/wp-content\/plugins\/download-manager\/assets\/file-type-icons\/pdf.svg\" \/>\n    <\/a>\n    <div class=\"media-body\">\n        <a href=\"https:\/\/www.storlann.co.uk\/fileanta\/wpdm-package\/abair-gaidhlig-2\/?wpdmdl=7182&refresh=69d7a68eac6051775740558\" >Abair G\u00e0idhlig 2<\/a>\n        <div class=\"dl-link\">\n            <i class=\"fas fa-file color-green\"><\/i> 1.17 MB <i class=\"fa fa-file-download ml-3 color-grey\"><\/i>\n            4270  \n        <\/div>\n    <\/div>\n<\/div>\n\n<\/div><div class='col-lg-12 col-md-6 col-6'><div class=\"media well\">\n    <a class=\"mr-2 img-48\" href=\"https:\/\/www.storlann.co.uk\/fileanta\/wpdm-package\/abair-gaidhlig-3\/?wpdmdl=7184&refresh=69d7a68ebb0591775740558\">\n        <img decoding=\"async\" class=\"wpdm_icon\" alt=\"Icon\"   src=\"https:\/\/www.storlann.co.uk\/fileanta\/wp-content\/plugins\/download-manager\/assets\/file-type-icons\/pdf.svg\" \/>\n    <\/a>\n    <div class=\"media-body\">\n        <a href=\"https:\/\/www.storlann.co.uk\/fileanta\/wpdm-package\/abair-gaidhlig-3\/?wpdmdl=7184&refresh=69d7a68ebb0591775740558\" >Abair G\u00e0idhlig 3<\/a>\n        <div class=\"dl-link\">\n            <i class=\"fas fa-file color-green\"><\/i> 1.06 MB <i class=\"fa fa-file-download ml-3 color-grey\"><\/i>\n            3928  \n        <\/div>\n    <\/div>\n<\/div>\n\n<\/div><div class='col-lg-12 col-md-6 col-6'><div class=\"media well\">\n    <a class=\"mr-2 img-48\" href=\"https:\/\/www.storlann.co.uk\/fileanta\/wpdm-package\/abair-gaidhlig-4\/?wpdmdl=7186&refresh=69d7a68ec83ac1775740558\">\n        <img decoding=\"async\" class=\"wpdm_icon\" alt=\"Icon\"   src=\"https:\/\/www.storlann.co.uk\/fileanta\/wp-content\/plugins\/download-manager\/assets\/file-type-icons\/pdf.svg\" \/>\n    <\/a>\n    <div class=\"media-body\">\n        <a href=\"https:\/\/www.storlann.co.uk\/fileanta\/wpdm-package\/abair-gaidhlig-4\/?wpdmdl=7186&refresh=69d7a68ec83ac1775740558\" >Abair G\u00e0idhlig 4<\/a>\n        <div class=\"dl-link\">\n            <i class=\"fas fa-file color-green\"><\/i> 2.10 MB <i class=\"fa fa-file-download ml-3 color-grey\"><\/i>\n            3929  \n        <\/div>\n    <\/div>\n<\/div>\n\n<\/div><div class='col-lg-12 col-md-6 col-6'><div class=\"media well\">\n    <a class=\"mr-2 img-48\" href=\"https:\/\/www.storlann.co.uk\/fileanta\/wpdm-package\/abair-gaidhlig-5\/?wpdmdl=7188&refresh=69d7a68ed55bf1775740558\">\n        <img decoding=\"async\" class=\"wpdm_icon\" alt=\"Icon\"   src=\"https:\/\/www.storlann.co.uk\/fileanta\/wp-content\/plugins\/download-manager\/assets\/file-type-icons\/pdf.svg\" \/>\n    <\/a>\n    <div class=\"media-body\">\n        <a href=\"https:\/\/www.storlann.co.uk\/fileanta\/wpdm-package\/abair-gaidhlig-5\/?wpdmdl=7188&refresh=69d7a68ed55bf1775740558\" >Abair G\u00e0idhlig 5<\/a>\n        <div class=\"dl-link\">\n            <i class=\"fas fa-file color-green\"><\/i> 1.66 MB <i class=\"fa fa-file-download ml-3 color-grey\"><\/i>\n            6219  \n        <\/div>\n    <\/div>\n<\/div>\n\n<\/div><div class='col-lg-12 col-md-6 col-6'><div class=\"media well\">\n    <a class=\"mr-2 img-48\" href=\"https:\/\/www.storlann.co.uk\/fileanta\/wpdm-package\/abair-gaidhlig-6\/?wpdmdl=7192&refresh=69d7a68ee23c51775740558\">\n        <img decoding=\"async\" class=\"wpdm_icon\" alt=\"Icon\"   src=\"https:\/\/www.storlann.co.uk\/fileanta\/wp-content\/plugins\/download-manager\/assets\/file-type-icons\/pdf.svg\" \/>\n    <\/a>\n    <div class=\"media-body\">\n        <a href=\"https:\/\/www.storlann.co.uk\/fileanta\/wpdm-package\/abair-gaidhlig-6\/?wpdmdl=7192&refresh=69d7a68ee23c51775740558\" >Abair G\u00e0idhlig 6<\/a>\n        <div class=\"dl-link\">\n            <i class=\"fas fa-file color-green\"><\/i> 1.80 MB <i class=\"fa fa-file-download ml-3 color-grey\"><\/i>\n            4302  \n        <\/div>\n    <\/div>\n<\/div>\n\n<\/div><div class='col-lg-12 col-md-6 col-6'><div class=\"media well\">\n    <a class=\"mr-2 img-48\" href=\"https:\/\/www.storlann.co.uk\/fileanta\/wpdm-package\/abair-gaidhlig-notaichean-an-tidseir\/?wpdmdl=7505&refresh=69d7a68eef57b1775740558\">\n        <img decoding=\"async\" class=\"wpdm_icon\" alt=\"Icon\"   src=\"https:\/\/www.storlann.co.uk\/fileanta\/wp-content\/plugins\/download-manager\/assets\/file-type-icons\/pdf.svg\" \/>\n    <\/a>\n    <div class=\"media-body\">\n        <a href=\"https:\/\/www.storlann.co.uk\/fileanta\/wpdm-package\/abair-gaidhlig-notaichean-an-tidseir\/?wpdmdl=7505&refresh=69d7a68eef57b1775740558\" >Abair G\u00e0idhlig - Notaichean an Tidseir<\/a>\n        <div class=\"dl-link\">\n            <i class=\"fas fa-file color-green\"><\/i> 2.53 MB <i class=\"fa fa-file-download ml-3 color-grey\"><\/i>\n            2705  \n        <\/div>\n    <\/div>\n<\/div>\n\n<\/div><\/div>            <div style='clear:both'><\/div><div class='text-center'><ul class='pagination wpdm-pagination pagination-centered text-center'><\/ul><\/div><div style='clear:both'><\/div>        <\/div>\n\n        <div style='clear:both'><\/div>\n    <\/div>\n<\/div>\n    <\/div>\n<\/div>\n<!-- \/module text -->        <\/div>\n                    <div  data-lazy=\"1\" class=\"module_column tb-column col3-1 tb_6izd549 last\">\n                    <!-- module image -->\n<div  class=\"module module-image tb_up5257 image-center   auto_fullwidth tf_mw\" data-lazy=\"1\">\n        <div class=\"image-wrap tf_rel tf_mw\">\n            <img loading=\"lazy\" decoding=\"async\" width=\"450\" height=\"245\" src=\"https:\/\/www.storlann.co.uk\/fileanta\/wp-content\/uploads\/2020\/03\/abair-gaidhlig1.png\" class=\"wp-post-image wp-image-7533\" title=\"abair-gaidhlig1\" alt=\"abair-gaidhlig1\" srcset=\"https:\/\/www.storlann.co.uk\/fileanta\/wp-content\/uploads\/2020\/03\/abair-gaidhlig1.png 450w, https:\/\/www.storlann.co.uk\/fileanta\/wp-content\/uploads\/2020\/03\/abair-gaidhlig1-300x163.png 300w\" sizes=\"auto, (max-width: 450px) 100vw, 450px\" \/>    \n        <\/div>\n    <!-- \/image-wrap -->\n    \n        <\/div>\n<!-- \/module image --><!-- module text -->\n<div  class=\"module module-text tb_m9fy766   \" data-lazy=\"1\">\n        <div  class=\"tb_text_wrap\">\n        <div class='w3eden wpdm_packages_shortcode'>\n    <div class=''>\n\n        \n        <div id=\"content_wpdm_package_2\">\n            <div class='row'><div class='col-lg-12 col-md-6 col-6'><div class=\"media well\">\n    <a class=\"mr-2 img-48\" href=\"https:\/\/www.storlann.co.uk\/fileanta\/wpdm-package\/abair-gaidhlig-an-ainmear\/?wpdmdl=7508&refresh=69d7a68f0cf791775740559\">\n        <img decoding=\"async\" class=\"wpdm_icon\" alt=\"Icon\"   src=\"https:\/\/www.storlann.co.uk\/fileanta\/wp-content\/plugins\/download-manager\/assets\/file-type-icons\/ppt.png\" \/>\n    <\/a>\n    <div class=\"media-body\">\n        <a href=\"https:\/\/www.storlann.co.uk\/fileanta\/wpdm-package\/abair-gaidhlig-an-ainmear\/?wpdmdl=7508&refresh=69d7a68f0cf791775740559\" >Abair G\u00e0idhlig 1 - An t-Ainmear<\/a>\n        <div class=\"dl-link\">\n            <i class=\"fas fa-file color-green\"><\/i> 2.5 MB <i class=\"fa fa-file-download ml-3 color-grey\"><\/i>\n            7650  \n        <\/div>\n    <\/div>\n<\/div>\n\n<\/div><div class='col-lg-12 col-md-6 col-6'><div class=\"media well\">\n    <a class=\"mr-2 img-48\" href=\"https:\/\/www.storlann.co.uk\/fileanta\/wpdm-package\/abair-gaidhlig-an-trath-caithte\/?wpdmdl=7510&refresh=69d7a68f1a2881775740559\">\n        <img decoding=\"async\" class=\"wpdm_icon\" alt=\"Icon\"   src=\"https:\/\/www.storlann.co.uk\/fileanta\/wp-content\/plugins\/download-manager\/assets\/file-type-icons\/ppt.png\" \/>\n    <\/a>\n    <div class=\"media-body\">\n        <a href=\"https:\/\/www.storlann.co.uk\/fileanta\/wpdm-package\/abair-gaidhlig-an-trath-caithte\/?wpdmdl=7510&refresh=69d7a68f1a2881775740559\" >Abair G\u00e0idhlig 2 - An Tr\u00e0th Caithte<\/a>\n        <div class=\"dl-link\">\n            <i class=\"fas fa-file color-green\"><\/i> 2.76 MB <i class=\"fa fa-file-download ml-3 color-grey\"><\/i>\n            5110  \n        <\/div>\n    <\/div>\n<\/div>\n\n<\/div><div class='col-lg-12 col-md-6 col-6'><div class=\"media well\">\n    <a class=\"mr-2 img-48\" href=\"https:\/\/www.storlann.co.uk\/fileanta\/wpdm-package\/abair-gaidhlig-an-trath-teachdail\/?wpdmdl=7512&refresh=69d7a68f26e651775740559\">\n        <img decoding=\"async\" class=\"wpdm_icon\" alt=\"Icon\"   src=\"https:\/\/www.storlann.co.uk\/fileanta\/wp-content\/plugins\/download-manager\/assets\/file-type-icons\/ppt.png\" \/>\n    <\/a>\n    <div class=\"media-body\">\n        <a href=\"https:\/\/www.storlann.co.uk\/fileanta\/wpdm-package\/abair-gaidhlig-an-trath-teachdail\/?wpdmdl=7512&refresh=69d7a68f26e651775740559\" >Abair G\u00e0idhlig 3 - An Tr\u00e0th Teachdail<\/a>\n        <div class=\"dl-link\">\n            <i class=\"fas fa-file color-green\"><\/i> 1.47 MB <i class=\"fa fa-file-download ml-3 color-grey\"><\/i>\n            5109  \n        <\/div>\n    <\/div>\n<\/div>\n\n<\/div><div class='col-lg-12 col-md-6 col-6'><div class=\"media well\">\n    <a class=\"mr-2 img-48\" href=\"https:\/\/www.storlann.co.uk\/fileanta\/wpdm-package\/abair-gaidhlig-an-trath-cumhach\/?wpdmdl=7514&refresh=69d7a68f3485b1775740559\">\n        <img decoding=\"async\" class=\"wpdm_icon\" alt=\"Icon\"   src=\"https:\/\/www.storlann.co.uk\/fileanta\/wp-content\/plugins\/download-manager\/assets\/file-type-icons\/ppt.png\" \/>\n    <\/a>\n    <div class=\"media-body\">\n        <a href=\"https:\/\/www.storlann.co.uk\/fileanta\/wpdm-package\/abair-gaidhlig-an-trath-cumhach\/?wpdmdl=7514&refresh=69d7a68f3485b1775740559\" >Abair G\u00e0idhlig 4 - An Tr\u00e0th Cumhach<\/a>\n        <div class=\"dl-link\">\n            <i class=\"fas fa-file color-green\"><\/i> 1.93 MB <i class=\"fa fa-file-download ml-3 color-grey\"><\/i>\n            4282  \n        <\/div>\n    <\/div>\n<\/div>\n\n<\/div><div class='col-lg-12 col-md-6 col-6'><div class=\"media well\">\n    <a class=\"mr-2 img-48\" href=\"https:\/\/www.storlann.co.uk\/fileanta\/wpdm-package\/abair-gaidhlig-s\/?wpdmdl=7517&refresh=69d7a68f419d81775740559\">\n        <img decoding=\"async\" class=\"wpdm_icon\" alt=\"Icon\"   src=\"https:\/\/www.storlann.co.uk\/fileanta\/wp-content\/plugins\/download-manager\/assets\/file-type-icons\/ppt.png\" \/>\n    <\/a>\n    <div class=\"media-body\">\n        <a href=\"https:\/\/www.storlann.co.uk\/fileanta\/wpdm-package\/abair-gaidhlig-s\/?wpdmdl=7517&refresh=69d7a68f419d81775740559\" >Abair G\u00e0idhlig 5 - 's<\/a>\n        <div class=\"dl-link\">\n            <i class=\"fas fa-file color-green\"><\/i> 2.0 MB <i class=\"fa fa-file-download ml-3 color-grey\"><\/i>\n            4120  \n        <\/div>\n    <\/div>\n<\/div>\n\n<\/div><div class='col-lg-12 col-md-6 col-6'><div class=\"media well\">\n    <a class=\"mr-2 img-48\" href=\"https:\/\/www.storlann.co.uk\/fileanta\/wpdm-package\/abair-gaidhlig-na-h-altan-pearsanta\/?wpdmdl=7519&refresh=69d7a68f4f8901775740559\">\n        <img decoding=\"async\" class=\"wpdm_icon\" alt=\"Icon\"   src=\"https:\/\/www.storlann.co.uk\/fileanta\/wp-content\/plugins\/download-manager\/assets\/file-type-icons\/ppt.png\" \/>\n    <\/a>\n    <div class=\"media-body\">\n        <a href=\"https:\/\/www.storlann.co.uk\/fileanta\/wpdm-package\/abair-gaidhlig-na-h-altan-pearsanta\/?wpdmdl=7519&refresh=69d7a68f4f8901775740559\" >Abair G\u00e0idhlig 6 - Na h-Altan Pearsanta<\/a>\n        <div class=\"dl-link\">\n            <i class=\"fas fa-file color-green\"><\/i> 4.40 MB <i class=\"fa fa-file-download ml-3 color-grey\"><\/i>\n            4444  \n        <\/div>\n    <\/div>\n<\/div>\n\n<\/div><\/div>            <div style='clear:both'><\/div><div class='text-center'><ul class='pagination wpdm-pagination pagination-centered text-center'><\/ul><\/div><div style='clear:both'><\/div>        <\/div>\n\n        <div style='clear:both'><\/div>\n    <\/div>\n<\/div>\n    <\/div>\n<\/div>\n<!-- \/module text -->        <\/div>\n                        <\/div>\n        <\/div>\n        <\/div>\n<!--\/themify_builder_content-->","protected":false},"excerpt":{"rendered":"<p>Abair G\u00e0idhlig! Pasgan de stuth c\u00e0nain\/gr\u00e0mair le f\u00f2cas air sia phr\u00ecomh phuingean gr\u00e0mair (leithid An Tr\u00e0th Teachdail, \u2019S, Gam\/Gad) ach ann an co-theacsa agus tro sgr\u00f9dadh air earrann agus litreachas na G\u00e0idhlig. Tha an goireas seo ag amas gu s\u00f2nraichte air clasaichean FFC.<\/p>\n","protected":false},"author":1,"featured_media":0,"parent":0,"menu_order":0,"comment_status":"closed","ping_status":"closed","template":"","meta":{"footnotes":""},"class_list":["post-7206","page","type-page","status-publish","hentry","has-post-title","has-post-date","has-post-category","has-post-tag","has-post-comment","has-post-author",""],"builder_content":"<h2>Abair G\u00e0idhlig!<\/h2> <p>Pasgan de stuth c\u00e0nain\/gr\u00e0mair le f\u00f2cas air sia phr\u00ecomh phuingean gr\u00e0mair (leithid An Tr\u00e0th Teachdail, \u2019S, Gam\/Gad) ach ann an co-theacsa agus tro sgr\u00f9dadh air earrann agus litreachas na G\u00e0idhlig. Tha an goireas seo ag amas gu s\u00f2nraichte air clasaichean FFC.<\/p>\n<p>[wpdm_category id=\"abair-gaidhlig,\" cols=\"1\" toolbar=0 item_per_page=10 order=\"asc\" template=\"55c909d92912b\"]<\/p>\n<img src=\"https:\/\/www.storlann.co.uk\/fileanta\/wp-content\/uploads\/2020\/03\/abair-gaidhlig1.png\" title=\"abair-gaidhlig1\" alt=\"abair-gaidhlig1\" srcset=\"https:\/\/www.storlann.co.uk\/fileanta\/wp-content\/uploads\/2020\/03\/abair-gaidhlig1.png 450w, https:\/\/www.storlann.co.uk\/fileanta\/wp-content\/uploads\/2020\/03\/abair-gaidhlig1-300x163.png 300w\" sizes=\"(max-width: 450px) 100vw, 450px\" \/>\n<p>[wpdm_category id=\"ag-powerpoint,\" cols=\"1\" toolbar=0 item_per_page=10 order=\"asc\" template=\"55c909d92912b\"]<\/p>","_links":{"self":[{"href":"https:\/\/www.storlann.co.uk\/fileanta\/wp-json\/wp\/v2\/pages\/7206","targetHints":{"allow":["GET"]}}],"collection":[{"href":"https:\/\/www.storlann.co.uk\/fileanta\/wp-json\/wp\/v2\/pages"}],"about":[{"href":"https:\/\/www.storlann.co.uk\/fileanta\/wp-json\/wp\/v2\/types\/page"}],"author":[{"embeddable":true,"href":"https:\/\/www.storlann.co.uk\/fileanta\/wp-json\/wp\/v2\/users\/1"}],"replies":[{"embeddable":true,"href":"https:\/\/www.storlann.co.uk\/fileanta\/wp-json\/wp\/v2\/comments?post=7206"}],"version-history":[{"count":0,"href":"https:\/\/www.storlann.co.uk\/fileanta\/wp-json\/wp\/v2\/pages\/7206\/revisions"}],"wp:attachment":[{"href":"https:\/\/www.storlann.co.uk\/fileanta\/wp-json\/wp\/v2\/media?parent=7206"}],"curies":[{"name":"wp","href":"https:\/\/api.w.org\/{rel}","templated":true}]}}