{"id":7972,"date":"2022-05-04T11:26:47","date_gmt":"2022-05-04T10:26:47","guid":{"rendered":"https:\/\/www.storlann.co.uk\/fileanta\/?page_id=7972"},"modified":"2022-05-04T12:01:35","modified_gmt":"2022-05-04T11:01:35","slug":"drama","status":"publish","type":"page","link":"https:\/\/www.storlann.co.uk\/fileanta\/drama\/","title":{"rendered":"Dr\u00e0ma"},"content":{"rendered":"<!--themify_builder_content-->\n<div id=\"themify_builder_content-7972\" data-postid=\"7972\" class=\"themify_builder_content themify_builder_content-7972 themify_builder tf_clear\">\n                    <div  data-css_id=\"0arl113\" data-lazy=\"1\" class=\"module_row themify_builder_row fullwidth tb_0arl113 tb_first tf_w\">\n                        <div class=\"row_inner col_align_top tb_col_count_2 tf_box tf_rel\">\n                        <div  data-lazy=\"1\" class=\"module_column tb-column col4-2 tb_wj29114 first\">\n                    <!-- module text -->\n<div  class=\"module module-text tb_hld3114   \" data-lazy=\"1\">\n        <div  class=\"tb_text_wrap\">\n        <h1>CLEAS IS MEAS<\/h1>\n<h2>AONAD DR\u00c0MA DO SGOILEARAN NA H-\u00c0RD-SGOILE<\/h2>\n<p>Aonad-obrach st\u00e8idhichte air cuid de na pr\u00ecomh chuspairean ann an<br>sgr\u00f9dadh dr\u00e0ma agus freagarrach do chlasaichean G\u00e0idhlig san \u00c0rd-sgoil.<\/p>    <\/div>\n<\/div>\n<!-- \/module text --><!-- module image -->\n<div  class=\"module module-image tb_fmya760 image-left bordered  tf_mw\" data-lazy=\"1\">\n        <div class=\"image-wrap tf_rel tf_mw\">\n            <img loading=\"lazy\" decoding=\"async\" width=\"500\" height=\"325\" src=\"https:\/\/www.storlann.co.uk\/fileanta\/wp-content\/uploads\/2022\/05\/drama-gaidhlig.jpg\" class=\"wp-post-image wp-image-7998\" alt=\"Dr\u00e0ma G\u00e0idhlig\" srcset=\"https:\/\/www.storlann.co.uk\/fileanta\/wp-content\/uploads\/2022\/05\/drama-gaidhlig.jpg 500w, https:\/\/www.storlann.co.uk\/fileanta\/wp-content\/uploads\/2022\/05\/drama-gaidhlig-300x195.jpg 300w\" sizes=\"auto, (max-width: 500px) 100vw, 500px\" \/>    \n        <\/div>\n    <!-- \/image-wrap -->\n    \n        <\/div>\n<!-- \/module image --><!-- module text -->\n<div  class=\"module module-text tb_khid114   \" data-lazy=\"1\">\n        <div  class=\"tb_text_wrap\">\n        <div class='w3eden wpdm_package_shortcode'><div class=\"media well\">\n    <a class=\"mr-2 img-48\" href=\"https:\/\/www.storlann.co.uk\/fileanta\/wpdm-package\/cleas-is-meas\/?wpdmdl=7910&refresh=69e48df93d9771776586233\">\n        <img decoding=\"async\" class=\"wpdm_icon\" alt=\"Icon\"   src=\"https:\/\/www.storlann.co.uk\/fileanta\/wp-content\/plugins\/download-manager\/assets\/file-type-icons\/pdf.svg\" \/>\n    <\/a>\n    <div class=\"media-body\">\n        <a href=\"https:\/\/www.storlann.co.uk\/fileanta\/wpdm-package\/cleas-is-meas\/?wpdmdl=7910&refresh=69e48df93d9771776586233\" >Cleas is Meas<\/a>\n        <div class=\"dl-link\">\n            <i class=\"fas fa-file color-green\"><\/i> 15.15 MB <i class=\"fa fa-file-download ml-3 color-grey\"><\/i>\n            5268  \n        <\/div>\n    <\/div>\n<\/div>\n\n<\/div>    <\/div>\n<\/div>\n<!-- \/module text -->        <\/div>\n                    <div  data-lazy=\"1\" class=\"module_column tb-column col4-2 tb_fh25115 last\">\n                    <!-- module image -->\n<div  class=\"module module-image tb_aw1h116 image-center   tf_mw\" data-lazy=\"1\">\n        <div class=\"image-wrap tf_rel tf_mw\">\n            <img decoding=\"async\" src=\"https:\/\/www.storlann.co.uk\/fileanta\/wp-content\/uploads\/2022\/04\/drama-teens-2.svg\" title=\"Dr\u00e0ma\" alt=\"Dr\u00e0ma\">    \n        <\/div>\n    <!-- \/image-wrap -->\n    \n        <\/div>\n<!-- \/module image -->        <\/div>\n                        <\/div>\n        <\/div>\n                        <div  data-css_id=\"ryaa782\" data-lazy=\"1\" class=\"module_row themify_builder_row fullwidth tb_ryaa782 tf_w\">\n                        <div class=\"row_inner col_align_top tb_col_count_1 tf_box tf_rel\">\n                        <div  data-lazy=\"1\" class=\"module_column tb-column col-full tb_7ndl783 first\">\n                            <div  data-lazy=\"1\" class=\"module_subrow themify_builder_sub_row tf_w col_align_top tb_col_count_1 tb_pkhy711\">\n                <div  data-lazy=\"1\" class=\"module_column sub_column col-full tb_mvgz712 first\">\n                    <!-- module text -->\n<div  class=\"module module-text tb_sfib965   \" data-lazy=\"1\">\n        <div  class=\"tb_text_wrap\">\n        <h2>Gruth is Uachdar (BBC Alba)<\/h2>    <\/div>\n<\/div>\n<!-- \/module text -->        <\/div>\n                    <\/div>\n                <div  data-lazy=\"1\" class=\"module_subrow themify_builder_sub_row tf_w gutter-narrow col_align_top tb_col_count_2 tb_j4s7116\">\n                <div  data-lazy=\"1\" class=\"module_column sub_column col4-2 tb_f8qp117 first\">\n                    <!-- module video -->\n<div  class=\"module module-video tb_pc00799 video-top  \" data-lazy=\"1\">\n                    <div class=\"video-wrap-outer\" style=\"max-width:100%\">\n            <div class=\"video-wrap tf_rel tf_overflow\">\n                                    <noscript><iframe data-no-script src=\"https:\/\/player.vimeo.com\/video\/704612029?h=&#038;pip=1&#038;playsinline=1&#038;portrait=0&#038;title=0&#038;byline=0\" allow=\"fullscreen\" class=\"tf_abs tf_w tf_h\"><\/iframe><\/noscript>\n                                <\/div>\n            <!-- \/video-wrap -->\n        <\/div>\n        <!-- \/video-wrap-outer -->\n            <\/div>\n<!-- module video -->\n<div  class=\"module module-video tb_2cvd800 video-top  \" data-lazy=\"1\">\n                    <div class=\"video-wrap-outer\" style=\"max-width:100%\">\n            <div class=\"video-wrap tf_rel tf_overflow\">\n                                    <noscript><iframe data-no-script src=\"https:\/\/player.vimeo.com\/video\/705685100?h=&#038;pip=1&#038;playsinline=1&#038;portrait=0&#038;title=0&#038;byline=0\" allow=\"fullscreen\" class=\"tf_abs tf_w tf_h\"><\/iframe><\/noscript>\n                                <\/div>\n            <!-- \/video-wrap -->\n        <\/div>\n        <!-- \/video-wrap-outer -->\n            <\/div>\n<!-- module video -->\n<div  class=\"module module-video tb_wmfs799 video-top  \" data-lazy=\"1\">\n                    <div class=\"video-wrap-outer\" style=\"max-width:100%\">\n            <div class=\"video-wrap tf_rel tf_overflow\">\n                                    <noscript><iframe data-no-script src=\"https:\/\/player.vimeo.com\/video\/705656610?h=&#038;pip=1&#038;playsinline=1&#038;portrait=0&#038;title=0&#038;byline=0\" allow=\"fullscreen\" class=\"tf_abs tf_w tf_h\"><\/iframe><\/noscript>\n                                <\/div>\n            <!-- \/video-wrap -->\n        <\/div>\n        <!-- \/video-wrap-outer -->\n            <\/div>\n        <\/div>\n                    <div  data-lazy=\"1\" class=\"module_column sub_column col4-2 tb_2qsi117 last\">\n                    <!-- module video -->\n<div  class=\"module module-video tb_j6d9800 video-top  \" data-lazy=\"1\">\n                    <div class=\"video-wrap-outer\" style=\"max-width:100%\">\n            <div class=\"video-wrap tf_rel tf_overflow\">\n                                    <noscript><iframe data-no-script src=\"https:\/\/player.vimeo.com\/video\/705785407?h=&#038;pip=1&#038;playsinline=1&#038;portrait=0&#038;title=0&#038;byline=0\" allow=\"fullscreen\" class=\"tf_abs tf_w tf_h\"><\/iframe><\/noscript>\n                                <\/div>\n            <!-- \/video-wrap -->\n        <\/div>\n        <!-- \/video-wrap-outer -->\n            <\/div>\n<!-- module video -->\n<div  class=\"module module-video tb_dhh3801 video-top  \" data-lazy=\"1\">\n                    <div class=\"video-wrap-outer\" style=\"max-width:100%\">\n            <div class=\"video-wrap tf_rel tf_overflow\">\n                                    <noscript><iframe data-no-script src=\"https:\/\/player.vimeo.com\/video\/705774737?h=&#038;pip=1&#038;playsinline=1&#038;portrait=0&#038;title=0&#038;byline=0\" allow=\"fullscreen\" class=\"tf_abs tf_w tf_h\"><\/iframe><\/noscript>\n                                <\/div>\n            <!-- \/video-wrap -->\n        <\/div>\n        <!-- \/video-wrap-outer -->\n            <\/div>\n<!-- module video -->\n<div  class=\"module module-video tb_w0ut801 video-top  \" data-lazy=\"1\">\n                    <div class=\"video-wrap-outer\" style=\"max-width:100%\">\n            <div class=\"video-wrap tf_rel tf_overflow\">\n                                    <noscript><iframe data-no-script src=\"https:\/\/player.vimeo.com\/video\/705754868?h=&#038;pip=1&#038;playsinline=1&#038;portrait=0&#038;title=0&#038;byline=0\" allow=\"fullscreen\" class=\"tf_abs tf_w tf_h\"><\/iframe><\/noscript>\n                                <\/div>\n            <!-- \/video-wrap -->\n        <\/div>\n        <!-- \/video-wrap-outer -->\n            <\/div>\n        <\/div>\n                    <\/div>\n                <\/div>\n                        <\/div>\n        <\/div>\n        <\/div>\n<!--\/themify_builder_content-->","protected":false},"excerpt":{"rendered":"<p>CLEAS IS MEAS AONAD DR\u00c0MA DO SGOILEARAN NA H-\u00c0RD-SGOILE Aonad-obrach st\u00e8idhichte air cuid de na pr\u00ecomh chuspairean ann ansgr\u00f9dadh dr\u00e0ma agus freagarrach do chlasaichean G\u00e0idhlig san \u00c0rd-sgoil.<\/p>\n","protected":false},"author":1,"featured_media":0,"parent":0,"menu_order":0,"comment_status":"closed","ping_status":"closed","template":"","meta":{"footnotes":""},"class_list":["post-7972","page","type-page","status-publish","hentry","has-post-title","has-post-date","has-post-category","has-post-tag","has-post-comment","has-post-author",""],"builder_content":"<h1>CLEAS IS MEAS<\/h1> <h2>AONAD DR\u00c0MA DO SGOILEARAN NA H-\u00c0RD-SGOILE<\/h2> <p>Aonad-obrach st\u00e8idhichte air cuid de na pr\u00ecomh chuspairean ann an<br>sgr\u00f9dadh dr\u00e0ma agus freagarrach do chlasaichean G\u00e0idhlig san \u00c0rd-sgoil.<\/p>\n<img src=\"https:\/\/www.storlann.co.uk\/fileanta\/wp-content\/uploads\/2022\/05\/drama-gaidhlig.jpg\" alt=\"Dr\u00e0ma G\u00e0idhlig\" srcset=\"https:\/\/www.storlann.co.uk\/fileanta\/wp-content\/uploads\/2022\/05\/drama-gaidhlig.jpg 500w, https:\/\/www.storlann.co.uk\/fileanta\/wp-content\/uploads\/2022\/05\/drama-gaidhlig-300x195.jpg 300w\" sizes=\"(max-width: 500px) 100vw, 500px\" \/>\n<p>[wpdm_package id=\"7910\" template=\"55c909d92912b\"]<\/p>\n<img src=\"https:\/\/www.storlann.co.uk\/fileanta\/wp-content\/uploads\/2022\/04\/drama-teens-2.svg\" title=\"Dr\u00e0ma\" alt=\"Dr\u00e0ma\">\n<h2>Gruth is Uachdar (BBC Alba)<\/h2>\n[embed]https:\/\/vimeo.com\/704612029[\/embed]\n[embed]https:\/\/vimeo.com\/705685100[\/embed]\n[embed]https:\/\/vimeo.com\/705656610[\/embed]\n[embed]https:\/\/vimeo.com\/705785407[\/embed]\n[embed]https:\/\/vimeo.com\/705774737[\/embed]\n[embed]https:\/\/vimeo.com\/705754868[\/embed]","_links":{"self":[{"href":"https:\/\/www.storlann.co.uk\/fileanta\/wp-json\/wp\/v2\/pages\/7972","targetHints":{"allow":["GET"]}}],"collection":[{"href":"https:\/\/www.storlann.co.uk\/fileanta\/wp-json\/wp\/v2\/pages"}],"about":[{"href":"https:\/\/www.storlann.co.uk\/fileanta\/wp-json\/wp\/v2\/types\/page"}],"author":[{"embeddable":true,"href":"https:\/\/www.storlann.co.uk\/fileanta\/wp-json\/wp\/v2\/users\/1"}],"replies":[{"embeddable":true,"href":"https:\/\/www.storlann.co.uk\/fileanta\/wp-json\/wp\/v2\/comments?post=7972"}],"version-history":[{"count":0,"href":"https:\/\/www.storlann.co.uk\/fileanta\/wp-json\/wp\/v2\/pages\/7972\/revisions"}],"wp:attachment":[{"href":"https:\/\/www.storlann.co.uk\/fileanta\/wp-json\/wp\/v2\/media?parent=7972"}],"curies":[{"name":"wp","href":"https:\/\/api.w.org\/{rel}","templated":true}]}}