{"id":8293,"date":"2023-11-10T14:18:42","date_gmt":"2023-11-10T14:18:42","guid":{"rendered":"https:\/\/www.storlann.co.uk\/fileanta\/?page_id=8293"},"modified":"2023-11-10T14:31:04","modified_gmt":"2023-11-10T14:31:04","slug":"cuir-fios","status":"publish","type":"page","link":"https:\/\/www.storlann.co.uk\/fileanta\/cuir-fios\/","title":{"rendered":"Cuir fios"},"content":{"rendered":"<!--themify_builder_content-->\n<div id=\"themify_builder_content-8293\" data-postid=\"8293\" class=\"themify_builder_content themify_builder_content-8293 themify_builder tf_clear\">\n                    <div  data-css_id=\"0s5s409\" data-lazy=\"1\" class=\"module_row themify_builder_row fullwidth_row_container tb_0s5s409 tb_first tf_w\">\n                        <div class=\"row_inner col_align_top tb_col_count_1 tf_box tf_rel\">\n                        <div  data-lazy=\"1\" class=\"module_column tb-column col-full tb_dnde409 first\">\n                    <!-- module text -->\n<div  class=\"module module-text tb_aplo410   \" data-lazy=\"1\">\n        <div  class=\"tb_text_wrap\">\n        <h1>Cuir fios thugainn \/ Contact us<\/h1>    <\/div>\n<\/div>\n<!-- \/module text --><!-- module contact -->\n<div  id=\"tb_wy6t410\" class=\"module module-contact tb_wy6t410 contact-style1 \" data-lazy=\"1\">\n    \n\t<form class=\"builder-contact\"\n\t\tid=\"tb_wy6t410-form\"\n\t\tmethod=\"post\"\n\t\tdata-post-id=\"8293\"\n\t\tdata-element-id=\"wy6t410\"\n\t\tdata-orig-id=\"8293\"\n\t>\n    <div class=\"contact-message\"><\/div>\n\t<input type=\"hidden\" id=\"bc_nonce\" name=\"bc_nonce\" value=\"e2a728ed4f\" \/><input type=\"hidden\" name=\"_wp_http_referer\" value=\"\/fileanta\/wp-json\/wp\/v2\/pages\/8293\" \/>\t<div class=\"builder-contact-fields tf_rel\">\n\t\t    \t\t    <div class=\"builder-contact-field builder-contact-field-name builder-contact-text-field\">\n\t\t\t    <label class=\"control-label\" for=\"tb_wy6t410-contact-name\">\n\t\t\t\t\t\t\t\t\t\t\t<em><svg  class=\"tf_fa tf-fas-person\" xmlns:xlink=\"http:\/\/www.w3.org\/1999\/xlink\" aria-hidden=\"true\"><use href=\"#tf-fas-person\" xlink:href=\"#tf-fas-person\"><\/use><\/svg><\/em>\n\t\t\t\t\t\t\t\t\t\t<span class=\"tb-label-span\">Ainm \/ Name <\/span><span class=\"required\">*<\/span>\t\t\t\t<\/label>\n\t\t\t    <div class=\"control-input tf_rel\">\n\t\t\t\t    \t\t\t\t\t    <input type=\"text\" name=\"contact-name\" placeholder=\"\" id=\"tb_wy6t410-contact-name\" value=\"\" class=\"form-control\" required>\n\t\t\t\t    \t\t\t\t    \t\t\t    <\/div>\n\t\t<\/div>\n\t    \n\t\t    \t\t    <div class=\"builder-contact-field builder-contact-field-email builder-contact-text-field\">\n\t\t\t    <label class=\"control-label\" for=\"tb_wy6t410-contact-email\">\n\t\t\t\t\t\t\t\t\t\t\t<em><svg  class=\"tf_fa tf-fas-address-card\" xmlns:xlink=\"http:\/\/www.w3.org\/1999\/xlink\" aria-hidden=\"true\"><use href=\"#tf-fas-address-card\" xlink:href=\"#tf-fas-address-card\"><\/use><\/svg><\/em>\n\t\t\t\t\t\t\t\t\t\t<span class=\"tb-label-span\">Post-d \/ Email <\/span><span class=\"required\">*<\/span>\t\t\t\t<\/label>\n\t\t\t    <div class=\"control-input tf_rel\">\n\t\t\t\t    \t\t\t\t\t    <input type=\"email\" name=\"contact-email\" placeholder=\"\" id=\"tb_wy6t410-contact-email\" value=\"\" class=\"form-control\" required>\n\t\t\t\t    \t\t\t\t    \t\t\t    <\/div>\n\t\t<\/div>\n\t    \n\t\t    \t\t    <div class=\"builder-contact-field builder-contact-field-subject builder-contact-text-field\">\n\t\t\t    <label class=\"control-label\" for=\"tb_wy6t410-contact-subject\">\n\t\t\t\t\t\t\t\t\t\t\t<em><svg  class=\"tf_fa tf-fas-book-open\" xmlns:xlink=\"http:\/\/www.w3.org\/1999\/xlink\" aria-hidden=\"true\"><use href=\"#tf-fas-book-open\" xlink:href=\"#tf-fas-book-open\"><\/use><\/svg><\/em>\n\t\t\t\t\t\t\t\t\t\t<span class=\"tb-label-span\">Cuspair \/ Subject <\/span><span class=\"required\">*<\/span>\t\t\t\t<\/label>\n\t\t\t    <div class=\"control-input tf_rel\">\n\t\t\t\t    \t\t\t\t\t    <input type=\"text\" name=\"contact-subject\" placeholder=\"\" id=\"tb_wy6t410-contact-subject\" value=\"\" class=\"form-control\" required>\n\t\t\t\t    \t\t\t\t    \t\t\t    <\/div>\n\t\t<\/div>\n\t    \n\t\t    \t\t    <div class=\"builder-contact-field builder-contact-field-message builder-contact-textarea-field\">\n\t\t\t    <label class=\"control-label\" for=\"tb_wy6t410-contact-message\">\n\t\t\t\t\t\t\t\t\t\t\t<em><svg  class=\"tf_fa tf-fas-marker\" xmlns:xlink=\"http:\/\/www.w3.org\/1999\/xlink\" aria-hidden=\"true\"><use href=\"#tf-fas-marker\" xlink:href=\"#tf-fas-marker\"><\/use><\/svg><\/em>\n\t\t\t\t\t\t\t\t\t\t<span class=\"tb-label-span\">Teachdaireachd \/ Message <\/span>\t\t\t\t<\/label>\n\t\t\t    <div class=\"control-input tf_rel\">\n\t\t\t\t    \t\t\t\t\t    <textarea name=\"contact-message\" placeholder=\"\" id=\"tb_wy6t410-contact-message\" class=\"form-control\"><\/textarea>\n\t\t\t\t    \t\t\t\t    \t\t\t    <\/div>\n\t\t<\/div>\n\t    \n\t\t    \t\t\t\t\t\t\t\t\t<div class=\"builder-contact-field builder-contact-field-optin\">\n\t\t\t\t\t<div class=\"control-label\">\n\t\t\t\t\t\t<div class=\"control-input tf_rel\">\n\t\t\t\t\t\t\t<input type=\"hidden\" name=\"contact-optin-provider\" value=\"mailchimp\">\n\t\t\t\t\t\t\t<input type=\"hidden\" name=\"contact-optin-mailchimp_list\" value=\"1ef7eace9e\" \/>\t\t\t\t\t\t\t<label class=\"optin\">\n\t\t\t\t\t\t\t\t<input type=\"checkbox\" name=\"contact-optin\" id=\"tb_wy6t410-optin\" value=\"1\"> Cl\u00e0raich airson an cuairt-litir againn \/ Subscribe to our newsletters\t\t\t\t\t\t\t<\/label>\n\t\t\t\t\t\t<\/div>\n\t\t\t\t\t<\/div>\n\t\t\t\t<\/div>\n\t\t\t\t\t\n\t\t\t\t\t<div class=\"builder-contact-field builder-contact-field-gdpr\">\n\t\t\t\t<div class=\"control-label\">\n\t\t\t\t\t<div class=\"control-input tf_rel\">\n\t\t\t\t\t\t<label class=\"field-gdpr\">\n\t\t\t\t\t\t\t<input type=\"checkbox\" name=\"gdpr\" value=\"1\" required>\n\t\t\t\t\t\t\t<span>Tha mi ag aontachadh gun t\u00e8id an d\u00e0ta a chuir mi a-steach a chruinneachadh agus a st\u00f2radh \/ I consent to my submitted data being collected and stored<\/span>\n\t\t\t\t\t\t\t<span class=\"required\">*<\/span>\n\t\t\t\t\t\t<\/label>\n\t\t\t\t\t<\/div>\n\t\t\t\t<\/div>\n\t\t\t<\/div>\n\t\t\n\t    \n\t    <div class=\"builder-contact-field builder-contact-field-send control-input tf_textl tf_clear tf_rel\">\n\t\t\t<button type=\"submit\" class=\"btn btn-primary\">\n\t\t\t\t<span class=\"tf_loader\"><\/span>\t\t\t\t<span class=\"tf_submit_icon\"><svg  class=\"tf_fa tf-ti-email\" xmlns:xlink=\"http:\/\/www.w3.org\/1999\/xlink\" aria-hidden=\"true\"><use href=\"#tf-ti-email\" xlink:href=\"#tf-ti-email\"><\/use><\/svg><\/span> \n\t\t\t\tCuir \/ Send\t\t\t<\/button>\n\t    <\/div>\n\t<\/div>\n    <\/form>\n    <\/div>\n<!-- \/module contact -->\n        <\/div>\n                        <\/div>\n        <\/div>\n        <\/div>\n<!--\/themify_builder_content-->","protected":false},"excerpt":{"rendered":"<p>Cuir fios thugainn \/ Contact us Ainm \/ Name * Post-d \/ Email * Cuspair \/ Subject * Teachdaireachd \/ Message Cl\u00e0raich airson an cuairt-litir againn \/ Subscribe to our newsletters Tha mi ag aontachadh gun t\u00e8id an d\u00e0ta a chuir mi a-steach a chruinneachadh agus a st\u00f2radh \/ I consent to my submitted data [&hellip;]<\/p>\n","protected":false},"author":1,"featured_media":0,"parent":0,"menu_order":0,"comment_status":"closed","ping_status":"closed","template":"","meta":{"footnotes":""},"class_list":["post-8293","page","type-page","status-publish","hentry","has-post-title","has-post-date","has-post-category","has-post-tag","has-post-comment","has-post-author",""],"builder_content":"<h1>Cuir fios thugainn \/ Contact us<\/h1>\n<form id=\"tb_wy6t410-form\" method=\"post\" data-post-id=\"0\" data-element-id=\"wy6t410\" data-orig-id=\"8293\" > <input type=\"hidden\" id=\"bc_nonce\" name=\"bc_nonce\" value=\"e2a728ed4f\" \/><input type=\"hidden\" name=\"_wp_http_referer\" value=\"\/fileanta\/wp-json\/wp\/v2\/pages\/8293\" \/> <label for=\"tb_wy6t410-contact-name\"> <em><svg xmlns:xlink=\"http:\/\/www.w3.org\/1999\/xlink\" aria-hidden=\"true\"><use href=\"#tf-fas-person\" xlink:href=\"#tf-fas-person\"><\/use><\/svg><\/em> Ainm \/ Name * <\/label> <input type=\"text\" name=\"contact-name\" placeholder=\"\" id=\"tb_wy6t410-contact-name\" value=\"\" required> <label for=\"tb_wy6t410-contact-email\"> <em><svg xmlns:xlink=\"http:\/\/www.w3.org\/1999\/xlink\" aria-hidden=\"true\"><use href=\"#tf-fas-address-card\" xlink:href=\"#tf-fas-address-card\"><\/use><\/svg><\/em> Post-d \/ Email * <\/label> <input type=\"email\" name=\"contact-email\" placeholder=\"\" id=\"tb_wy6t410-contact-email\" value=\"\" required> <label for=\"tb_wy6t410-contact-subject\"> <em><svg xmlns:xlink=\"http:\/\/www.w3.org\/1999\/xlink\" aria-hidden=\"true\"><use href=\"#tf-fas-book-open\" xlink:href=\"#tf-fas-book-open\"><\/use><\/svg><\/em> Cuspair \/ Subject * <\/label> <input type=\"text\" name=\"contact-subject\" placeholder=\"\" id=\"tb_wy6t410-contact-subject\" value=\"\" required> <label for=\"tb_wy6t410-contact-message\"> <em><svg xmlns:xlink=\"http:\/\/www.w3.org\/1999\/xlink\" aria-hidden=\"true\"><use href=\"#tf-fas-marker\" xlink:href=\"#tf-fas-marker\"><\/use><\/svg><\/em> Teachdaireachd \/ Message <\/label> <textarea name=\"contact-message\" placeholder=\"\" id=\"tb_wy6t410-contact-message\"><\/textarea> <input type=\"hidden\" name=\"contact-optin-provider\" value=\"mailchimp\"> <input type=\"hidden\" name=\"contact-optin-mailchimp_list\" value=\"1ef7eace9e\" \/> <label> <input type=\"checkbox\" name=\"contact-optin\" id=\"tb_wy6t410-optin\" value=\"1\"> Cl\u00e0raich airson an cuairt-litir againn \/ Subscribe to our newsletters <\/label> <label> <input type=\"checkbox\" name=\"gdpr\" value=\"1\" required> Tha mi ag aontachadh gun t\u00e8id an d\u00e0ta a chuir mi a-steach a chruinneachadh agus a st\u00f2radh \/ I consent to my submitted data being collected and stored * <\/label> <button type=\"submit\"> <svg xmlns:xlink=\"http:\/\/www.w3.org\/1999\/xlink\" aria-hidden=\"true\"><use href=\"#tf-ti-email\" xlink:href=\"#tf-ti-email\"><\/use><\/svg> Cuir \/ Send <\/button> <\/form>","_links":{"self":[{"href":"https:\/\/www.storlann.co.uk\/fileanta\/wp-json\/wp\/v2\/pages\/8293","targetHints":{"allow":["GET"]}}],"collection":[{"href":"https:\/\/www.storlann.co.uk\/fileanta\/wp-json\/wp\/v2\/pages"}],"about":[{"href":"https:\/\/www.storlann.co.uk\/fileanta\/wp-json\/wp\/v2\/types\/page"}],"author":[{"embeddable":true,"href":"https:\/\/www.storlann.co.uk\/fileanta\/wp-json\/wp\/v2\/users\/1"}],"replies":[{"embeddable":true,"href":"https:\/\/www.storlann.co.uk\/fileanta\/wp-json\/wp\/v2\/comments?post=8293"}],"version-history":[{"count":0,"href":"https:\/\/www.storlann.co.uk\/fileanta\/wp-json\/wp\/v2\/pages\/8293\/revisions"}],"wp:attachment":[{"href":"https:\/\/www.storlann.co.uk\/fileanta\/wp-json\/wp\/v2\/media?parent=8293"}],"curies":[{"name":"wp","href":"https:\/\/api.w.org\/{rel}","templated":true}]}}