{"id":521,"date":"2018-12-13T16:32:24","date_gmt":"2018-12-13T16:32:24","guid":{"rendered":"https:\/\/www.storlann.co.uk\/iolaire\/?page_id=521"},"modified":"2018-12-18T15:14:43","modified_gmt":"2018-12-18T15:14:43","slug":"comiclife-feineag-seoladair","status":"publish","type":"page","link":"https:\/\/www.storlann.co.uk\/iolaire\/comiclife-feineag-seoladair\/","title":{"rendered":"Gn\u00ecomh \u2013 Comic Life \u2013 f\u00e8ineag se\u00f2ladair"},"content":{"rendered":"<p><\/p>\n\n\n<p><\/p>\n<!--themify_builder_content-->\n<div id=\"themify_builder_content-521\" data-postid=\"521\" class=\"themify_builder_content themify_builder_content-521 themify_builder tf_clear\">\n                    <div  data-lazy=\"1\" class=\"module_row themify_builder_row tb_d68634c tb_first tf_w\">\n                        <div class=\"row_inner col_align_top tb_col_count_1 tf_box tf_rel\">\n                        <div  data-lazy=\"1\" class=\"module_column tb-column col-full tb_bd24014 first\">\n                    <!-- module text -->\n<div  class=\"module module-text tb_ceb15c6  repeat \" data-lazy=\"1\">\n        <div  class=\"tb_text_wrap\">\n        <div style=\\\"float: right; margin: 5px; margin-left: 20px; border: 5px #f5f5f5 solid;\\\"><img class=\\\"alignnone size-medium wp-image-672\\\" src=\\\"https:\/\/www.storlann.co.uk\/iolaire\/wp-content\/uploads\/2018\/12\/SailorSelfiePreview-212x300.png\\\" alt=\\\"\\\" width=\\\"212\\\" height=\\\"300\\\" \/><\/div>\n<h2>Gn\u00ecomh \u2013 Comic Life \u2013 f\u00e8ineag se\u00f2ladair<\/h2>\n<p>Cleachd Comic Life gus postair f\u00e8ineag se\u00f2ladair a chruthachadh.<br \/><a href=\\\"http:\/\/plasq.com\/apps\/comiclife\/macwin\/\\\" target=\\\"_blank\\\" rel=\\\"noopener\\\">Luchdaich a-nuas PlasQ Comic Life an seo<\/a><\/p>\n<div style=\\\"clear: both;\\\">\u00a0<\/div>\n<p><strong>Na faidhlichean a dh\u2019fheumas tu airson a\u2019 ghn\u00ecomh seo:<\/strong><br \/><\/p>\n<p><strong>Bhidio goirid a\u2019 sealltainn mar a chleachdas tu Comic Life:<\/strong><\/p>\n    <\/div>\n<\/div>\n<!-- \/module text --><!-- module video -->\n<div  class=\"module module-video tb_dd5f038 video-top  \" data-lazy=\"1\">\n                    <div class=\"video-wrap-outer\" style=\"max-width:700px\">\n            <div class=\"video-wrap tf_rel tf_overflow\">\n                                    <noscript><iframe data-no-script src=\"https:\/\/player.vimeo.com\/video\/306399320?h=&#038;pip=1&#038;playsinline=1&#038;portrait=0&#038;title=0&#038;byline=0\" allow=\"fullscreen\" class=\"tf_abs tf_w tf_h\"><\/iframe><\/noscript>\n                                <\/div>\n            <!-- \/video-wrap -->\n        <\/div>\n        <!-- \/video-wrap-outer -->\n            <\/div>\n        <\/div>\n                        <\/div>\n        <\/div>\n        <\/div>\n<!--\/themify_builder_content-->","protected":false},"excerpt":{"rendered":"<p>Gn\u00ecomh \u2013 Comic Life \u2013 f\u00e8ineag se\u00f2ladair Cleachd Comic Life gus postair f\u00e8ineag se\u00f2ladair a chruthachadh.Luchdaich a-nuas PlasQ Comic Life an seo \u00a0 Na faidhlichean a dh\u2019fheumas tu airson a\u2019 ghn\u00ecomh seo: Bhidio goirid a\u2019 sealltainn mar a chleachdas tu Comic Life:<\/p>\n","protected":false},"author":1,"featured_media":0,"parent":0,"menu_order":0,"comment_status":"closed","ping_status":"closed","template":"","meta":{"inline_featured_image":false,"jetpack_post_was_ever_published":false,"footnotes":""},"class_list":["post-521","page","type-page","status-publish","hentry","has-post-title","has-post-date","has-post-category","has-post-tag","has-post-comment","has-post-author",""],"yoast_head":"<!-- This site is optimized with the Yoast SEO plugin v27.3 - https:\/\/yoast.com\/product\/yoast-seo-wordpress\/ -->\n<title>Gn\u00ecomh \u2013 Comic Life \u2013 f\u00e8ineag se\u00f2ladair - An Iolaire<\/title>\n<meta name=\"robots\" content=\"index, follow, max-snippet:-1, max-image-preview:large, max-video-preview:-1\" \/>\n<link rel=\"canonical\" href=\"https:\/\/www.storlann.co.uk\/iolaire\/comiclife-feineag-seoladair\/\" \/>\n<meta property=\"og:locale\" content=\"en_GB\" \/>\n<meta property=\"og:type\" content=\"article\" \/>\n<meta property=\"og:title\" content=\"Gn\u00ecomh \u2013 Comic Life \u2013 f\u00e8ineag se\u00f2ladair - An Iolaire\" \/>\n<meta property=\"og:description\" content=\"Gn\u00ecomh \u2013 Comic Life \u2013 f\u00e8ineag se\u00f2ladair Cleachd Comic Life gus postair f\u00e8ineag se\u00f2ladair a chruthachadh.Luchdaich a-nuas PlasQ Comic Life an seo \u00a0 Na faidhlichean a dh\u2019fheumas tu airson a\u2019 ghn\u00ecomh seo: Bhidio goirid a\u2019 sealltainn mar a chleachdas tu Comic Life:\" \/>\n<meta property=\"og:url\" content=\"https:\/\/www.storlann.co.uk\/iolaire\/comiclife-feineag-seoladair\/\" \/>\n<meta property=\"og:site_name\" content=\"An Iolaire\" \/>\n<meta property=\"article:publisher\" content=\"https:\/\/business.facebook.com\/storlann\/\" \/>\n<meta property=\"article:modified_time\" content=\"2018-12-18T15:14:43+00:00\" \/>\n<meta property=\"og:image\" content=\"https:\/\/www.storlann.co.uk\/iolaire\/wp-content\/uploads\/2018\/12\/SailorSelfiePreview-212x300.png\" \/>\n<meta name=\"twitter:card\" content=\"summary_large_image\" \/>\n<meta name=\"twitter:site\" content=\"@storlann\" \/>\n<script type=\"application\/ld+json\" class=\"yoast-schema-graph\">{\"@context\":\"https:\\\/\\\/schema.org\",\"@graph\":[{\"@type\":\"WebPage\",\"@id\":\"https:\\\/\\\/www.storlann.co.uk\\\/iolaire\\\/comiclife-feineag-seoladair\\\/\",\"url\":\"https:\\\/\\\/www.storlann.co.uk\\\/iolaire\\\/comiclife-feineag-seoladair\\\/\",\"name\":\"Gn\u00ecomh \u2013 Comic Life \u2013 f\u00e8ineag se\u00f2ladair - An Iolaire\",\"isPartOf\":{\"@id\":\"https:\\\/\\\/www.storlann.co.uk\\\/iolaire\\\/#website\"},\"primaryImageOfPage\":{\"@id\":\"https:\\\/\\\/www.storlann.co.uk\\\/iolaire\\\/comiclife-feineag-seoladair\\\/#primaryimage\"},\"image\":{\"@id\":\"https:\\\/\\\/www.storlann.co.uk\\\/iolaire\\\/comiclife-feineag-seoladair\\\/#primaryimage\"},\"thumbnailUrl\":\"https:\\\/\\\/www.storlann.co.uk\\\/iolaire\\\/wp-content\\\/uploads\\\/2018\\\/12\\\/SailorSelfiePreview-212x300.png\",\"datePublished\":\"2018-12-13T16:32:24+00:00\",\"dateModified\":\"2018-12-18T15:14:43+00:00\",\"breadcrumb\":{\"@id\":\"https:\\\/\\\/www.storlann.co.uk\\\/iolaire\\\/comiclife-feineag-seoladair\\\/#breadcrumb\"},\"inLanguage\":\"en-GB\",\"potentialAction\":[{\"@type\":\"ReadAction\",\"target\":[\"https:\\\/\\\/www.storlann.co.uk\\\/iolaire\\\/comiclife-feineag-seoladair\\\/\"]}]},{\"@type\":\"ImageObject\",\"inLanguage\":\"en-GB\",\"@id\":\"https:\\\/\\\/www.storlann.co.uk\\\/iolaire\\\/comiclife-feineag-seoladair\\\/#primaryimage\",\"url\":\"https:\\\/\\\/i0.wp.com\\\/www.storlann.co.uk\\\/iolaire\\\/wp-content\\\/uploads\\\/2018\\\/12\\\/SailorSelfiePreview.png?fit=459%2C650&ssl=1\",\"contentUrl\":\"https:\\\/\\\/i0.wp.com\\\/www.storlann.co.uk\\\/iolaire\\\/wp-content\\\/uploads\\\/2018\\\/12\\\/SailorSelfiePreview.png?fit=459%2C650&ssl=1\",\"width\":459,\"height\":650},{\"@type\":\"BreadcrumbList\",\"@id\":\"https:\\\/\\\/www.storlann.co.uk\\\/iolaire\\\/comiclife-feineag-seoladair\\\/#breadcrumb\",\"itemListElement\":[{\"@type\":\"ListItem\",\"position\":1,\"name\":\"Home\",\"item\":\"https:\\\/\\\/www.storlann.co.uk\\\/iolaire\\\/\"},{\"@type\":\"ListItem\",\"position\":2,\"name\":\"Gn\u00ecomh \u2013 Comic Life \u2013 f\u00e8ineag se\u00f2ladair\"}]},{\"@type\":\"WebSite\",\"@id\":\"https:\\\/\\\/www.storlann.co.uk\\\/iolaire\\\/#website\",\"url\":\"https:\\\/\\\/www.storlann.co.uk\\\/iolaire\\\/\",\"name\":\"An Iolaire\",\"description\":\"On 1 January 1919 HMY Iolaire struck rocks and sank near the entrance to Stornoway Harbour with the loss of over 200 sailors\",\"publisher\":{\"@id\":\"https:\\\/\\\/www.storlann.co.uk\\\/iolaire\\\/#organization\"},\"potentialAction\":[{\"@type\":\"SearchAction\",\"target\":{\"@type\":\"EntryPoint\",\"urlTemplate\":\"https:\\\/\\\/www.storlann.co.uk\\\/iolaire\\\/?s={search_term_string}\"},\"query-input\":{\"@type\":\"PropertyValueSpecification\",\"valueRequired\":true,\"valueName\":\"search_term_string\"}}],\"inLanguage\":\"en-GB\"},{\"@type\":\"Organization\",\"@id\":\"https:\\\/\\\/www.storlann.co.uk\\\/iolaire\\\/#organization\",\"name\":\"St\u00f2rlann N\u00e0iseanta na G\u00e0idhlig\",\"url\":\"https:\\\/\\\/www.storlann.co.uk\\\/iolaire\\\/\",\"logo\":{\"@type\":\"ImageObject\",\"inLanguage\":\"en-GB\",\"@id\":\"https:\\\/\\\/www.storlann.co.uk\\\/iolaire\\\/#\\\/schema\\\/logo\\\/image\\\/\",\"url\":\"https:\\\/\\\/i1.wp.com\\\/www.storlann.co.uk\\\/iolaire\\\/wp-content\\\/uploads\\\/2018\\\/11\\\/storlann-logo-flat-colour-800px.png?fit=800%2C240&ssl=1\",\"contentUrl\":\"https:\\\/\\\/i1.wp.com\\\/www.storlann.co.uk\\\/iolaire\\\/wp-content\\\/uploads\\\/2018\\\/11\\\/storlann-logo-flat-colour-800px.png?fit=800%2C240&ssl=1\",\"width\":800,\"height\":240,\"caption\":\"St\u00f2rlann N\u00e0iseanta na G\u00e0idhlig\"},\"image\":{\"@id\":\"https:\\\/\\\/www.storlann.co.uk\\\/iolaire\\\/#\\\/schema\\\/logo\\\/image\\\/\"},\"sameAs\":[\"https:\\\/\\\/business.facebook.com\\\/storlann\\\/\",\"https:\\\/\\\/x.com\\\/storlann\"]}]}<\/script>\n<!-- \/ Yoast SEO plugin. -->","yoast_head_json":{"title":"Gn\u00ecomh \u2013 Comic Life \u2013 f\u00e8ineag se\u00f2ladair - An Iolaire","robots":{"index":"index","follow":"follow","max-snippet":"max-snippet:-1","max-image-preview":"max-image-preview:large","max-video-preview":"max-video-preview:-1"},"canonical":"https:\/\/www.storlann.co.uk\/iolaire\/comiclife-feineag-seoladair\/","og_locale":"en_GB","og_type":"article","og_title":"Gn\u00ecomh \u2013 Comic Life \u2013 f\u00e8ineag se\u00f2ladair - An Iolaire","og_description":"Gn\u00ecomh \u2013 Comic Life \u2013 f\u00e8ineag se\u00f2ladair Cleachd Comic Life gus postair f\u00e8ineag se\u00f2ladair a chruthachadh.Luchdaich a-nuas PlasQ Comic Life an seo \u00a0 Na faidhlichean a dh\u2019fheumas tu airson a\u2019 ghn\u00ecomh seo: Bhidio goirid a\u2019 sealltainn mar a chleachdas tu Comic Life:","og_url":"https:\/\/www.storlann.co.uk\/iolaire\/comiclife-feineag-seoladair\/","og_site_name":"An Iolaire","article_publisher":"https:\/\/business.facebook.com\/storlann\/","article_modified_time":"2018-12-18T15:14:43+00:00","og_image":[{"url":"https:\/\/www.storlann.co.uk\/iolaire\/wp-content\/uploads\/2018\/12\/SailorSelfiePreview-212x300.png","type":"","width":"","height":""}],"twitter_card":"summary_large_image","twitter_site":"@storlann","schema":{"@context":"https:\/\/schema.org","@graph":[{"@type":"WebPage","@id":"https:\/\/www.storlann.co.uk\/iolaire\/comiclife-feineag-seoladair\/","url":"https:\/\/www.storlann.co.uk\/iolaire\/comiclife-feineag-seoladair\/","name":"Gn\u00ecomh \u2013 Comic Life \u2013 f\u00e8ineag se\u00f2ladair - An Iolaire","isPartOf":{"@id":"https:\/\/www.storlann.co.uk\/iolaire\/#website"},"primaryImageOfPage":{"@id":"https:\/\/www.storlann.co.uk\/iolaire\/comiclife-feineag-seoladair\/#primaryimage"},"image":{"@id":"https:\/\/www.storlann.co.uk\/iolaire\/comiclife-feineag-seoladair\/#primaryimage"},"thumbnailUrl":"https:\/\/www.storlann.co.uk\/iolaire\/wp-content\/uploads\/2018\/12\/SailorSelfiePreview-212x300.png","datePublished":"2018-12-13T16:32:24+00:00","dateModified":"2018-12-18T15:14:43+00:00","breadcrumb":{"@id":"https:\/\/www.storlann.co.uk\/iolaire\/comiclife-feineag-seoladair\/#breadcrumb"},"inLanguage":"en-GB","potentialAction":[{"@type":"ReadAction","target":["https:\/\/www.storlann.co.uk\/iolaire\/comiclife-feineag-seoladair\/"]}]},{"@type":"ImageObject","inLanguage":"en-GB","@id":"https:\/\/www.storlann.co.uk\/iolaire\/comiclife-feineag-seoladair\/#primaryimage","url":"https:\/\/i0.wp.com\/www.storlann.co.uk\/iolaire\/wp-content\/uploads\/2018\/12\/SailorSelfiePreview.png?fit=459%2C650&ssl=1","contentUrl":"https:\/\/i0.wp.com\/www.storlann.co.uk\/iolaire\/wp-content\/uploads\/2018\/12\/SailorSelfiePreview.png?fit=459%2C650&ssl=1","width":459,"height":650},{"@type":"BreadcrumbList","@id":"https:\/\/www.storlann.co.uk\/iolaire\/comiclife-feineag-seoladair\/#breadcrumb","itemListElement":[{"@type":"ListItem","position":1,"name":"Home","item":"https:\/\/www.storlann.co.uk\/iolaire\/"},{"@type":"ListItem","position":2,"name":"Gn\u00ecomh \u2013 Comic Life \u2013 f\u00e8ineag se\u00f2ladair"}]},{"@type":"WebSite","@id":"https:\/\/www.storlann.co.uk\/iolaire\/#website","url":"https:\/\/www.storlann.co.uk\/iolaire\/","name":"An Iolaire","description":"On 1 January 1919 HMY Iolaire struck rocks and sank near the entrance to Stornoway Harbour with the loss of over 200 sailors","publisher":{"@id":"https:\/\/www.storlann.co.uk\/iolaire\/#organization"},"potentialAction":[{"@type":"SearchAction","target":{"@type":"EntryPoint","urlTemplate":"https:\/\/www.storlann.co.uk\/iolaire\/?s={search_term_string}"},"query-input":{"@type":"PropertyValueSpecification","valueRequired":true,"valueName":"search_term_string"}}],"inLanguage":"en-GB"},{"@type":"Organization","@id":"https:\/\/www.storlann.co.uk\/iolaire\/#organization","name":"St\u00f2rlann N\u00e0iseanta na G\u00e0idhlig","url":"https:\/\/www.storlann.co.uk\/iolaire\/","logo":{"@type":"ImageObject","inLanguage":"en-GB","@id":"https:\/\/www.storlann.co.uk\/iolaire\/#\/schema\/logo\/image\/","url":"https:\/\/i1.wp.com\/www.storlann.co.uk\/iolaire\/wp-content\/uploads\/2018\/11\/storlann-logo-flat-colour-800px.png?fit=800%2C240&ssl=1","contentUrl":"https:\/\/i1.wp.com\/www.storlann.co.uk\/iolaire\/wp-content\/uploads\/2018\/11\/storlann-logo-flat-colour-800px.png?fit=800%2C240&ssl=1","width":800,"height":240,"caption":"St\u00f2rlann N\u00e0iseanta na G\u00e0idhlig"},"image":{"@id":"https:\/\/www.storlann.co.uk\/iolaire\/#\/schema\/logo\/image\/"},"sameAs":["https:\/\/business.facebook.com\/storlann\/","https:\/\/x.com\/storlann"]}]}},"jetpack_sharing_enabled":true,"jetpack_shortlink":"https:\/\/wp.me\/ParUmM-8p","builder_content":"<img class=\\\"alignnone size-medium wp-image-672\\\" src=\\\"https:\/\/www.storlann.co.uk\/iolaire\/wp-content\/uploads\/2018\/12\/SailorSelfiePreview-212x300.png\\\" alt=\\\"\\\" width=\\\"212\\\" height=\\\"300\\\" \/> <h2>Gn\u00ecomh \u2013 Comic Life \u2013 f\u00e8ineag se\u00f2ladair<\/h2> <p>Cleachd Comic Life gus postair f\u00e8ineag se\u00f2ladair a chruthachadh.<br \/><a href=\\\"http:\/\/plasq.com\/apps\/comiclife\/macwin\/\\\" target=\\\"_blank\\\" rel=\\\"noopener\\\">Luchdaich a-nuas PlasQ Comic Life an seo<\/a><\/p> \u00a0 <p><strong>Na faidhlichean a dh\u2019fheumas tu airson a\u2019 ghn\u00ecomh seo:<\/strong><br \/>[wpdm_package id=\\'748\\']<\/p> <p><strong>Bhidio goirid a\u2019 sealltainn mar a chleachdas tu Comic Life:<\/strong><\/p>\n[embed]https:\/\/vimeo.com\/306399320[\/embed]","_links":{"self":[{"href":"https:\/\/www.storlann.co.uk\/iolaire\/wp-json\/wp\/v2\/pages\/521","targetHints":{"allow":["GET"]}}],"collection":[{"href":"https:\/\/www.storlann.co.uk\/iolaire\/wp-json\/wp\/v2\/pages"}],"about":[{"href":"https:\/\/www.storlann.co.uk\/iolaire\/wp-json\/wp\/v2\/types\/page"}],"author":[{"embeddable":true,"href":"https:\/\/www.storlann.co.uk\/iolaire\/wp-json\/wp\/v2\/users\/1"}],"replies":[{"embeddable":true,"href":"https:\/\/www.storlann.co.uk\/iolaire\/wp-json\/wp\/v2\/comments?post=521"}],"version-history":[{"count":0,"href":"https:\/\/www.storlann.co.uk\/iolaire\/wp-json\/wp\/v2\/pages\/521\/revisions"}],"wp:attachment":[{"href":"https:\/\/www.storlann.co.uk\/iolaire\/wp-json\/wp\/v2\/media?parent=521"}],"curies":[{"name":"wp","href":"https:\/\/api.w.org\/{rel}","templated":true}]}}